{"id":17624,"date":"2026-02-27T00:35:52","date_gmt":"2026-02-27T00:35:52","guid":{"rendered":"https:\/\/nordicmart.andreevmaster.com\/product\/tva-kortlekar-i-en-lada-av-harts-51668\/"},"modified":"2026-02-27T08:25:20","modified_gmt":"2026-02-27T08:25:20","slug":"tva-kortlekar-i-en-lada-av-harts-51668","status":"publish","type":"product","link":"https:\/\/nordicmart.andreevmaster.com\/sv\/produkt\/tva-kortlekar-i-en-lada-av-harts-51668\/","title":{"rendered":"Tv\u00e5 kortlekar i en l\u00e5da av harts &#8211; 51668"},"content":{"rendered":"<p>Tv\u00e5 kortlekar i en l\u00e5da av harts &#8211; 51668&nbsp;&nbsp;&nbsp;Letar du efter en snygg och praktisk present till en spelare? Denna upps\u00e4ttning med tv\u00e5 kortlekar i en dekorativ l\u00e5da av harts \u00e4r det perfekta valet! &nbsp;Det \u00e4r en praktisk och snygg present som garanterat kommer att uppskattas av alla som \u00e4lskar kortspel. Den originella designen p\u00e5 plastl\u00e5dan g\u00f6r setet inte bara till en praktisk produkt, utan ocks\u00e5 till en dekoration f\u00f6r alla interi\u00f6rer. B\u00e5de korten och l\u00e5dan \u00e4r tillverkade av h\u00f6gkvalitativa material&nbsp;&nbsp;Produktinformation:&nbsp;L\u00e5dans m\u00e5tt: 15 x 11,75 x 4 cmSetet inneh\u00e5ller tv\u00e5 standardkortlekar och en elegant l\u00e5daPlastl\u00e5da dekorerad med ess-symbol&nbsp;<\/p>\n","protected":false},"excerpt":{"rendered":"<p>Tv\u00e5 kortlekar i en l\u00e5da av harts &#8211; 51668&nbsp;&nbsp;&nbsp;Letar du efter en snygg och praktisk present till en spelare? Denna upps\u00e4ttning med tv\u00e5 kortlekar i en dekorativ l\u00e5da av harts \u00e4r det perfekta valet! &nbsp;Det \u00e4r en praktisk och snygg present som garanterat kommer att uppskattas av alla som \u00e4lskar kortspel. Den originella designen p\u00e5 [&hellip;]<\/p>\n","protected":false},"featured_media":44943,"comment_status":"open","ping_status":"closed","template":"","meta":[],"product_brand":[],"product_cat":[33],"product_tag":[],"class_list":{"0":"post-17624","1":"product","2":"type-product","3":"status-publish","4":"has-post-thumbnail","6":"product_cat-okategoriserad","8":"first","9":"instock","10":"shipping-taxable","11":"purchasable","12":"product-type-simple"},"_links":{"self":[{"href":"https:\/\/nordicmart.andreevmaster.com\/sv\/wp-json\/wp\/v2\/product\/17624","targetHints":{"allow":["GET"]}}],"collection":[{"href":"https:\/\/nordicmart.andreevmaster.com\/sv\/wp-json\/wp\/v2\/product"}],"about":[{"href":"https:\/\/nordicmart.andreevmaster.com\/sv\/wp-json\/wp\/v2\/types\/product"}],"replies":[{"embeddable":true,"href":"https:\/\/nordicmart.andreevmaster.com\/sv\/wp-json\/wp\/v2\/comments?post=17624"}],"wp:featuredmedia":[{"embeddable":true,"href":"https:\/\/nordicmart.andreevmaster.com\/sv\/wp-json\/wp\/v2\/media\/44943"}],"wp:attachment":[{"href":"https:\/\/nordicmart.andreevmaster.com\/sv\/wp-json\/wp\/v2\/media?parent=17624"}],"wp:term":[{"taxonomy":"product_brand","embeddable":true,"href":"https:\/\/nordicmart.andreevmaster.com\/sv\/wp-json\/wp\/v2\/product_brand?post=17624"},{"taxonomy":"product_cat","embeddable":true,"href":"https:\/\/nordicmart.andreevmaster.com\/sv\/wp-json\/wp\/v2\/product_cat?post=17624"},{"taxonomy":"product_tag","embeddable":true,"href":"https:\/\/nordicmart.andreevmaster.com\/sv\/wp-json\/wp\/v2\/product_tag?post=17624"}],"curies":[{"name":"wp","href":"https:\/\/api.w.org\/{rel}","templated":true}]}}