{"id":17623,"date":"2026-02-27T00:35:52","date_gmt":"2026-02-27T00:35:52","guid":{"rendered":"https:\/\/nordicmart.andreevmaster.com\/product\/tic-tac-toe-pa-marmorsockel-1598\/"},"modified":"2026-02-27T08:25:20","modified_gmt":"2026-02-27T08:25:20","slug":"tic-tac-toe-pa-marmorsockel-1598","status":"publish","type":"product","link":"https:\/\/nordicmart.andreevmaster.com\/sv\/produkt\/tic-tac-toe-pa-marmorsockel-1598\/","title":{"rendered":"Tic-tac-toe p\u00e5 marmorsockel &#8211; 1598"},"content":{"rendered":"<p>Tic-tac-toe p\u00e5 marmorsockel &#8211; 1598&nbsp;&nbsp;&nbsp;Tic-tac-toe p\u00e5 marmorsockel \u00e4r en elegant version av det klassiska strategispelet som var popul\u00e4rt under barndomen. Guldf\u00e4rgade cirklar och kors gjorda av m\u00e4ssing. Detta traditionella spel i en s\u00e5dan design kan vara en originell present som tillf\u00e4lligt tar mottagaren tillbaka till ungdoms\u00e5ren.&nbsp;Tre i rad i denna version kommer att se bra ut p\u00e5 skrivbordet. Marmorsockel och gulddetaljer \u00e4r en kombination som visar precis r\u00e4tt m\u00e4ngd elegans. Tack vare detta kan produkten ocks\u00e5 vara ett intressant dekorativt element i rum med glamour\u00f6s och modern stil.&nbsp;&nbsp;Produktinformation:&nbsp;M\u00e5tt: 14 x 14 cmMaterial: marmor, m\u00e4ssingTidl\u00f6st traditionellt spel i en elegant utg\u00e5va&nbsp;&nbsp;Observera!&nbsp;Denna produkt \u00e4r inte en leksak och \u00e4r inte l\u00e4mplig f\u00f6r barn under 14 \u00e5r.&nbsp;<\/p>\n","protected":false},"excerpt":{"rendered":"<p>Tic-tac-toe p\u00e5 marmorsockel &#8211; 1598&nbsp;&nbsp;&nbsp;Tic-tac-toe p\u00e5 marmorsockel \u00e4r en elegant version av det klassiska strategispelet som var popul\u00e4rt under barndomen. Guldf\u00e4rgade cirklar och kors gjorda av m\u00e4ssing. Detta traditionella spel i en s\u00e5dan design kan vara en originell present som tillf\u00e4lligt tar mottagaren tillbaka till ungdoms\u00e5ren.&nbsp;Tre i rad i denna version kommer att se bra [&hellip;]<\/p>\n","protected":false},"featured_media":44942,"comment_status":"open","ping_status":"closed","template":"","meta":[],"product_brand":[],"product_cat":[33],"product_tag":[],"class_list":{"0":"post-17623","1":"product","2":"type-product","3":"status-publish","4":"has-post-thumbnail","6":"product_cat-okategoriserad","8":"first","9":"instock","10":"shipping-taxable","11":"purchasable","12":"product-type-simple"},"_links":{"self":[{"href":"https:\/\/nordicmart.andreevmaster.com\/sv\/wp-json\/wp\/v2\/product\/17623","targetHints":{"allow":["GET"]}}],"collection":[{"href":"https:\/\/nordicmart.andreevmaster.com\/sv\/wp-json\/wp\/v2\/product"}],"about":[{"href":"https:\/\/nordicmart.andreevmaster.com\/sv\/wp-json\/wp\/v2\/types\/product"}],"replies":[{"embeddable":true,"href":"https:\/\/nordicmart.andreevmaster.com\/sv\/wp-json\/wp\/v2\/comments?post=17623"}],"wp:featuredmedia":[{"embeddable":true,"href":"https:\/\/nordicmart.andreevmaster.com\/sv\/wp-json\/wp\/v2\/media\/44942"}],"wp:attachment":[{"href":"https:\/\/nordicmart.andreevmaster.com\/sv\/wp-json\/wp\/v2\/media?parent=17623"}],"wp:term":[{"taxonomy":"product_brand","embeddable":true,"href":"https:\/\/nordicmart.andreevmaster.com\/sv\/wp-json\/wp\/v2\/product_brand?post=17623"},{"taxonomy":"product_cat","embeddable":true,"href":"https:\/\/nordicmart.andreevmaster.com\/sv\/wp-json\/wp\/v2\/product_cat?post=17623"},{"taxonomy":"product_tag","embeddable":true,"href":"https:\/\/nordicmart.andreevmaster.com\/sv\/wp-json\/wp\/v2\/product_tag?post=17623"}],"curies":[{"name":"wp","href":"https:\/\/api.w.org\/{rel}","templated":true}]}}