{"id":17622,"date":"2026-02-27T00:35:51","date_gmt":"2026-02-27T00:35:51","guid":{"rendered":"https:\/\/nordicmart.andreevmaster.com\/product\/pegasus-dekorativ-aluminiumfigur-pa-stal-och-trabas-ni9935\/"},"modified":"2026-02-27T08:25:20","modified_gmt":"2026-02-27T08:25:20","slug":"pegasus-dekorativ-aluminiumfigur-pa-stal-och-trabas-ni9935","status":"publish","type":"product","link":"https:\/\/nordicmart.andreevmaster.com\/sv\/produkt\/pegasus-dekorativ-aluminiumfigur-pa-stal-och-trabas-ni9935\/","title":{"rendered":"Pegasus &#8211; dekorativ aluminiumfigur p\u00e5 st\u00e5l- och tr\u00e4bas &#8211; NI9935"},"content":{"rendered":"<p>Pegasus \u2013 dekorativ aluminiumfigur p\u00e5 en bas av st\u00e5l och tr\u00e4 \u2013 NI9935&nbsp;&nbsp;Letar du efter en stilren och modern dekoration till ditt hem? D\u00e5 \u00e4r Pegasus-figuren det perfekta valet! Den eleganta kombinationen av aluminium och tr\u00e4 ger karakt\u00e4r \u00e5t vilket rum som helst.&nbsp;Pegasus passar perfekt i moderna, minimalistiska interi\u00f6rer, men ocks\u00e5 i mer klassiska inredningar. Den blir en vacker accent p\u00e5 en byr\u00e5, en hylla eller ett skrivbord.&nbsp;Pegasus-figuren \u00e4r ocks\u00e5 en utm\u00e4rkt presentid\u00e9 f\u00f6r alla som \u00e4lskar h\u00e4star, grekisk mytologi eller helt enkelt vackra f\u00f6rem\u00e5l. Pegasus \u00e4r en fascinerande varelse som har inspirerat m\u00e4nniskor \u00f6ver hela v\u00e4rlden i \u00e5rhundraden. Den \u00e4r en symbol f\u00f6r m\u00e5nga v\u00e4rden, s\u00e5som inspiration, poesi, konst och frihet.&nbsp;&nbsp;Produktinformation:&nbsp;M\u00e5tt: 27,5 x 16 x 36 cmMaterial: aluminiumfigur, st\u00e5l- och tr\u00e4basF\u00e4rg: silver, svart basH\u00f6gkvalitativt hantverkElegant dekoration&nbsp;<\/p>\n","protected":false},"excerpt":{"rendered":"<p>Pegasus \u2013 dekorativ aluminiumfigur p\u00e5 en bas av st\u00e5l och tr\u00e4 \u2013 NI9935&nbsp;&nbsp;Letar du efter en stilren och modern dekoration till ditt hem? D\u00e5 \u00e4r Pegasus-figuren det perfekta valet! Den eleganta kombinationen av aluminium och tr\u00e4 ger karakt\u00e4r \u00e5t vilket rum som helst.&nbsp;Pegasus passar perfekt i moderna, minimalistiska interi\u00f6rer, men ocks\u00e5 i mer klassiska inredningar. [&hellip;]<\/p>\n","protected":false},"featured_media":44941,"comment_status":"open","ping_status":"closed","template":"","meta":[],"product_brand":[],"product_cat":[33],"product_tag":[],"class_list":{"0":"post-17622","1":"product","2":"type-product","3":"status-publish","4":"has-post-thumbnail","6":"product_cat-okategoriserad","8":"first","9":"instock","10":"shipping-taxable","11":"purchasable","12":"product-type-simple"},"_links":{"self":[{"href":"https:\/\/nordicmart.andreevmaster.com\/sv\/wp-json\/wp\/v2\/product\/17622","targetHints":{"allow":["GET"]}}],"collection":[{"href":"https:\/\/nordicmart.andreevmaster.com\/sv\/wp-json\/wp\/v2\/product"}],"about":[{"href":"https:\/\/nordicmart.andreevmaster.com\/sv\/wp-json\/wp\/v2\/types\/product"}],"replies":[{"embeddable":true,"href":"https:\/\/nordicmart.andreevmaster.com\/sv\/wp-json\/wp\/v2\/comments?post=17622"}],"wp:featuredmedia":[{"embeddable":true,"href":"https:\/\/nordicmart.andreevmaster.com\/sv\/wp-json\/wp\/v2\/media\/44941"}],"wp:attachment":[{"href":"https:\/\/nordicmart.andreevmaster.com\/sv\/wp-json\/wp\/v2\/media?parent=17622"}],"wp:term":[{"taxonomy":"product_brand","embeddable":true,"href":"https:\/\/nordicmart.andreevmaster.com\/sv\/wp-json\/wp\/v2\/product_brand?post=17622"},{"taxonomy":"product_cat","embeddable":true,"href":"https:\/\/nordicmart.andreevmaster.com\/sv\/wp-json\/wp\/v2\/product_cat?post=17622"},{"taxonomy":"product_tag","embeddable":true,"href":"https:\/\/nordicmart.andreevmaster.com\/sv\/wp-json\/wp\/v2\/product_tag?post=17622"}],"curies":[{"name":"wp","href":"https:\/\/api.w.org\/{rel}","templated":true}]}}