{"id":17621,"date":"2026-02-27T00:35:51","date_gmt":"2026-02-27T00:35:51","guid":{"rendered":"https:\/\/nordicmart.andreevmaster.com\/product\/vacker-hast-aluminiumfigur-pa-trabas-ni9537\/"},"modified":"2026-02-27T08:25:19","modified_gmt":"2026-02-27T08:25:19","slug":"vacker-hast-aluminiumfigur-pa-trabas-ni9537","status":"publish","type":"product","link":"https:\/\/nordicmart.andreevmaster.com\/sv\/produkt\/vacker-hast-aluminiumfigur-pa-trabas-ni9537\/","title":{"rendered":"Vacker h\u00e4st \u2013 aluminiumfigur p\u00e5 tr\u00e4bas NI9537"},"content":{"rendered":"<p>Vacker h\u00e4st \u2013 aluminiumfigur p\u00e5 tr\u00e4bas NI9537&nbsp;&nbsp;Vacker elegant figur av en h\u00e4st p\u00e5 tr\u00e4bas. En dekorativ detalj som kompletterar ett rum i glamour-, retro- eller loftstil. &nbsp;Den \u00e4r perfekt som en elegant, tidl\u00f6s present.&nbsp;&nbsp;Produktinformation:&nbsp;M\u00e5tt: 27,5 x 15 x 27,5 cmMaterial: aluminium, tr\u00e4F\u00e4rg: guld, brun&nbsp;<\/p>\n","protected":false},"excerpt":{"rendered":"<p>Vacker h\u00e4st \u2013 aluminiumfigur p\u00e5 tr\u00e4bas NI9537&nbsp;&nbsp;Vacker elegant figur av en h\u00e4st p\u00e5 tr\u00e4bas. En dekorativ detalj som kompletterar ett rum i glamour-, retro- eller loftstil. &nbsp;Den \u00e4r perfekt som en elegant, tidl\u00f6s present.&nbsp;&nbsp;Produktinformation:&nbsp;M\u00e5tt: 27,5 x 15 x 27,5 cmMaterial: aluminium, tr\u00e4F\u00e4rg: guld, brun&nbsp;<\/p>\n","protected":false},"featured_media":44940,"comment_status":"open","ping_status":"closed","template":"","meta":[],"product_brand":[],"product_cat":[33],"product_tag":[],"class_list":{"0":"post-17621","1":"product","2":"type-product","3":"status-publish","4":"has-post-thumbnail","6":"product_cat-okategoriserad","8":"first","9":"instock","10":"shipping-taxable","11":"purchasable","12":"product-type-simple"},"_links":{"self":[{"href":"https:\/\/nordicmart.andreevmaster.com\/sv\/wp-json\/wp\/v2\/product\/17621","targetHints":{"allow":["GET"]}}],"collection":[{"href":"https:\/\/nordicmart.andreevmaster.com\/sv\/wp-json\/wp\/v2\/product"}],"about":[{"href":"https:\/\/nordicmart.andreevmaster.com\/sv\/wp-json\/wp\/v2\/types\/product"}],"replies":[{"embeddable":true,"href":"https:\/\/nordicmart.andreevmaster.com\/sv\/wp-json\/wp\/v2\/comments?post=17621"}],"wp:featuredmedia":[{"embeddable":true,"href":"https:\/\/nordicmart.andreevmaster.com\/sv\/wp-json\/wp\/v2\/media\/44940"}],"wp:attachment":[{"href":"https:\/\/nordicmart.andreevmaster.com\/sv\/wp-json\/wp\/v2\/media?parent=17621"}],"wp:term":[{"taxonomy":"product_brand","embeddable":true,"href":"https:\/\/nordicmart.andreevmaster.com\/sv\/wp-json\/wp\/v2\/product_brand?post=17621"},{"taxonomy":"product_cat","embeddable":true,"href":"https:\/\/nordicmart.andreevmaster.com\/sv\/wp-json\/wp\/v2\/product_cat?post=17621"},{"taxonomy":"product_tag","embeddable":true,"href":"https:\/\/nordicmart.andreevmaster.com\/sv\/wp-json\/wp\/v2\/product_tag?post=17621"}],"curies":[{"name":"wp","href":"https:\/\/api.w.org\/{rel}","templated":true}]}}