{"id":17620,"date":"2026-02-27T00:35:51","date_gmt":"2026-02-27T00:35:51","guid":{"rendered":"https:\/\/nordicmart.andreevmaster.com\/product\/evighetskalender-massing-och-tra-ni1415\/"},"modified":"2026-02-27T08:25:19","modified_gmt":"2026-02-27T08:25:19","slug":"evighetskalender-massing-och-tra-ni1415","status":"publish","type":"product","link":"https:\/\/nordicmart.andreevmaster.com\/sv\/produkt\/evighetskalender-massing-och-tra-ni1415\/","title":{"rendered":"Evighetskalender \u2013 M\u00e4ssing och tr\u00e4 \u2013 NI1415"},"content":{"rendered":"<p>Evighetskalender \u2013 m\u00e4ssing och tr\u00e4 \u2013 NI1415&nbsp;&nbsp;&nbsp;Med evighetskalendern kan du avg\u00f6ra vilken veckodag som infaller p\u00e5 en viss dag under kommande \u00e5r. Detta \u00e4r m\u00f6jligt tack vare den r\u00f6rliga kalenderratten. F\u00f6r att kontrollera vilken veckodag ett visst datum infaller p\u00e5, st\u00e4ll in \u00f6nskat \u00e5r ovanf\u00f6r motsvarande m\u00e5nad. Den veckodag du s\u00f6ker visas i f\u00f6nstret.&nbsp;Kalendern f\u00f6r \u00e5r \u00e4r en rolig och elegant pryl f\u00f6r chefer, evenemangsplanerare eller astrologer. Den hj\u00e4lper till att st\u00e4lla in datumet och kan vid behov fungera som brevpress.&nbsp;&nbsp;Produktinformation:&nbsp;Material: tr\u00e4, m\u00e4ssingF\u00e4rg: brun, guldM\u00e5tt: 7,5 x 3,5 cm&nbsp;Den eviga kalendern fungerar bra som:&nbsp;Gadget f\u00f6r en astrologPresent till chefenPresent till en evenemangsplanerareBrevpress&nbsp;<\/p>\n","protected":false},"excerpt":{"rendered":"<p>Evighetskalender \u2013 m\u00e4ssing och tr\u00e4 \u2013 NI1415&nbsp;&nbsp;&nbsp;Med evighetskalendern kan du avg\u00f6ra vilken veckodag som infaller p\u00e5 en viss dag under kommande \u00e5r. Detta \u00e4r m\u00f6jligt tack vare den r\u00f6rliga kalenderratten. F\u00f6r att kontrollera vilken veckodag ett visst datum infaller p\u00e5, st\u00e4ll in \u00f6nskat \u00e5r ovanf\u00f6r motsvarande m\u00e5nad. Den veckodag du s\u00f6ker visas i f\u00f6nstret.&nbsp;Kalendern f\u00f6r [&hellip;]<\/p>\n","protected":false},"featured_media":44939,"comment_status":"open","ping_status":"closed","template":"","meta":[],"product_brand":[],"product_cat":[33],"product_tag":[],"class_list":{"0":"post-17620","1":"product","2":"type-product","3":"status-publish","4":"has-post-thumbnail","6":"product_cat-okategoriserad","8":"first","9":"instock","10":"shipping-taxable","11":"purchasable","12":"product-type-simple"},"_links":{"self":[{"href":"https:\/\/nordicmart.andreevmaster.com\/sv\/wp-json\/wp\/v2\/product\/17620","targetHints":{"allow":["GET"]}}],"collection":[{"href":"https:\/\/nordicmart.andreevmaster.com\/sv\/wp-json\/wp\/v2\/product"}],"about":[{"href":"https:\/\/nordicmart.andreevmaster.com\/sv\/wp-json\/wp\/v2\/types\/product"}],"replies":[{"embeddable":true,"href":"https:\/\/nordicmart.andreevmaster.com\/sv\/wp-json\/wp\/v2\/comments?post=17620"}],"wp:featuredmedia":[{"embeddable":true,"href":"https:\/\/nordicmart.andreevmaster.com\/sv\/wp-json\/wp\/v2\/media\/44939"}],"wp:attachment":[{"href":"https:\/\/nordicmart.andreevmaster.com\/sv\/wp-json\/wp\/v2\/media?parent=17620"}],"wp:term":[{"taxonomy":"product_brand","embeddable":true,"href":"https:\/\/nordicmart.andreevmaster.com\/sv\/wp-json\/wp\/v2\/product_brand?post=17620"},{"taxonomy":"product_cat","embeddable":true,"href":"https:\/\/nordicmart.andreevmaster.com\/sv\/wp-json\/wp\/v2\/product_cat?post=17620"},{"taxonomy":"product_tag","embeddable":true,"href":"https:\/\/nordicmart.andreevmaster.com\/sv\/wp-json\/wp\/v2\/product_tag?post=17620"}],"curies":[{"name":"wp","href":"https:\/\/api.w.org\/{rel}","templated":true}]}}