{"id":17619,"date":"2026-02-27T00:35:51","date_gmt":"2026-02-27T00:35:51","guid":{"rendered":"https:\/\/nordicmart.andreevmaster.com\/product\/dykarhjalm-us-navy-nc2084b\/"},"modified":"2026-02-27T08:25:19","modified_gmt":"2026-02-27T08:25:19","slug":"dykarhjalm-us-navy-nc2084b","status":"publish","type":"product","link":"https:\/\/nordicmart.andreevmaster.com\/sv\/produkt\/dykarhjalm-us-navy-nc2084b\/","title":{"rendered":"Dykarhj\u00e4lm \u2013 US Navy \u2013 NC2084B"},"content":{"rendered":"<p>Diver&#39;s helmet &#8211; US Navy &#8211; NC2084B&nbsp;&nbsp;Dykarhj\u00e4lm \u2013 Replika \u2013 US Navy \u00e4r en unik dekoration med maritim atmosf\u00e4r. Tillverkad av m\u00e4ssing, refererar den till klassiska dykarhj\u00e4lmar fr\u00e5n 1940-talet. Dykarhj\u00e4lmen \u00e4r en universell dekoration som fungerar bra i alla interi\u00f6rer. Den kan bli arrangemangets centrala punkt eller en subtil accent som ger en maritim touch.&nbsp;Dykarhj\u00e4lmen \u00e4r en perfekt presentid\u00e9 f\u00f6r: segel- och dykentusiaster, marinhistoriska entusiaster eller personer som s\u00f6ker unika och ovanliga inredningsdekorationer.&nbsp;&nbsp;Produktinformation:&nbsp;M\u00e5tt: 18,5 x 19,5 x 20,5 cmMaterial: m\u00e4ssingF\u00e4rg: guldH\u00f6gkvalitativt utf\u00f6randeFin dekoration med maritim atmosf\u00e4rPresent f\u00f6r en segelentusiast&nbsp;Om du letar efter en unik present f\u00f6r en havs- eller marin\u00e4lskare \u00e4r Dykarhj\u00e4lm \u2013 Replika \u2013 US Navy det perfekta valet.&nbsp;<\/p>\n","protected":false},"excerpt":{"rendered":"<p>Diver&#39;s helmet &#8211; US Navy &#8211; NC2084B&nbsp;&nbsp;Dykarhj\u00e4lm \u2013 Replika \u2013 US Navy \u00e4r en unik dekoration med maritim atmosf\u00e4r. Tillverkad av m\u00e4ssing, refererar den till klassiska dykarhj\u00e4lmar fr\u00e5n 1940-talet. Dykarhj\u00e4lmen \u00e4r en universell dekoration som fungerar bra i alla interi\u00f6rer. Den kan bli arrangemangets centrala punkt eller en subtil accent som ger en maritim touch.&nbsp;Dykarhj\u00e4lmen [&hellip;]<\/p>\n","protected":false},"featured_media":44938,"comment_status":"open","ping_status":"closed","template":"","meta":[],"product_brand":[],"product_cat":[33],"product_tag":[],"class_list":{"0":"post-17619","1":"product","2":"type-product","3":"status-publish","4":"has-post-thumbnail","6":"product_cat-okategoriserad","8":"first","9":"instock","10":"shipping-taxable","11":"purchasable","12":"product-type-simple"},"_links":{"self":[{"href":"https:\/\/nordicmart.andreevmaster.com\/sv\/wp-json\/wp\/v2\/product\/17619","targetHints":{"allow":["GET"]}}],"collection":[{"href":"https:\/\/nordicmart.andreevmaster.com\/sv\/wp-json\/wp\/v2\/product"}],"about":[{"href":"https:\/\/nordicmart.andreevmaster.com\/sv\/wp-json\/wp\/v2\/types\/product"}],"replies":[{"embeddable":true,"href":"https:\/\/nordicmart.andreevmaster.com\/sv\/wp-json\/wp\/v2\/comments?post=17619"}],"wp:featuredmedia":[{"embeddable":true,"href":"https:\/\/nordicmart.andreevmaster.com\/sv\/wp-json\/wp\/v2\/media\/44938"}],"wp:attachment":[{"href":"https:\/\/nordicmart.andreevmaster.com\/sv\/wp-json\/wp\/v2\/media?parent=17619"}],"wp:term":[{"taxonomy":"product_brand","embeddable":true,"href":"https:\/\/nordicmart.andreevmaster.com\/sv\/wp-json\/wp\/v2\/product_brand?post=17619"},{"taxonomy":"product_cat","embeddable":true,"href":"https:\/\/nordicmart.andreevmaster.com\/sv\/wp-json\/wp\/v2\/product_cat?post=17619"},{"taxonomy":"product_tag","embeddable":true,"href":"https:\/\/nordicmart.andreevmaster.com\/sv\/wp-json\/wp\/v2\/product_tag?post=17619"}],"curies":[{"name":"wp","href":"https:\/\/api.w.org\/{rel}","templated":true}]}}