{"id":17618,"date":"2026-02-27T00:35:51","date_gmt":"2026-02-27T00:35:51","guid":{"rendered":"https:\/\/nordicmart.andreevmaster.com\/product\/minigitarr-i-john-lennons-stil-spe-039\/"},"modified":"2026-02-27T08:25:19","modified_gmt":"2026-02-27T08:25:19","slug":"minigitarr-i-john-lennons-stil-spe-039","status":"publish","type":"product","link":"https:\/\/nordicmart.andreevmaster.com\/sv\/produkt\/minigitarr-i-john-lennons-stil-spe-039\/","title":{"rendered":"Minigitarr i John Lennons stil \u2013 SPE-039"},"content":{"rendered":"<p>Minigitarr i John Lennons stil \u2013 SPE-039&nbsp;&nbsp;&nbsp;Minigitarr i John Lennons stil \u00e4r en perfekt pryl f\u00f6r musik\u00e4lskare. Denna miniatyr \u00e4r handgjord av mahognytr\u00e4 i skala 1:4. Den \u00e4r en perfekt presentid\u00e9 f\u00f6r fans av The Beatles, d\u00e4r John Lennon var grundare och s\u00e5ngare.&nbsp;Samlarobjekt. Denna gitarr \u00e4r inte en leksak. Den kan inte spelas p\u00e5.&nbsp;&nbsp;Produktinformation:&nbsp;M\u00e5tt: h\u00f6jd 24,5 cmSkala: 1:4Material: mahognytr\u00e4Komplett med ett stativ i plast och metall f\u00f6r att st\u00e4lla gitarren p\u00e5&nbsp;&nbsp;&nbsp;Observera att s\u00e4ljaren inte p\u00e5 n\u00e5got s\u00e4tt \u00e4r knuten till tillverkarna av de riktiga instrumenten eller de enskilda artisterna. Namnen p\u00e5 modeller eller artister \u00e4r exempel. De v\u00e4lk\u00e4nda namnen anv\u00e4nds endast f\u00f6r att visa en viss musikstil. Inget av instrumenten \u00e4r trogna repliker vad g\u00e4ller proportioner, storlek och design.&nbsp;<\/p>\n","protected":false},"excerpt":{"rendered":"<p>Minigitarr i John Lennons stil \u2013 SPE-039&nbsp;&nbsp;&nbsp;Minigitarr i John Lennons stil \u00e4r en perfekt pryl f\u00f6r musik\u00e4lskare. Denna miniatyr \u00e4r handgjord av mahognytr\u00e4 i skala 1:4. Den \u00e4r en perfekt presentid\u00e9 f\u00f6r fans av The Beatles, d\u00e4r John Lennon var grundare och s\u00e5ngare.&nbsp;Samlarobjekt. Denna gitarr \u00e4r inte en leksak. Den kan inte spelas p\u00e5.&nbsp;&nbsp;Produktinformation:&nbsp;M\u00e5tt: h\u00f6jd [&hellip;]<\/p>\n","protected":false},"featured_media":44937,"comment_status":"open","ping_status":"closed","template":"","meta":[],"product_brand":[],"product_cat":[33],"product_tag":[],"class_list":{"0":"post-17618","1":"product","2":"type-product","3":"status-publish","4":"has-post-thumbnail","6":"product_cat-okategoriserad","8":"first","9":"instock","10":"shipping-taxable","11":"purchasable","12":"product-type-simple"},"_links":{"self":[{"href":"https:\/\/nordicmart.andreevmaster.com\/sv\/wp-json\/wp\/v2\/product\/17618","targetHints":{"allow":["GET"]}}],"collection":[{"href":"https:\/\/nordicmart.andreevmaster.com\/sv\/wp-json\/wp\/v2\/product"}],"about":[{"href":"https:\/\/nordicmart.andreevmaster.com\/sv\/wp-json\/wp\/v2\/types\/product"}],"replies":[{"embeddable":true,"href":"https:\/\/nordicmart.andreevmaster.com\/sv\/wp-json\/wp\/v2\/comments?post=17618"}],"wp:featuredmedia":[{"embeddable":true,"href":"https:\/\/nordicmart.andreevmaster.com\/sv\/wp-json\/wp\/v2\/media\/44937"}],"wp:attachment":[{"href":"https:\/\/nordicmart.andreevmaster.com\/sv\/wp-json\/wp\/v2\/media?parent=17618"}],"wp:term":[{"taxonomy":"product_brand","embeddable":true,"href":"https:\/\/nordicmart.andreevmaster.com\/sv\/wp-json\/wp\/v2\/product_brand?post=17618"},{"taxonomy":"product_cat","embeddable":true,"href":"https:\/\/nordicmart.andreevmaster.com\/sv\/wp-json\/wp\/v2\/product_cat?post=17618"},{"taxonomy":"product_tag","embeddable":true,"href":"https:\/\/nordicmart.andreevmaster.com\/sv\/wp-json\/wp\/v2\/product_tag?post=17618"}],"curies":[{"name":"wp","href":"https:\/\/api.w.org\/{rel}","templated":true}]}}