{"id":17617,"date":"2026-02-27T00:35:50","date_gmt":"2026-02-27T00:35:50","guid":{"rendered":"https:\/\/nordicmart.andreevmaster.com\/product\/domarhammare-pennstall-present-till-en-advokat-dnu-023\/"},"modified":"2026-02-27T08:25:18","modified_gmt":"2026-02-27T08:25:18","slug":"domarhammare-pennstall-present-till-en-advokat-dnu-023","status":"publish","type":"product","link":"https:\/\/nordicmart.andreevmaster.com\/sv\/produkt\/domarhammare-pennstall-present-till-en-advokat-dnu-023\/","title":{"rendered":"Domarhammare \u2013 pennst\u00e4ll \u2013 present till en advokat \u2013 DNU-023"},"content":{"rendered":"<p>Domarhammare \u2013 pennst\u00e4ll \u2013 present till en advokat \u2013 DNU-023&nbsp;&nbsp;&nbsp;Domarhammaren p\u00e5 en tr\u00e4bas med pennh\u00e5llare \u00e4r en elegant skrivbordsdekoration som passar perfekt i ett rum i retrostil, kolonialstil eller vintagestil. Den smakfulla tr\u00e4basen i m\u00f6rk tr\u00e4f\u00e4rg harmonierar perfekt med pennst\u00e4llet i m\u00e4ssing. Domarhammaren\/hammaren \u00e4r inte bara ett praktiskt pennst\u00e4ll, utan ocks\u00e5 en unik inredningsdetalj f\u00f6r kontoret. Den \u00e4r en perfekt present till en advokat, domare eller juriststudent. Produktinformation:Basens m\u00e5tt: 22,85 x 6,35 x 7,6 cm Material: tr\u00e4, m\u00e4ssing Tv\u00e5 pennh\u00e5llare&nbsp;<\/p>\n","protected":false},"excerpt":{"rendered":"<p>Domarhammare \u2013 pennst\u00e4ll \u2013 present till en advokat \u2013 DNU-023&nbsp;&nbsp;&nbsp;Domarhammaren p\u00e5 en tr\u00e4bas med pennh\u00e5llare \u00e4r en elegant skrivbordsdekoration som passar perfekt i ett rum i retrostil, kolonialstil eller vintagestil. Den smakfulla tr\u00e4basen i m\u00f6rk tr\u00e4f\u00e4rg harmonierar perfekt med pennst\u00e4llet i m\u00e4ssing. Domarhammaren\/hammaren \u00e4r inte bara ett praktiskt pennst\u00e4ll, utan ocks\u00e5 en unik inredningsdetalj f\u00f6r [&hellip;]<\/p>\n","protected":false},"featured_media":44936,"comment_status":"open","ping_status":"closed","template":"","meta":[],"product_brand":[],"product_cat":[33],"product_tag":[],"class_list":{"0":"post-17617","1":"product","2":"type-product","3":"status-publish","4":"has-post-thumbnail","6":"product_cat-okategoriserad","8":"first","9":"instock","10":"shipping-taxable","11":"purchasable","12":"product-type-simple"},"_links":{"self":[{"href":"https:\/\/nordicmart.andreevmaster.com\/sv\/wp-json\/wp\/v2\/product\/17617","targetHints":{"allow":["GET"]}}],"collection":[{"href":"https:\/\/nordicmart.andreevmaster.com\/sv\/wp-json\/wp\/v2\/product"}],"about":[{"href":"https:\/\/nordicmart.andreevmaster.com\/sv\/wp-json\/wp\/v2\/types\/product"}],"replies":[{"embeddable":true,"href":"https:\/\/nordicmart.andreevmaster.com\/sv\/wp-json\/wp\/v2\/comments?post=17617"}],"wp:featuredmedia":[{"embeddable":true,"href":"https:\/\/nordicmart.andreevmaster.com\/sv\/wp-json\/wp\/v2\/media\/44936"}],"wp:attachment":[{"href":"https:\/\/nordicmart.andreevmaster.com\/sv\/wp-json\/wp\/v2\/media?parent=17617"}],"wp:term":[{"taxonomy":"product_brand","embeddable":true,"href":"https:\/\/nordicmart.andreevmaster.com\/sv\/wp-json\/wp\/v2\/product_brand?post=17617"},{"taxonomy":"product_cat","embeddable":true,"href":"https:\/\/nordicmart.andreevmaster.com\/sv\/wp-json\/wp\/v2\/product_cat?post=17617"},{"taxonomy":"product_tag","embeddable":true,"href":"https:\/\/nordicmart.andreevmaster.com\/sv\/wp-json\/wp\/v2\/product_tag?post=17617"}],"curies":[{"name":"wp","href":"https:\/\/api.w.org\/{rel}","templated":true}]}}