{"id":17616,"date":"2026-02-27T00:35:50","date_gmt":"2026-02-27T00:35:50","guid":{"rendered":"https:\/\/nordicmart.andreevmaster.com\/product\/maritime-box-184-x-127-x-76-cm-dnu-020-2\/"},"modified":"2026-02-27T08:25:18","modified_gmt":"2026-02-27T08:25:18","slug":"maritime-box-184-x-127-x-76-cm-dnu-020-2","status":"publish","type":"product","link":"https:\/\/nordicmart.andreevmaster.com\/sv\/produkt\/maritime-box-184-x-127-x-76-cm-dnu-020-2\/","title":{"rendered":"Maritime Box 18,4 x 12,7 x 7,6 cm &#8211; DNU-020"},"content":{"rendered":"<p>Maritim l\u00e5da 18,4 x 12,7 x 7,6 cm &#8211; DNU-020&nbsp;&nbsp;&nbsp;Den nautiska l\u00e5dan \u00e4r inte bara en praktisk f\u00f6rvaringsplats, utan ocks\u00e5 ett unikt dekorativt element som kommer att gl\u00e4dja alla som \u00e4lskar nautiska motiv. Den \u00e4r idealisk f\u00f6r smycken, resesouvenirer eller andra v\u00e4rdefulla prydnadsf\u00f6rem\u00e5l.&nbsp;M\u00e4ssingsdetaljerna tillf\u00f6r elegans och skapar en harmonisk komposition med den naturliga tr\u00e4finishen. P\u00e5 locket till skrinet finns ett ankarmotiv i m\u00e4ssing som ger hela skrinet en unik nautisk karakt\u00e4r.&nbsp;&nbsp;Produktinformation:&nbsp;M\u00e5tt: 18,4 x 12,7 x 7,6 cmMaterial: tr\u00e4, m\u00e4ssingAnkarmotiv p\u00e5 locketM\u00e4ssingskn\u00e4ppe&nbsp;<\/p>\n","protected":false},"excerpt":{"rendered":"<p>Maritim l\u00e5da 18,4 x 12,7 x 7,6 cm &#8211; DNU-020&nbsp;&nbsp;&nbsp;Den nautiska l\u00e5dan \u00e4r inte bara en praktisk f\u00f6rvaringsplats, utan ocks\u00e5 ett unikt dekorativt element som kommer att gl\u00e4dja alla som \u00e4lskar nautiska motiv. Den \u00e4r idealisk f\u00f6r smycken, resesouvenirer eller andra v\u00e4rdefulla prydnadsf\u00f6rem\u00e5l.&nbsp;M\u00e4ssingsdetaljerna tillf\u00f6r elegans och skapar en harmonisk komposition med den naturliga tr\u00e4finishen. P\u00e5 [&hellip;]<\/p>\n","protected":false},"featured_media":44935,"comment_status":"open","ping_status":"closed","template":"","meta":[],"product_brand":[],"product_cat":[33],"product_tag":[],"class_list":{"0":"post-17616","1":"product","2":"type-product","3":"status-publish","4":"has-post-thumbnail","6":"product_cat-okategoriserad","8":"first","9":"instock","10":"shipping-taxable","11":"purchasable","12":"product-type-simple"},"_links":{"self":[{"href":"https:\/\/nordicmart.andreevmaster.com\/sv\/wp-json\/wp\/v2\/product\/17616","targetHints":{"allow":["GET"]}}],"collection":[{"href":"https:\/\/nordicmart.andreevmaster.com\/sv\/wp-json\/wp\/v2\/product"}],"about":[{"href":"https:\/\/nordicmart.andreevmaster.com\/sv\/wp-json\/wp\/v2\/types\/product"}],"replies":[{"embeddable":true,"href":"https:\/\/nordicmart.andreevmaster.com\/sv\/wp-json\/wp\/v2\/comments?post=17616"}],"wp:featuredmedia":[{"embeddable":true,"href":"https:\/\/nordicmart.andreevmaster.com\/sv\/wp-json\/wp\/v2\/media\/44935"}],"wp:attachment":[{"href":"https:\/\/nordicmart.andreevmaster.com\/sv\/wp-json\/wp\/v2\/media?parent=17616"}],"wp:term":[{"taxonomy":"product_brand","embeddable":true,"href":"https:\/\/nordicmart.andreevmaster.com\/sv\/wp-json\/wp\/v2\/product_brand?post=17616"},{"taxonomy":"product_cat","embeddable":true,"href":"https:\/\/nordicmart.andreevmaster.com\/sv\/wp-json\/wp\/v2\/product_cat?post=17616"},{"taxonomy":"product_tag","embeddable":true,"href":"https:\/\/nordicmart.andreevmaster.com\/sv\/wp-json\/wp\/v2\/product_tag?post=17616"}],"curies":[{"name":"wp","href":"https:\/\/api.w.org\/{rel}","templated":true}]}}