{"id":17614,"date":"2026-02-27T00:35:50","date_gmt":"2026-02-27T00:35:50","guid":{"rendered":"https:\/\/nordicmart.andreevmaster.com\/product\/tva-kortlekar-i-tralada-med-glaslock-dnu-007\/"},"modified":"2026-02-27T08:25:18","modified_gmt":"2026-02-27T08:25:18","slug":"tva-kortlekar-i-tralada-med-glaslock-dnu-007","status":"publish","type":"product","link":"https:\/\/nordicmart.andreevmaster.com\/sv\/produkt\/tva-kortlekar-i-tralada-med-glaslock-dnu-007\/","title":{"rendered":"Tv\u00e5 kortlekar i tr\u00e4l\u00e5da med glaslock \u2013 DNU-007"},"content":{"rendered":"<p>Tv\u00e5 kortlekar i tr\u00e4l\u00e5da med glaslock \u2013 DNU-007&nbsp;&nbsp;&nbsp;Tv\u00e5 kortlekar i en tr\u00e4l\u00e5da med glaslock \u00e4r en tidl\u00f6s kombination av funktionalitet och estetik. Spelkort ger underh\u00e5llning i timmar, och den eleganta tr\u00e4l\u00e5dan med glaslock och m\u00e4ssingsdekorationer i h\u00f6rnen \u00e4r en smakfull inredningsdetalj f\u00f6r ett kontor i retrostil eller vintagestil.&nbsp;Kombinationen av h\u00e5llbart tr\u00e4 och effektfull m\u00e4ssing ger den en tidl\u00f6s charm. Det \u00e4r ett utm\u00e4rkt val som present till en kortspels\u00e4lskare.&nbsp;&nbsp;Produktinformation:&nbsp;L\u00e5dans m\u00e5tt: 15 x 11,4 cmMaterial: tr\u00e4, m\u00e4ssing, glas2 kortlekarTr\u00e4l\u00e5da med glaslock och m\u00e4ssingsdekorationer&nbsp;&nbsp;&nbsp;Observera! Denna produkt \u00e4r inte en leksak och \u00e4r inte l\u00e4mplig f\u00f6r barn under 14 \u00e5r. &nbsp;&nbsp;<\/p>\n","protected":false},"excerpt":{"rendered":"<p>Tv\u00e5 kortlekar i tr\u00e4l\u00e5da med glaslock \u2013 DNU-007&nbsp;&nbsp;&nbsp;Tv\u00e5 kortlekar i en tr\u00e4l\u00e5da med glaslock \u00e4r en tidl\u00f6s kombination av funktionalitet och estetik. Spelkort ger underh\u00e5llning i timmar, och den eleganta tr\u00e4l\u00e5dan med glaslock och m\u00e4ssingsdekorationer i h\u00f6rnen \u00e4r en smakfull inredningsdetalj f\u00f6r ett kontor i retrostil eller vintagestil.&nbsp;Kombinationen av h\u00e5llbart tr\u00e4 och effektfull m\u00e4ssing ger [&hellip;]<\/p>\n","protected":false},"featured_media":44933,"comment_status":"open","ping_status":"closed","template":"","meta":[],"product_brand":[],"product_cat":[33],"product_tag":[],"class_list":{"0":"post-17614","1":"product","2":"type-product","3":"status-publish","4":"has-post-thumbnail","6":"product_cat-okategoriserad","8":"first","9":"instock","10":"shipping-taxable","11":"purchasable","12":"product-type-simple"},"_links":{"self":[{"href":"https:\/\/nordicmart.andreevmaster.com\/sv\/wp-json\/wp\/v2\/product\/17614","targetHints":{"allow":["GET"]}}],"collection":[{"href":"https:\/\/nordicmart.andreevmaster.com\/sv\/wp-json\/wp\/v2\/product"}],"about":[{"href":"https:\/\/nordicmart.andreevmaster.com\/sv\/wp-json\/wp\/v2\/types\/product"}],"replies":[{"embeddable":true,"href":"https:\/\/nordicmart.andreevmaster.com\/sv\/wp-json\/wp\/v2\/comments?post=17614"}],"wp:featuredmedia":[{"embeddable":true,"href":"https:\/\/nordicmart.andreevmaster.com\/sv\/wp-json\/wp\/v2\/media\/44933"}],"wp:attachment":[{"href":"https:\/\/nordicmart.andreevmaster.com\/sv\/wp-json\/wp\/v2\/media?parent=17614"}],"wp:term":[{"taxonomy":"product_brand","embeddable":true,"href":"https:\/\/nordicmart.andreevmaster.com\/sv\/wp-json\/wp\/v2\/product_brand?post=17614"},{"taxonomy":"product_cat","embeddable":true,"href":"https:\/\/nordicmart.andreevmaster.com\/sv\/wp-json\/wp\/v2\/product_cat?post=17614"},{"taxonomy":"product_tag","embeddable":true,"href":"https:\/\/nordicmart.andreevmaster.com\/sv\/wp-json\/wp\/v2\/product_tag?post=17614"}],"curies":[{"name":"wp","href":"https:\/\/api.w.org\/{rel}","templated":true}]}}