{"id":17613,"date":"2026-02-27T00:35:49","date_gmt":"2026-02-27T00:35:49","guid":{"rendered":"https:\/\/nordicmart.andreevmaster.com\/product\/tarningar-i-en-lang-tralada-dnu-006\/"},"modified":"2026-02-27T08:25:18","modified_gmt":"2026-02-27T08:25:18","slug":"tarningar-i-en-lang-tralada-dnu-006","status":"publish","type":"product","link":"https:\/\/nordicmart.andreevmaster.com\/sv\/produkt\/tarningar-i-en-lang-tralada-dnu-006\/","title":{"rendered":"T\u00e4rningar i en l\u00e5ng tr\u00e4l\u00e5da \u2013 DNU-006"},"content":{"rendered":"<p>T\u00e4rningar i en l\u00e5ng tr\u00e4l\u00e5da \u2013 DNU-006&nbsp;&nbsp;&nbsp;Detta \u00e4r en elegant version av det tidl\u00f6sa traditionella spelet. De \u00e4r ett elegant och mer milj\u00f6v\u00e4nligt alternativ till plastt\u00e4rningar. T\u00e4rningarna och l\u00e5dan \u00e4r sm\u00e5 och tar inte mycket plats. Denna upps\u00e4ttning passar bra som en liten present till spelare och \u00e4lskare av br\u00e4dspel och alla typer av s\u00e4llskapsspel.&nbsp;&nbsp;Produktinformation:&nbsp;M\u00e5tt: l\u00e5del\u00e4ngd: 12,5 cmMaterial: tr\u00e4, m\u00e4ssing5 t\u00e4rningar av tr\u00e4 med m\u00e4ssingsinsatserT\u00e4rningar av tr\u00e4 \u00e4r h\u00e5llbara, s\u00e4kra och milj\u00f6v\u00e4nliga&nbsp;&nbsp;Observera! Denna produkt \u00e4r inte en leksak och \u00e4r inte l\u00e4mplig f\u00f6r barn under 14 \u00e5r. &nbsp;&nbsp;<\/p>\n","protected":false},"excerpt":{"rendered":"<p>T\u00e4rningar i en l\u00e5ng tr\u00e4l\u00e5da \u2013 DNU-006&nbsp;&nbsp;&nbsp;Detta \u00e4r en elegant version av det tidl\u00f6sa traditionella spelet. De \u00e4r ett elegant och mer milj\u00f6v\u00e4nligt alternativ till plastt\u00e4rningar. T\u00e4rningarna och l\u00e5dan \u00e4r sm\u00e5 och tar inte mycket plats. Denna upps\u00e4ttning passar bra som en liten present till spelare och \u00e4lskare av br\u00e4dspel och alla typer av s\u00e4llskapsspel.&nbsp;&nbsp;Produktinformation:&nbsp;M\u00e5tt: [&hellip;]<\/p>\n","protected":false},"featured_media":0,"comment_status":"open","ping_status":"closed","template":"","meta":[],"product_brand":[],"product_cat":[33],"product_tag":[],"class_list":{"0":"post-17613","1":"product","2":"type-product","3":"status-publish","5":"product_cat-okategoriserad","7":"first","8":"instock","9":"shipping-taxable","10":"purchasable","11":"product-type-simple"},"_links":{"self":[{"href":"https:\/\/nordicmart.andreevmaster.com\/sv\/wp-json\/wp\/v2\/product\/17613","targetHints":{"allow":["GET"]}}],"collection":[{"href":"https:\/\/nordicmart.andreevmaster.com\/sv\/wp-json\/wp\/v2\/product"}],"about":[{"href":"https:\/\/nordicmart.andreevmaster.com\/sv\/wp-json\/wp\/v2\/types\/product"}],"replies":[{"embeddable":true,"href":"https:\/\/nordicmart.andreevmaster.com\/sv\/wp-json\/wp\/v2\/comments?post=17613"}],"wp:attachment":[{"href":"https:\/\/nordicmart.andreevmaster.com\/sv\/wp-json\/wp\/v2\/media?parent=17613"}],"wp:term":[{"taxonomy":"product_brand","embeddable":true,"href":"https:\/\/nordicmart.andreevmaster.com\/sv\/wp-json\/wp\/v2\/product_brand?post=17613"},{"taxonomy":"product_cat","embeddable":true,"href":"https:\/\/nordicmart.andreevmaster.com\/sv\/wp-json\/wp\/v2\/product_cat?post=17613"},{"taxonomy":"product_tag","embeddable":true,"href":"https:\/\/nordicmart.andreevmaster.com\/sv\/wp-json\/wp\/v2\/product_tag?post=17613"}],"curies":[{"name":"wp","href":"https:\/\/api.w.org\/{rel}","templated":true}]}}