{"id":17612,"date":"2026-02-27T00:35:49","date_gmt":"2026-02-27T00:35:49","guid":{"rendered":"https:\/\/nordicmart.andreevmaster.com\/product\/traditionellt-arkadspel-bollar-i-en-labyrint-dnu-005\/"},"modified":"2026-02-27T08:25:17","modified_gmt":"2026-02-27T08:25:17","slug":"traditionellt-arkadspel-bollar-i-en-labyrint-dnu-005","status":"publish","type":"product","link":"https:\/\/nordicmart.andreevmaster.com\/sv\/produkt\/traditionellt-arkadspel-bollar-i-en-labyrint-dnu-005\/","title":{"rendered":"Traditionellt arkadspel \u2013 bollar i en labyrint \u2013 DNU-005"},"content":{"rendered":"<p>Traditionellt arkadspel \u2013 bollar i en labyrint \u2013 DNU-005&nbsp;&nbsp;&nbsp;Balls in the Maze \u00e4r ett klassiskt arkadspel d\u00e4r m\u00e5let \u00e4r att f\u00e5 alla bollar till mitten av labyrinten. Spelaren styr bollarna med precisa r\u00f6relser p\u00e5 br\u00e4det s\u00e5 att bollarna hamnar i mitten av labyrinten.&nbsp;Arkadspel som l\u00e4r ut motorik och manuell koordination, logiskt t\u00e4nkande och rumslig orientering, samtidigt som det \u00e4r mycket roligt. Spelet Marbles in the Maze \u00e4r ett tidl\u00f6st spel!&nbsp;&nbsp;Produktinformation:&nbsp;Material: tr\u00e4 Metallkulor M\u00e5tt: Diameter 12,5 cm&nbsp;&nbsp;Observera! Denna produkt \u00e4r inte en leksak och \u00e4r inte l\u00e4mplig f\u00f6r barn under 14 \u00e5r. &nbsp;<\/p>\n","protected":false},"excerpt":{"rendered":"<p>Traditionellt arkadspel \u2013 bollar i en labyrint \u2013 DNU-005&nbsp;&nbsp;&nbsp;Balls in the Maze \u00e4r ett klassiskt arkadspel d\u00e4r m\u00e5let \u00e4r att f\u00e5 alla bollar till mitten av labyrinten. Spelaren styr bollarna med precisa r\u00f6relser p\u00e5 br\u00e4det s\u00e5 att bollarna hamnar i mitten av labyrinten.&nbsp;Arkadspel som l\u00e4r ut motorik och manuell koordination, logiskt t\u00e4nkande och rumslig orientering, [&hellip;]<\/p>\n","protected":false},"featured_media":44932,"comment_status":"open","ping_status":"closed","template":"","meta":[],"product_brand":[],"product_cat":[33],"product_tag":[],"class_list":{"0":"post-17612","1":"product","2":"type-product","3":"status-publish","4":"has-post-thumbnail","6":"product_cat-okategoriserad","8":"first","9":"instock","10":"shipping-taxable","11":"purchasable","12":"product-type-simple"},"_links":{"self":[{"href":"https:\/\/nordicmart.andreevmaster.com\/sv\/wp-json\/wp\/v2\/product\/17612","targetHints":{"allow":["GET"]}}],"collection":[{"href":"https:\/\/nordicmart.andreevmaster.com\/sv\/wp-json\/wp\/v2\/product"}],"about":[{"href":"https:\/\/nordicmart.andreevmaster.com\/sv\/wp-json\/wp\/v2\/types\/product"}],"replies":[{"embeddable":true,"href":"https:\/\/nordicmart.andreevmaster.com\/sv\/wp-json\/wp\/v2\/comments?post=17612"}],"wp:featuredmedia":[{"embeddable":true,"href":"https:\/\/nordicmart.andreevmaster.com\/sv\/wp-json\/wp\/v2\/media\/44932"}],"wp:attachment":[{"href":"https:\/\/nordicmart.andreevmaster.com\/sv\/wp-json\/wp\/v2\/media?parent=17612"}],"wp:term":[{"taxonomy":"product_brand","embeddable":true,"href":"https:\/\/nordicmart.andreevmaster.com\/sv\/wp-json\/wp\/v2\/product_brand?post=17612"},{"taxonomy":"product_cat","embeddable":true,"href":"https:\/\/nordicmart.andreevmaster.com\/sv\/wp-json\/wp\/v2\/product_cat?post=17612"},{"taxonomy":"product_tag","embeddable":true,"href":"https:\/\/nordicmart.andreevmaster.com\/sv\/wp-json\/wp\/v2\/product_tag?post=17612"}],"curies":[{"name":"wp","href":"https:\/\/api.w.org\/{rel}","templated":true}]}}