{"id":17611,"date":"2026-02-27T00:35:49","date_gmt":"2026-02-27T00:35:49","guid":{"rendered":"https:\/\/nordicmart.andreevmaster.com\/product\/tic-tac-toe-i-en-tralada-med-glaslock-dnu-004\/"},"modified":"2026-02-27T08:25:17","modified_gmt":"2026-02-27T08:25:17","slug":"tic-tac-toe-i-en-tralada-med-glaslock-dnu-004","status":"publish","type":"product","link":"https:\/\/nordicmart.andreevmaster.com\/sv\/produkt\/tic-tac-toe-i-en-tralada-med-glaslock-dnu-004\/","title":{"rendered":"Tic-Tac-Toe i en tr\u00e4l\u00e5da med glaslock \u2013 DNU-004"},"content":{"rendered":"<p>Tic-Tac-Toe i en tr\u00e4l\u00e5da med glaslock &#8211; DNU-004&nbsp;&nbsp;&nbsp;Tic Tac Toe in a Box \u00e4r en elegant version av det klassiska spelet fr\u00e5n din ungdom. Block av tr\u00e4 med m\u00e4ssingsdekorationer. Tr\u00e4l\u00e5dan med fack f\u00f6r tic-tac-toe \u00e4r ocks\u00e5 ett spelbr\u00e4de i sig. L\u00e5dans lock \u00e4r av glas.&nbsp;Denna version av tic-tac-toe kommer att se bra ut p\u00e5 ditt skrivbord. Tr\u00e4 i kombination med m\u00e4ssing ger setet ett lyxigt utseende. Tic-Tac-Toe \u00e4r en rolig present till skolans rektor, l\u00e4rare eller chef. &nbsp;&nbsp;&nbsp;Produktinformation:&nbsp;Material: tr\u00e4, m\u00e4ssing, glasL\u00e5dans m\u00e5tt: 12,5 x 12,5 x 2,5 cmL\u00e5sbar l\u00e5da \u2013 GlaslockNollor och kryss gjorda av tr\u00e4 med m\u00e4ssingsdekorationer&nbsp;&nbsp;&nbsp;Observera! Denna produkt \u00e4r inte en leksak och \u00e4r inte l\u00e4mplig f\u00f6r barn under 14 \u00e5r. &nbsp;<\/p>\n","protected":false},"excerpt":{"rendered":"<p>Tic-Tac-Toe i en tr\u00e4l\u00e5da med glaslock &#8211; DNU-004&nbsp;&nbsp;&nbsp;Tic Tac Toe in a Box \u00e4r en elegant version av det klassiska spelet fr\u00e5n din ungdom. Block av tr\u00e4 med m\u00e4ssingsdekorationer. Tr\u00e4l\u00e5dan med fack f\u00f6r tic-tac-toe \u00e4r ocks\u00e5 ett spelbr\u00e4de i sig. L\u00e5dans lock \u00e4r av glas.&nbsp;Denna version av tic-tac-toe kommer att se bra ut p\u00e5 ditt [&hellip;]<\/p>\n","protected":false},"featured_media":44931,"comment_status":"open","ping_status":"closed","template":"","meta":[],"product_brand":[],"product_cat":[33],"product_tag":[],"class_list":{"0":"post-17611","1":"product","2":"type-product","3":"status-publish","4":"has-post-thumbnail","6":"product_cat-okategoriserad","8":"first","9":"instock","10":"shipping-taxable","11":"purchasable","12":"product-type-simple"},"_links":{"self":[{"href":"https:\/\/nordicmart.andreevmaster.com\/sv\/wp-json\/wp\/v2\/product\/17611","targetHints":{"allow":["GET"]}}],"collection":[{"href":"https:\/\/nordicmart.andreevmaster.com\/sv\/wp-json\/wp\/v2\/product"}],"about":[{"href":"https:\/\/nordicmart.andreevmaster.com\/sv\/wp-json\/wp\/v2\/types\/product"}],"replies":[{"embeddable":true,"href":"https:\/\/nordicmart.andreevmaster.com\/sv\/wp-json\/wp\/v2\/comments?post=17611"}],"wp:featuredmedia":[{"embeddable":true,"href":"https:\/\/nordicmart.andreevmaster.com\/sv\/wp-json\/wp\/v2\/media\/44931"}],"wp:attachment":[{"href":"https:\/\/nordicmart.andreevmaster.com\/sv\/wp-json\/wp\/v2\/media?parent=17611"}],"wp:term":[{"taxonomy":"product_brand","embeddable":true,"href":"https:\/\/nordicmart.andreevmaster.com\/sv\/wp-json\/wp\/v2\/product_brand?post=17611"},{"taxonomy":"product_cat","embeddable":true,"href":"https:\/\/nordicmart.andreevmaster.com\/sv\/wp-json\/wp\/v2\/product_cat?post=17611"},{"taxonomy":"product_tag","embeddable":true,"href":"https:\/\/nordicmart.andreevmaster.com\/sv\/wp-json\/wp\/v2\/product_tag?post=17611"}],"curies":[{"name":"wp","href":"https:\/\/api.w.org\/{rel}","templated":true}]}}