{"id":17610,"date":"2026-02-27T00:35:48","date_gmt":"2026-02-27T00:35:48","guid":{"rendered":"https:\/\/nordicmart.andreevmaster.com\/product\/sparbossa-tunn-dnu-001\/"},"modified":"2026-02-27T08:25:17","modified_gmt":"2026-02-27T08:25:17","slug":"sparbossa-tunn-dnu-001","status":"publish","type":"product","link":"https:\/\/nordicmart.andreevmaster.com\/sv\/produkt\/sparbossa-tunn-dnu-001\/","title":{"rendered":"Sparb\u00f6ssa \u2013 Tunn \u2013 DNU-001"},"content":{"rendered":"<p>Sparb\u00f6ssa \u2013 Tunn \u2013 DNU-001&nbsp;&nbsp;Sparb\u00f6ssa i tr\u00e4 i form av en tunna \u00e4r en utm\u00e4rkt presentid\u00e9 till ett barn. Den hj\u00e4lper barnet att l\u00e4ra sig spara och g\u00f6r det m\u00f6jligt att f\u00f6rverkliga dr\u00f6mmar.&nbsp;Denna sparb\u00f6ssa i tr\u00e4 i form av en tunna med eleganta beslag i m\u00e4ssing har inte bara en praktisk funktion, n\u00e4mligen att f\u00f6rvara sparade pengar p\u00e5 ett s\u00e4kert s\u00e4tt, utan \u00e4r ocks\u00e5 ett charmigt dekorativt inslag som ger v\u00e4rme och nostalgi till omgivningen. Den omsorgsfullt utformade designen kombinerar funktionalitet med estetik och skapar en unik accent som kan f\u00f6rh\u00f6ja vilket rum som helst.&nbsp;Denna sparb\u00f6ssa i form av en tunna \u00e4r tillverkad av tr\u00e4 och m\u00e4ssing. Det \u00e4r en m\u00e5ngsidig sparb\u00f6ssa. Du kan anv\u00e4nda en skruvmejsel f\u00f6r att skruva loss skruvarna p\u00e5 botten och ta ut pengarna.&nbsp;&nbsp;Produktinformation:&nbsp;H\u00f6jd: 13 cmMaterial: tr\u00e4, m\u00e4ssingsbeslag.Med en skruvmejsel kan du skruva loss botten p\u00e5 sparb\u00f6ssan och ta ut pengarnaKan anv\u00e4ndas m\u00e5nga g\u00e5nger&nbsp;<\/p>\n","protected":false},"excerpt":{"rendered":"<p>Sparb\u00f6ssa \u2013 Tunn \u2013 DNU-001&nbsp;&nbsp;Sparb\u00f6ssa i tr\u00e4 i form av en tunna \u00e4r en utm\u00e4rkt presentid\u00e9 till ett barn. Den hj\u00e4lper barnet att l\u00e4ra sig spara och g\u00f6r det m\u00f6jligt att f\u00f6rverkliga dr\u00f6mmar.&nbsp;Denna sparb\u00f6ssa i tr\u00e4 i form av en tunna med eleganta beslag i m\u00e4ssing har inte bara en praktisk funktion, n\u00e4mligen att f\u00f6rvara [&hellip;]<\/p>\n","protected":false},"featured_media":44930,"comment_status":"open","ping_status":"closed","template":"","meta":[],"product_brand":[],"product_cat":[33],"product_tag":[],"class_list":{"0":"post-17610","1":"product","2":"type-product","3":"status-publish","4":"has-post-thumbnail","6":"product_cat-okategoriserad","8":"first","9":"instock","10":"shipping-taxable","11":"purchasable","12":"product-type-simple"},"_links":{"self":[{"href":"https:\/\/nordicmart.andreevmaster.com\/sv\/wp-json\/wp\/v2\/product\/17610","targetHints":{"allow":["GET"]}}],"collection":[{"href":"https:\/\/nordicmart.andreevmaster.com\/sv\/wp-json\/wp\/v2\/product"}],"about":[{"href":"https:\/\/nordicmart.andreevmaster.com\/sv\/wp-json\/wp\/v2\/types\/product"}],"replies":[{"embeddable":true,"href":"https:\/\/nordicmart.andreevmaster.com\/sv\/wp-json\/wp\/v2\/comments?post=17610"}],"wp:featuredmedia":[{"embeddable":true,"href":"https:\/\/nordicmart.andreevmaster.com\/sv\/wp-json\/wp\/v2\/media\/44930"}],"wp:attachment":[{"href":"https:\/\/nordicmart.andreevmaster.com\/sv\/wp-json\/wp\/v2\/media?parent=17610"}],"wp:term":[{"taxonomy":"product_brand","embeddable":true,"href":"https:\/\/nordicmart.andreevmaster.com\/sv\/wp-json\/wp\/v2\/product_brand?post=17610"},{"taxonomy":"product_cat","embeddable":true,"href":"https:\/\/nordicmart.andreevmaster.com\/sv\/wp-json\/wp\/v2\/product_cat?post=17610"},{"taxonomy":"product_tag","embeddable":true,"href":"https:\/\/nordicmart.andreevmaster.com\/sv\/wp-json\/wp\/v2\/product_tag?post=17610"}],"curies":[{"name":"wp","href":"https:\/\/api.w.org\/{rel}","templated":true}]}}