{"id":17609,"date":"2026-02-27T00:35:48","date_gmt":"2026-02-27T00:35:48","guid":{"rendered":"https:\/\/nordicmart.andreevmaster.com\/product\/woopie-green-mega-farm-djurfigurer-stall-ladugard-honshus-18-st\/"},"modified":"2026-02-27T08:25:17","modified_gmt":"2026-02-27T08:25:17","slug":"woopie-green-mega-farm-djurfigurer-stall-ladugard-honshus-18-st","status":"publish","type":"product","link":"https:\/\/nordicmart.andreevmaster.com\/sv\/produkt\/woopie-green-mega-farm-djurfigurer-stall-ladugard-honshus-18-st\/","title":{"rendered":"WOOPIE GREEN Mega Farm djurfigurer stall ladug\u00e5rd h\u00f6nshus 18 st."},"content":{"rendered":"<p>WOOPIE GREEN \u2013 Mega Farm \u2013 Din egen bondg\u00e5rd hemma!<\/p>\n<p>WOOPIE GREEN Mega Farm \u00e4r ett set som f\u00f6rflyttar ditt barn direkt till landsbygden \u2013 till en v\u00e4rld av djur, natur och en bondes dagliga sysslor! Tack vare realistiska figurer och byggnader som stall, ladug\u00e5rd och h\u00f6nshus kan ditt barn skapa sin egen bondg\u00e5rd och leka olika scenarier. Det \u00e4r inte bara roligt, utan ocks\u00e5 l\u00e4rorikt \u2013 om naturen, djuren och vardagen p\u00e5 en bondg\u00e5rd.<\/p>\n<p>### Egenskaper:<\/p>\n<p>* &#8211; F\u00f6r barn fr\u00e5n 3 \u00e5r<br \/>\n* &#8211; Setet inneh\u00e5ller 18 delar<br \/>\n* &#8211; Ing\u00e5r: h\u00e4st, kyckling, gris, f\u00e5r, hund, anka, tr\u00e4d, h\u00f6 och andra tillbeh\u00f6r<br \/>\n* &#8211; Byggnader: ladug\u00e5rd, h\u00f6nshus, stall, damm<br \/>\n* &#8211; Rollspel \u2013 ditt barn kan leka bondeg\u00e5rd<br \/>\n* &#8211; Stimulerar medvetenheten om omv\u00e4rlden och kontakten med naturen<br \/>\n* &#8211; Enkel montering \u2013 l\u00e4tt att s\u00e4tta ihop<br \/>\n* &#8211; Perfekt leksak f\u00f6r att leka tillsammans med familjen<\/p>\n<p>### Setet inneh\u00e5ller:<\/p>\n<p>* &#8211; 6 djurfigurer, inklusive: en h\u00e4st, en kyckling, en gris, ett f\u00e5r, en hund, en anka, ett tr\u00e4d och h\u00f6.* &#8211; 3 tr\u00e4byggnader (ladug\u00e5rd, stall, h\u00f6nshus)<br \/>\n* &#8211; Dam, tr\u00e4d och h\u00f6<br \/>\n* &#8211; Andra tillbeh\u00f6r till bondg\u00e5rden<\/p>\n<p>### Leksaken utvecklar:<\/p>\n<p>* &#8211; Fantasi och kreativitet \u2013 barn skapar sina egna ber\u00e4ttelser och scenarier och driver bondg\u00e5rden enligt sina egna regler<br \/>\n* &#8211; Manuell fingerf\u00e4rdighet \u2013 att hantera delarna i setet fr\u00e4mjar finmotoriken och precisa r\u00f6relser<br \/>\n* &#8211; Hand-\u00f6ga-koordination \u2013 att placera djur, bygga en g\u00e5rd och hantera utrymmet utvecklar motoriken<br \/>\n* &#8211; Medvetenhet om naturen \u2013 barnen l\u00e4r sig om djurarter, deras hem och behov, vilket l\u00e4r dem empati och omsorg om sin omgivning<\/p>\n","protected":false},"excerpt":{"rendered":"<p>WOOPIE GREEN \u2013 Mega Farm \u2013 Din egen bondg\u00e5rd hemma! WOOPIE GREEN Mega Farm \u00e4r ett set som f\u00f6rflyttar ditt barn direkt till landsbygden \u2013 till en v\u00e4rld av djur, natur och en bondes dagliga sysslor! Tack vare realistiska figurer och byggnader som stall, ladug\u00e5rd och h\u00f6nshus kan ditt barn skapa sin egen bondg\u00e5rd och [&hellip;]<\/p>\n","protected":false},"featured_media":0,"comment_status":"open","ping_status":"closed","template":"","meta":[],"product_brand":[],"product_cat":[33],"product_tag":[],"class_list":{"0":"post-17609","1":"product","2":"type-product","3":"status-publish","5":"product_cat-okategoriserad","7":"first","8":"instock","9":"shipping-taxable","10":"purchasable","11":"product-type-simple"},"_links":{"self":[{"href":"https:\/\/nordicmart.andreevmaster.com\/sv\/wp-json\/wp\/v2\/product\/17609","targetHints":{"allow":["GET"]}}],"collection":[{"href":"https:\/\/nordicmart.andreevmaster.com\/sv\/wp-json\/wp\/v2\/product"}],"about":[{"href":"https:\/\/nordicmart.andreevmaster.com\/sv\/wp-json\/wp\/v2\/types\/product"}],"replies":[{"embeddable":true,"href":"https:\/\/nordicmart.andreevmaster.com\/sv\/wp-json\/wp\/v2\/comments?post=17609"}],"wp:attachment":[{"href":"https:\/\/nordicmart.andreevmaster.com\/sv\/wp-json\/wp\/v2\/media?parent=17609"}],"wp:term":[{"taxonomy":"product_brand","embeddable":true,"href":"https:\/\/nordicmart.andreevmaster.com\/sv\/wp-json\/wp\/v2\/product_brand?post=17609"},{"taxonomy":"product_cat","embeddable":true,"href":"https:\/\/nordicmart.andreevmaster.com\/sv\/wp-json\/wp\/v2\/product_cat?post=17609"},{"taxonomy":"product_tag","embeddable":true,"href":"https:\/\/nordicmart.andreevmaster.com\/sv\/wp-json\/wp\/v2\/product_tag?post=17609"}],"curies":[{"name":"wp","href":"https:\/\/api.w.org\/{rel}","templated":true}]}}