{"id":17608,"date":"2026-02-27T00:35:48","date_gmt":"2026-02-27T00:35:48","guid":{"rendered":"https:\/\/nordicmart.andreevmaster.com\/product\/woopie-stor-lastbilssats-tillbehor-61-st\/"},"modified":"2026-02-27T08:25:17","modified_gmt":"2026-02-27T08:25:17","slug":"woopie-stor-lastbilssats-tillbehor-61-st","status":"publish","type":"product","link":"https:\/\/nordicmart.andreevmaster.com\/sv\/produkt\/woopie-stor-lastbilssats-tillbehor-61-st\/","title":{"rendered":"WOOPIE Stor lastbilssats + tillbeh\u00f6r 61 st."},"content":{"rendered":"<p>En leksak som imiterar fronten p\u00e5 en WOOPIE-lastbil med lyftbar motorhuv, ratt och instrumentbr\u00e4da. N\u00e4r barnet \u00f6ppnar facket under ratten hittar det massor av sp\u00e4nnande saker i form av verktyg, knoppar och skruvar. Unga mekaniker kan utf\u00f6ra m\u00e5nga reparationer och inspektioner p\u00e5 sitt fordon (t.ex. hjul, st\u00e4nksk\u00e4rmar, motor, t\u00e4ndstift, kylargrill). Leksaken \u00e4r utrustad med ett ljudmodul (motor- och tutljud) och ett ljusmodul (str\u00e5lkastare). Dessutom ing\u00e5r en fj\u00e4rrkontroll f\u00f6r att styra modulerna. Den medf\u00f6ljande domkraften kan anv\u00e4ndas f\u00f6r att ta bort hjulen. Detta \u00e4r definitivt ett unikt set som erbjuder o\u00e4ndliga m\u00f6jligheter till lek och skoj. <\/p>\n<p>Egenskaper:<\/p>\n<p>* &#8211; avsedd f\u00f6r barn fr\u00e5n 3 \u00e5r,* &#8211; h\u00f6gkvalitativt hantverk garanterar h\u00f6g h\u00e5llbarhet hos delarna och s\u00e4kerhet vid anv\u00e4ndning av barn,<br \/>\n* &#8211; leksaken imiterar effektivt framsidan av en lastbil med lyftbar motorhuv, ratt och instrumentbr\u00e4da,<br \/>\n* &#8211; under motorhuven finns m\u00e5nga delar att montera och demontera,<br \/>\n* &#8211; det finns verktyg i f\u00f6rvaringsfacket under ratten,* &#8211; traktorn m\u00f6jligg\u00f6r reparationer och inspektioner av bland annat motor, t\u00e4ndstift, kylargrill och hjul,<br \/>\n* &#8211; setet inneh\u00e5ller en fj\u00e4rrkontroll f\u00f6r styrning av ljus- och ljudmodulerna,<br \/>\n* &#8211; motorljud, tuta och lysande str\u00e5lkastare ger extra variation i leken,<br \/>\n* &#8211; den medf\u00f6ljande domkraften g\u00f6r det enkelt att ta bort hjulen.<\/p>\n<p>Satsen inneh\u00e5ller 61 delar, inklusive:<\/p>\n<p>* &#8211; bilens fr\u00e4mre del f\u00f6r reparation,<br \/>\n* &#8211; hjul + hjulkapsel,<br \/>\n* &#8211; skruvar,<br \/>\n* &#8211; verktyg,<br \/>\n* &#8211; fj\u00e4rrkontroll\/nyckel,<br \/>\n* &#8211; olika motordelar och mycket annat.Woopie-leksaker har ett m\u00e5l \u2013 att gl\u00e4dja barn! Bland sitt breda sortiment erbjuder Woopie karnevalskostymer och maskeraddr\u00e4kter f\u00f6r barn, samt h\u00e4ngande gungor, skumleksaker, olika tr\u00e4dg\u00e5rdsleksaker och mycket mer! L\u00e5t dig ryckas med av gl\u00e4djen \u2013 l\u00e5t dig ryckas med av Woopie!<\/p>\n","protected":false},"excerpt":{"rendered":"<p>En leksak som imiterar fronten p\u00e5 en WOOPIE-lastbil med lyftbar motorhuv, ratt och instrumentbr\u00e4da. N\u00e4r barnet \u00f6ppnar facket under ratten hittar det massor av sp\u00e4nnande saker i form av verktyg, knoppar och skruvar. Unga mekaniker kan utf\u00f6ra m\u00e5nga reparationer och inspektioner p\u00e5 sitt fordon (t.ex. hjul, st\u00e4nksk\u00e4rmar, motor, t\u00e4ndstift, kylargrill). Leksaken \u00e4r utrustad med ett [&hellip;]<\/p>\n","protected":false},"featured_media":0,"comment_status":"open","ping_status":"closed","template":"","meta":[],"product_brand":[],"product_cat":[33],"product_tag":[],"class_list":{"0":"post-17608","1":"product","2":"type-product","3":"status-publish","5":"product_cat-okategoriserad","7":"first","8":"instock","9":"shipping-taxable","10":"purchasable","11":"product-type-simple"},"_links":{"self":[{"href":"https:\/\/nordicmart.andreevmaster.com\/sv\/wp-json\/wp\/v2\/product\/17608","targetHints":{"allow":["GET"]}}],"collection":[{"href":"https:\/\/nordicmart.andreevmaster.com\/sv\/wp-json\/wp\/v2\/product"}],"about":[{"href":"https:\/\/nordicmart.andreevmaster.com\/sv\/wp-json\/wp\/v2\/types\/product"}],"replies":[{"embeddable":true,"href":"https:\/\/nordicmart.andreevmaster.com\/sv\/wp-json\/wp\/v2\/comments?post=17608"}],"wp:attachment":[{"href":"https:\/\/nordicmart.andreevmaster.com\/sv\/wp-json\/wp\/v2\/media?parent=17608"}],"wp:term":[{"taxonomy":"product_brand","embeddable":true,"href":"https:\/\/nordicmart.andreevmaster.com\/sv\/wp-json\/wp\/v2\/product_brand?post=17608"},{"taxonomy":"product_cat","embeddable":true,"href":"https:\/\/nordicmart.andreevmaster.com\/sv\/wp-json\/wp\/v2\/product_cat?post=17608"},{"taxonomy":"product_tag","embeddable":true,"href":"https:\/\/nordicmart.andreevmaster.com\/sv\/wp-json\/wp\/v2\/product_tag?post=17608"}],"curies":[{"name":"wp","href":"https:\/\/api.w.org\/{rel}","templated":true}]}}