{"id":17607,"date":"2026-02-27T00:35:48","date_gmt":"2026-02-27T00:35:48","guid":{"rendered":"https:\/\/nordicmart.andreevmaster.com\/product\/smoby-tradgardsgrill-for-barn-grill-18-tillbehor\/"},"modified":"2026-02-27T08:25:16","modified_gmt":"2026-02-27T08:25:16","slug":"smoby-tradgardsgrill-for-barn-grill-18-tillbehor","status":"publish","type":"product","link":"https:\/\/nordicmart.andreevmaster.com\/sv\/produkt\/smoby-tradgardsgrill-for-barn-grill-18-tillbehor\/","title":{"rendered":"SMOBY Tr\u00e4dg\u00e5rdsgrill f\u00f6r barn Grill 18 tillbeh\u00f6r"},"content":{"rendered":"<p>Barn \u00e4lskar att vara ute. De \u00e4lskar ocks\u00e5 att laga mat. S\u00e5 varf\u00f6r inte kombinera dessa tv\u00e5 n\u00f6jen?<\/p>\n<p>En grill \u00e4r perfekt f\u00f6r detta. N\u00e4r v\u00e4dret \u00e4r fint brukar vi tillbringa mycket tid utomhus. Det \u00e4r viktigt att h\u00e5lla barnen sysselsatta. En grill g\u00f6r deras lek mer sp\u00e4nnande \u2013 de kan laga hamburgare till sina v\u00e4nner och kebab till sina f\u00f6r\u00e4ldrar.<\/p>\n<p>Egenskaper:<\/p>\n<p>* &#8211; grillen har tv\u00e5 hjul, vilket g\u00f6r den l\u00e4tt f\u00f6r barn att flytta runt,<br \/>\n* &#8211; den har en grill, varav h\u00e4lften \u00e4r en praktisk bakpl\u00e5t,<br \/>\n* &#8211; tv\u00e5 hyllor p\u00e5 sidorna g\u00f6r att du s\u00e4kert kan placera maten som tillagas eller n\u00f6dv\u00e4ndiga tillbeh\u00f6r,<br \/>\n* &#8211; setet inneh\u00e5ller hela 18 tillbeh\u00f6r,* &#8211; grillspett och hamburgare \u2013 som barnen kan s\u00e4tta ihop precis som de vill,<br \/>\n* &#8211; grillt\u00e5ng,<br \/>\n* &#8211; en t\u00e4ndare som l\u00e5ter n\u00e4r den t\u00e4nds,<br \/>\n* &#8211; orange l\u00e5gor imiterar eld,<br \/>\n* &#8211; vred l\u00e5ter n\u00e4r de vrids,<br \/>\n* &#8211; krokar p\u00e5 grillens framsida f\u00f6r att h\u00e4nga n\u00f6dv\u00e4ndiga redskap.<\/p>\n","protected":false},"excerpt":{"rendered":"<p>Barn \u00e4lskar att vara ute. De \u00e4lskar ocks\u00e5 att laga mat. S\u00e5 varf\u00f6r inte kombinera dessa tv\u00e5 n\u00f6jen? En grill \u00e4r perfekt f\u00f6r detta. N\u00e4r v\u00e4dret \u00e4r fint brukar vi tillbringa mycket tid utomhus. Det \u00e4r viktigt att h\u00e5lla barnen sysselsatta. En grill g\u00f6r deras lek mer sp\u00e4nnande \u2013 de kan laga hamburgare till sina [&hellip;]<\/p>\n","protected":false},"featured_media":0,"comment_status":"open","ping_status":"closed","template":"","meta":[],"product_brand":[],"product_cat":[33],"product_tag":[],"class_list":{"0":"post-17607","1":"product","2":"type-product","3":"status-publish","5":"product_cat-okategoriserad","7":"first","8":"instock","9":"shipping-taxable","10":"purchasable","11":"product-type-simple"},"_links":{"self":[{"href":"https:\/\/nordicmart.andreevmaster.com\/sv\/wp-json\/wp\/v2\/product\/17607","targetHints":{"allow":["GET"]}}],"collection":[{"href":"https:\/\/nordicmart.andreevmaster.com\/sv\/wp-json\/wp\/v2\/product"}],"about":[{"href":"https:\/\/nordicmart.andreevmaster.com\/sv\/wp-json\/wp\/v2\/types\/product"}],"replies":[{"embeddable":true,"href":"https:\/\/nordicmart.andreevmaster.com\/sv\/wp-json\/wp\/v2\/comments?post=17607"}],"wp:attachment":[{"href":"https:\/\/nordicmart.andreevmaster.com\/sv\/wp-json\/wp\/v2\/media?parent=17607"}],"wp:term":[{"taxonomy":"product_brand","embeddable":true,"href":"https:\/\/nordicmart.andreevmaster.com\/sv\/wp-json\/wp\/v2\/product_brand?post=17607"},{"taxonomy":"product_cat","embeddable":true,"href":"https:\/\/nordicmart.andreevmaster.com\/sv\/wp-json\/wp\/v2\/product_cat?post=17607"},{"taxonomy":"product_tag","embeddable":true,"href":"https:\/\/nordicmart.andreevmaster.com\/sv\/wp-json\/wp\/v2\/product_tag?post=17607"}],"curies":[{"name":"wp","href":"https:\/\/api.w.org\/{rel}","templated":true}]}}