{"id":17606,"date":"2026-02-27T00:35:47","date_gmt":"2026-02-27T00:35:47","guid":{"rendered":"https:\/\/nordicmart.andreevmaster.com\/product\/smoby-mini-tefal-studio-bubble-xl-kitchen-34-tillbehor\/"},"modified":"2026-02-27T08:25:16","modified_gmt":"2026-02-27T08:25:16","slug":"smoby-mini-tefal-studio-bubble-xl-kitchen-34-tillbehor","status":"publish","type":"product","link":"https:\/\/nordicmart.andreevmaster.com\/sv\/produkt\/smoby-mini-tefal-studio-bubble-xl-kitchen-34-tillbehor\/","title":{"rendered":"SMOBY Mini Tefal Studio Bubble XL Kitchen + 34 tillbeh\u00f6r"},"content":{"rendered":"<p>Detta \u00e4r det perfekta setet f\u00f6r att leka matlagning. Setet inneh\u00e5ller all n\u00f6dv\u00e4ndig utrustning och funktioner som g\u00f6r att barn kan imitera de aktiviteter de observerar i vardagen och s\u00e5 g\u00e4rna vill kopiera. Att leka med k\u00f6ket ger barn en k\u00e4nsla av sj\u00e4lvst\u00e4ndighet, utvecklar deras fantasi och kreativitet och ger dem m\u00f6jlighet att bygga sociala interaktioner i en grupp.<br \/>\nFunktioner:<br \/>\n* &#8211; Tefal-licensierat barnk\u00f6k,<br \/>\n* &#8211; elektroniskt k\u00f6k med en magisk kastrull \u2013 h\u00e4ll i vatten, tryck p\u00e5 knappen och se riktiga bubblor dyka upp,<br \/>\n* &#8211; k\u00f6ket har en arbetsb\u00e4nk, diskho, kapselkaffemaskin, sodamaskin, kylsk\u00e5p, ugn, diskmaskin och hyllor,<br \/>\n* &#8211; vred f\u00f6r att \u201dstyra\u201d ugnen,* &#8211; ugnen och kylsk\u00e5pet har d\u00f6rrar som g\u00e5r att \u00f6ppna,<br \/>\n* &#8211; diskmaskinen \u00e4r utrustad med ett diskst\u00e4ll,<br \/>\n* &#8211; sodamaskinen avger ett karakteristiskt &#8221;cric cric&#8221;-ljud,<br \/>\n* &#8211; setet inneh\u00e5ller 34 tillbeh\u00f6r \u2013 en kastrull med lock, en pannkakspanna, en salt- och pepparkvarn, 2 tallrikar, 2 gafflar, 2 knivar, 2 teskedar, 2 muggar, 2 glas, 3 kapslar, 3 k\u00f6ksredskap, en diskhylla, livsmedel,<br \/>\n* &#8211; b\u00e4nkskivan \u00e4r 50 cm h\u00f6g,<br \/>\n* &#8211; batterier kr\u00e4vs \u2013 3 x 1,5 V LK03\/AAA (ing\u00e5r ej).<\/p>\n","protected":false},"excerpt":{"rendered":"<p>Detta \u00e4r det perfekta setet f\u00f6r att leka matlagning. Setet inneh\u00e5ller all n\u00f6dv\u00e4ndig utrustning och funktioner som g\u00f6r att barn kan imitera de aktiviteter de observerar i vardagen och s\u00e5 g\u00e4rna vill kopiera. Att leka med k\u00f6ket ger barn en k\u00e4nsla av sj\u00e4lvst\u00e4ndighet, utvecklar deras fantasi och kreativitet och ger dem m\u00f6jlighet att bygga sociala [&hellip;]<\/p>\n","protected":false},"featured_media":0,"comment_status":"open","ping_status":"closed","template":"","meta":[],"product_brand":[],"product_cat":[33],"product_tag":[],"class_list":{"0":"post-17606","1":"product","2":"type-product","3":"status-publish","5":"product_cat-okategoriserad","7":"first","8":"instock","9":"shipping-taxable","10":"purchasable","11":"product-type-simple"},"_links":{"self":[{"href":"https:\/\/nordicmart.andreevmaster.com\/sv\/wp-json\/wp\/v2\/product\/17606","targetHints":{"allow":["GET"]}}],"collection":[{"href":"https:\/\/nordicmart.andreevmaster.com\/sv\/wp-json\/wp\/v2\/product"}],"about":[{"href":"https:\/\/nordicmart.andreevmaster.com\/sv\/wp-json\/wp\/v2\/types\/product"}],"replies":[{"embeddable":true,"href":"https:\/\/nordicmart.andreevmaster.com\/sv\/wp-json\/wp\/v2\/comments?post=17606"}],"wp:attachment":[{"href":"https:\/\/nordicmart.andreevmaster.com\/sv\/wp-json\/wp\/v2\/media?parent=17606"}],"wp:term":[{"taxonomy":"product_brand","embeddable":true,"href":"https:\/\/nordicmart.andreevmaster.com\/sv\/wp-json\/wp\/v2\/product_brand?post=17606"},{"taxonomy":"product_cat","embeddable":true,"href":"https:\/\/nordicmart.andreevmaster.com\/sv\/wp-json\/wp\/v2\/product_cat?post=17606"},{"taxonomy":"product_tag","embeddable":true,"href":"https:\/\/nordicmart.andreevmaster.com\/sv\/wp-json\/wp\/v2\/product_tag?post=17606"}],"curies":[{"name":"wp","href":"https:\/\/api.w.org\/{rel}","templated":true}]}}