{"id":17605,"date":"2026-02-27T00:35:47","date_gmt":"2026-02-27T00:35:47","guid":{"rendered":"https:\/\/nordicmart.andreevmaster.com\/product\/woopie-baby-enkel-tradgardssvang-for-barn\/"},"modified":"2026-02-27T08:25:16","modified_gmt":"2026-02-27T08:25:16","slug":"woopie-baby-enkel-tradgardssvang-for-barn","status":"publish","type":"product","link":"https:\/\/nordicmart.andreevmaster.com\/sv\/produkt\/woopie-baby-enkel-tradgardssvang-for-barn\/","title":{"rendered":"WOOPIE BABY Enkel tr\u00e4dg\u00e5rdssv\u00e4ng f\u00f6r barn"},"content":{"rendered":"<p>Woopie 3-i-1-sv\u00e4ngen ger massor av skoj fr\u00e5n tidig \u00e5lder! Den enkla sv\u00e4ngen har ett stabilt, solitt och h\u00e5llbart stativ med s\u00e4kerhetsfunktioner f\u00f6r benen. Tack vare sin design kan gungan anv\u00e4ndas b\u00e5de inomhus och utomhus. Med avtagbart ben\u00f6verdrag och avtagbart ryggst\u00f6d \u00e4r gungan ocks\u00e5 idealisk f\u00f6r \u00e4ldre barn. Produkten har tre anv\u00e4ndningsalternativ: en gunga f\u00f6r barn med ryggst\u00f6d och ben\u00f6verdrag, en gunga med ryggst\u00f6d eller en gunga utan ryggst\u00f6d. N\u00e4r ditt barn v\u00e4xer kan gungdelarna enkelt tas bort \u2013 gungan v\u00e4xer med ditt barn! S\u00e4kerhetsb\u00e4lten garanterar s\u00e4ker lek, och de r\u00f6rliga delarna utvecklar handr\u00f6relser. Avst\u00e5ndet fr\u00e5n s\u00e4tet till marken \u00e4r 35 cm. Att gunga har en positiv effekt p\u00e5 utvecklingen av ditt barns motoriska f\u00e4rdigheter och \u00e4r den perfekta leksaken f\u00f6r aktiv lek!<\/p>\n<p>Egenskaper:<\/p>\n<p>* 3 anv\u00e4ndningsalternativ tack vare det avtagbara ben\u00f6verdraget och det avtagbara ryggst\u00f6det,<br \/>\n* Avst\u00e5nd fr\u00e5n s\u00e4tet till marken: 35 cm,<br \/>\n* tillverkad av barnv\u00e4nligt, s\u00e4kert och h\u00e5llbart material,<br \/>\n* utvecklar grovmotorik (utveckling av benmuskler), finmotorik (&#8221;handr\u00f6relser&#8221;), balans och koordination hos barn,<br \/>\n* f\u00f6r anv\u00e4ndning hemma och utomhus.<\/p>\n<p>Woopie \u00e4r en av Europas ledande tillverkare av plastleksaker. Mochtoys produkter s\u00e4ljs framg\u00e5ngsrikt p\u00e5 den inhemska marknaden och i hela Europa.Woopie-leksaker har ett m\u00e5l \u2013 att gl\u00e4dja barn! Bland sitt breda sortiment erbjuder Woopie karnevalskostymer och maskeraddr\u00e4kter f\u00f6r barn, samt h\u00e4ngande gungor, skumleksaker, olika tr\u00e4dg\u00e5rdsleksaker och mycket mer! L\u00e5t dig ryckas med av gl\u00e4djen \u2013 l\u00e5t dig ryckas med av Woopie!<\/p>\n","protected":false},"excerpt":{"rendered":"<p>Woopie 3-i-1-sv\u00e4ngen ger massor av skoj fr\u00e5n tidig \u00e5lder! Den enkla sv\u00e4ngen har ett stabilt, solitt och h\u00e5llbart stativ med s\u00e4kerhetsfunktioner f\u00f6r benen. Tack vare sin design kan gungan anv\u00e4ndas b\u00e5de inomhus och utomhus. Med avtagbart ben\u00f6verdrag och avtagbart ryggst\u00f6d \u00e4r gungan ocks\u00e5 idealisk f\u00f6r \u00e4ldre barn. Produkten har tre anv\u00e4ndningsalternativ: en gunga f\u00f6r barn [&hellip;]<\/p>\n","protected":false},"featured_media":0,"comment_status":"open","ping_status":"closed","template":"","meta":[],"product_brand":[],"product_cat":[33],"product_tag":[],"class_list":{"0":"post-17605","1":"product","2":"type-product","3":"status-publish","5":"product_cat-okategoriserad","7":"first","8":"instock","9":"shipping-taxable","10":"purchasable","11":"product-type-simple"},"_links":{"self":[{"href":"https:\/\/nordicmart.andreevmaster.com\/sv\/wp-json\/wp\/v2\/product\/17605","targetHints":{"allow":["GET"]}}],"collection":[{"href":"https:\/\/nordicmart.andreevmaster.com\/sv\/wp-json\/wp\/v2\/product"}],"about":[{"href":"https:\/\/nordicmart.andreevmaster.com\/sv\/wp-json\/wp\/v2\/types\/product"}],"replies":[{"embeddable":true,"href":"https:\/\/nordicmart.andreevmaster.com\/sv\/wp-json\/wp\/v2\/comments?post=17605"}],"wp:attachment":[{"href":"https:\/\/nordicmart.andreevmaster.com\/sv\/wp-json\/wp\/v2\/media?parent=17605"}],"wp:term":[{"taxonomy":"product_brand","embeddable":true,"href":"https:\/\/nordicmart.andreevmaster.com\/sv\/wp-json\/wp\/v2\/product_brand?post=17605"},{"taxonomy":"product_cat","embeddable":true,"href":"https:\/\/nordicmart.andreevmaster.com\/sv\/wp-json\/wp\/v2\/product_cat?post=17605"},{"taxonomy":"product_tag","embeddable":true,"href":"https:\/\/nordicmart.andreevmaster.com\/sv\/wp-json\/wp\/v2\/product_tag?post=17605"}],"curies":[{"name":"wp","href":"https:\/\/api.w.org\/{rel}","templated":true}]}}