{"id":17604,"date":"2026-02-27T00:35:47","date_gmt":"2026-02-27T00:35:47","guid":{"rendered":"https:\/\/nordicmart.andreevmaster.com\/product\/smoby-beach-bar-beach-bar-beach-2\/"},"modified":"2026-02-27T08:25:16","modified_gmt":"2026-02-27T08:25:16","slug":"smoby-beach-bar-beach-bar-beach-2","status":"publish","type":"product","link":"https:\/\/nordicmart.andreevmaster.com\/sv\/produkt\/smoby-beach-bar-beach-bar-beach-2\/","title":{"rendered":"SMOBY Beach Bar Beach Bar Beach"},"content":{"rendered":"<p>Barn \u00e4lskar hemmafester och lekar. Nu kan de ordna en strandfest f\u00f6r sina v\u00e4nner, f\u00f6r\u00e4ldrar eller gosedjur.<\/p>\n<p>Egenskaper:<\/p>\n<p>* &#8211; strandbaren erbjuder m\u00e5nga olika s\u00e4tt att leka p\u00e5 \u2013 barnen kan g\u00f6ra glass med toppings och str\u00f6ssel, drycker, fruktspett och sedan ta betalt f\u00f6r allt i kassan.* &#8211; setet inneh\u00e5ller 38 tillbeh\u00f6r \u2013 en glassmaskin, glass med v\u00e5fflor, en glassskopa, en fruktspett, str\u00f6ssel, tallrikar, bestick, en kassaapparat,<br \/>\n* &#8211; tack vare sin lilla storlek kan den enkelt tas med till stranden, parken eller tr\u00e4dg\u00e5rden.<\/p>\n","protected":false},"excerpt":{"rendered":"<p>Barn \u00e4lskar hemmafester och lekar. Nu kan de ordna en strandfest f\u00f6r sina v\u00e4nner, f\u00f6r\u00e4ldrar eller gosedjur. Egenskaper: * &#8211; strandbaren erbjuder m\u00e5nga olika s\u00e4tt att leka p\u00e5 \u2013 barnen kan g\u00f6ra glass med toppings och str\u00f6ssel, drycker, fruktspett och sedan ta betalt f\u00f6r allt i kassan.* &#8211; setet inneh\u00e5ller 38 tillbeh\u00f6r \u2013 en glassmaskin, [&hellip;]<\/p>\n","protected":false},"featured_media":0,"comment_status":"open","ping_status":"closed","template":"","meta":[],"product_brand":[],"product_cat":[33],"product_tag":[],"class_list":{"0":"post-17604","1":"product","2":"type-product","3":"status-publish","5":"product_cat-okategoriserad","7":"first","8":"instock","9":"shipping-taxable","10":"purchasable","11":"product-type-simple"},"_links":{"self":[{"href":"https:\/\/nordicmart.andreevmaster.com\/sv\/wp-json\/wp\/v2\/product\/17604","targetHints":{"allow":["GET"]}}],"collection":[{"href":"https:\/\/nordicmart.andreevmaster.com\/sv\/wp-json\/wp\/v2\/product"}],"about":[{"href":"https:\/\/nordicmart.andreevmaster.com\/sv\/wp-json\/wp\/v2\/types\/product"}],"replies":[{"embeddable":true,"href":"https:\/\/nordicmart.andreevmaster.com\/sv\/wp-json\/wp\/v2\/comments?post=17604"}],"wp:attachment":[{"href":"https:\/\/nordicmart.andreevmaster.com\/sv\/wp-json\/wp\/v2\/media?parent=17604"}],"wp:term":[{"taxonomy":"product_brand","embeddable":true,"href":"https:\/\/nordicmart.andreevmaster.com\/sv\/wp-json\/wp\/v2\/product_brand?post=17604"},{"taxonomy":"product_cat","embeddable":true,"href":"https:\/\/nordicmart.andreevmaster.com\/sv\/wp-json\/wp\/v2\/product_cat?post=17604"},{"taxonomy":"product_tag","embeddable":true,"href":"https:\/\/nordicmart.andreevmaster.com\/sv\/wp-json\/wp\/v2\/product_tag?post=17604"}],"curies":[{"name":"wp","href":"https:\/\/api.w.org\/{rel}","templated":true}]}}