{"id":17603,"date":"2026-02-27T00:35:47","date_gmt":"2026-02-27T00:35:47","guid":{"rendered":"https:\/\/nordicmart.andreevmaster.com\/product\/woopie-gungbrada-for-flera-personer-dino-seesaw-pink\/"},"modified":"2026-02-27T08:25:16","modified_gmt":"2026-02-27T08:25:16","slug":"woopie-gungbrada-for-flera-personer-dino-seesaw-pink","status":"publish","type":"product","link":"https:\/\/nordicmart.andreevmaster.com\/sv\/produkt\/woopie-gungbrada-for-flera-personer-dino-seesaw-pink\/","title":{"rendered":"WOOPIE Gungbr\u00e4da f\u00f6r flera personer Dino Seesaw Pink"},"content":{"rendered":"<p>Woopie Pink Dinosaurs gungbr\u00e4da f\u00f6r flera personer \u00e4r inte bara rolig, utan fr\u00e4mjar ocks\u00e5 de sm\u00e5 barnens fysiska utveckling. Den \u00e4r avsedd f\u00f6r 2\u20133 barn och passar perfekt b\u00e5de hemma och i tr\u00e4dg\u00e5rden. Den ergonomiska formen, de bekv\u00e4ma s\u00e4tena och handtagen garanterar s\u00e4ker och bekv\u00e4m lek under l\u00e5ng tid. Produkten \u00e4r tillverkad av slitstark, v\u00e4derbest\u00e4ndig plast som t\u00e5l intensiv anv\u00e4ndning. Den \u00e4r ett utm\u00e4rkt alternativ till klassiska gungor och gungstolar \u2013 barnen kan leka ensamma eller i par och l\u00e4ra sig samarbete och balans. Den l\u00e4tta konstruktionen g\u00f6r att produkten enkelt kan flyttas till valfri plats. Den rosa f\u00e4rgen med f\u00e4rgglada prickar i kombination med dinosaurieformade s\u00e4ten lockar barnens uppm\u00e4rksamhet och uppmuntrar till aktiv lek! Att gunga p\u00e5 denna gunga \u00e4r inte bara roligt, utan ocks\u00e5 en form av naturlig motion som har en positiv effekt p\u00e5 utvecklingen av grovmotorik, balans och koordination.<br \/>\nEgenskaper:<br \/>\n* &#8211; Gungstol f\u00f6r flera personer \u2013 f\u00f6r 2 eller 3 barn samtidigt<br \/>\n* &#8211; S\u00e4ker handtag f\u00f6r b\u00e4ttre grepp och stabilitet<br \/>\n* &#8211; Slitstark och l\u00e4tt konstruktion av v\u00e4derbest\u00e4ndig plast<br \/>\n* &#8211; Rundade kanter \u2013 inga vassa delar<br \/>\n* &#8211; Perfekt f\u00f6r hemmet och tr\u00e4dg\u00e5rden \u2013 m\u00e5ngsidig anv\u00e4ndning<br \/>\n* &#8211; I\u00f6gonfallande dinosauriedesign<br \/>\n* &#8211; Stabil bas f\u00f6r j\u00e4mn gungning<\/p>\n<p>Leksaken utvecklar:<\/p>\n<p>* &#8211; Balans och motorisk koordination<br \/>\n* &#8211; Grovmotorik<br \/>\n* &#8211; Samarbete och interaktion med andra barn<br \/>\n* &#8211; Rumslig medvetenhet och kroppsstabilisering<br \/>\n* &#8211; S\u00e4kerhet i r\u00f6relser och sj\u00e4lvst\u00e4ndigt lekande<\/p>\n<p>Produktm\u00e5tt: 140 x 57 x 40 (cm)<\/p>\n","protected":false},"excerpt":{"rendered":"<p>Woopie Pink Dinosaurs gungbr\u00e4da f\u00f6r flera personer \u00e4r inte bara rolig, utan fr\u00e4mjar ocks\u00e5 de sm\u00e5 barnens fysiska utveckling. Den \u00e4r avsedd f\u00f6r 2\u20133 barn och passar perfekt b\u00e5de hemma och i tr\u00e4dg\u00e5rden. Den ergonomiska formen, de bekv\u00e4ma s\u00e4tena och handtagen garanterar s\u00e4ker och bekv\u00e4m lek under l\u00e5ng tid. Produkten \u00e4r tillverkad av slitstark, v\u00e4derbest\u00e4ndig [&hellip;]<\/p>\n","protected":false},"featured_media":0,"comment_status":"open","ping_status":"closed","template":"","meta":[],"product_brand":[],"product_cat":[33],"product_tag":[],"class_list":{"0":"post-17603","1":"product","2":"type-product","3":"status-publish","5":"product_cat-okategoriserad","7":"first","8":"instock","9":"shipping-taxable","10":"purchasable","11":"product-type-simple"},"_links":{"self":[{"href":"https:\/\/nordicmart.andreevmaster.com\/sv\/wp-json\/wp\/v2\/product\/17603","targetHints":{"allow":["GET"]}}],"collection":[{"href":"https:\/\/nordicmart.andreevmaster.com\/sv\/wp-json\/wp\/v2\/product"}],"about":[{"href":"https:\/\/nordicmart.andreevmaster.com\/sv\/wp-json\/wp\/v2\/types\/product"}],"replies":[{"embeddable":true,"href":"https:\/\/nordicmart.andreevmaster.com\/sv\/wp-json\/wp\/v2\/comments?post=17603"}],"wp:attachment":[{"href":"https:\/\/nordicmart.andreevmaster.com\/sv\/wp-json\/wp\/v2\/media?parent=17603"}],"wp:term":[{"taxonomy":"product_brand","embeddable":true,"href":"https:\/\/nordicmart.andreevmaster.com\/sv\/wp-json\/wp\/v2\/product_brand?post=17603"},{"taxonomy":"product_cat","embeddable":true,"href":"https:\/\/nordicmart.andreevmaster.com\/sv\/wp-json\/wp\/v2\/product_cat?post=17603"},{"taxonomy":"product_tag","embeddable":true,"href":"https:\/\/nordicmart.andreevmaster.com\/sv\/wp-json\/wp\/v2\/product_tag?post=17603"}],"curies":[{"name":"wp","href":"https:\/\/api.w.org\/{rel}","templated":true}]}}