{"id":17602,"date":"2026-02-27T00:35:46","date_gmt":"2026-02-27T00:35:46","guid":{"rendered":"https:\/\/nordicmart.andreevmaster.com\/product\/woopie-multi-person-dino-rocker-balance-swing-light-green-2\/"},"modified":"2026-02-27T08:25:15","modified_gmt":"2026-02-27T08:25:15","slug":"woopie-multi-person-dino-rocker-balance-swing-light-green-2","status":"publish","type":"product","link":"https:\/\/nordicmart.andreevmaster.com\/sv\/produkt\/woopie-multi-person-dino-rocker-balance-swing-light-green-2\/","title":{"rendered":"WOOPIE Multi-Person Dino Rocker Balance Swing Light Green"},"content":{"rendered":"<p>Woopie Multi-Person Dino Rocker i ljusgr\u00f6nt kommer att bli dina barns favoritdinosaurie! Tre barn kan anv\u00e4nda gungan samtidigt, och \u00e4ven ett barn kommer att ha roligt! N\u00e4r tv\u00e5 barn gungar samtidigt kan Dino fungera som en gungbr\u00e4da, och barnen kan gunga i all o\u00e4ndlighet medan de samarbetar. Gungan i sig ger m\u00e5nga f\u00f6rdelar f\u00f6r barn: gungandet lugnar barnet och utvecklar motoriska f\u00e4rdigheter, vilket \u00e4r idealiskt f\u00f6r en sund utveckling. Dessutom kan dinosaurier stimulera ditt barns fantasi och kreativitet. De kan behandla den som en v\u00e4n som de tar hand om. Produkten kan anv\u00e4ndas b\u00e5de inomhus och utomhus!<\/p>\n<p>Egenskaper:<\/p>\n<p>* &#8211; gungbr\u00e4da f\u00f6r flera personer \u2013 kan anv\u00e4ndas av upp till tre barn samtidigt<br \/>\n* &#8211; gungfunktion<br \/>\n* &#8211; tillverkad av barnv\u00e4nligt, s\u00e4kert och h\u00e5llbart material<br \/>\n* &#8211; utvecklar grovmotorik, balans, fantasi och kreativitet hos barn<br \/>\n* &#8211; utvecklar samarbete genom gemensam gungning<br \/>\n* &#8211; f\u00f6r inomhus- och utomhusbruk<\/p>\n","protected":false},"excerpt":{"rendered":"<p>Woopie Multi-Person Dino Rocker i ljusgr\u00f6nt kommer att bli dina barns favoritdinosaurie! Tre barn kan anv\u00e4nda gungan samtidigt, och \u00e4ven ett barn kommer att ha roligt! N\u00e4r tv\u00e5 barn gungar samtidigt kan Dino fungera som en gungbr\u00e4da, och barnen kan gunga i all o\u00e4ndlighet medan de samarbetar. Gungan i sig ger m\u00e5nga f\u00f6rdelar f\u00f6r barn: [&hellip;]<\/p>\n","protected":false},"featured_media":0,"comment_status":"open","ping_status":"closed","template":"","meta":[],"product_brand":[],"product_cat":[33],"product_tag":[],"class_list":{"0":"post-17602","1":"product","2":"type-product","3":"status-publish","5":"product_cat-okategoriserad","7":"first","8":"instock","9":"shipping-taxable","10":"purchasable","11":"product-type-simple"},"_links":{"self":[{"href":"https:\/\/nordicmart.andreevmaster.com\/sv\/wp-json\/wp\/v2\/product\/17602","targetHints":{"allow":["GET"]}}],"collection":[{"href":"https:\/\/nordicmart.andreevmaster.com\/sv\/wp-json\/wp\/v2\/product"}],"about":[{"href":"https:\/\/nordicmart.andreevmaster.com\/sv\/wp-json\/wp\/v2\/types\/product"}],"replies":[{"embeddable":true,"href":"https:\/\/nordicmart.andreevmaster.com\/sv\/wp-json\/wp\/v2\/comments?post=17602"}],"wp:attachment":[{"href":"https:\/\/nordicmart.andreevmaster.com\/sv\/wp-json\/wp\/v2\/media?parent=17602"}],"wp:term":[{"taxonomy":"product_brand","embeddable":true,"href":"https:\/\/nordicmart.andreevmaster.com\/sv\/wp-json\/wp\/v2\/product_brand?post=17602"},{"taxonomy":"product_cat","embeddable":true,"href":"https:\/\/nordicmart.andreevmaster.com\/sv\/wp-json\/wp\/v2\/product_cat?post=17602"},{"taxonomy":"product_tag","embeddable":true,"href":"https:\/\/nordicmart.andreevmaster.com\/sv\/wp-json\/wp\/v2\/product_tag?post=17602"}],"curies":[{"name":"wp","href":"https:\/\/api.w.org\/{rel}","templated":true}]}}