{"id":17598,"date":"2026-02-27T00:35:45","date_gmt":"2026-02-27T00:35:45","guid":{"rendered":"https:\/\/nordicmart.andreevmaster.com\/product\/woopie-classic-electric-train-track-sound-light-29-tillbehor\/"},"modified":"2026-02-27T08:25:15","modified_gmt":"2026-02-27T08:25:15","slug":"woopie-classic-electric-train-track-sound-light-29-tillbehor","status":"publish","type":"product","link":"https:\/\/nordicmart.andreevmaster.com\/sv\/produkt\/woopie-classic-electric-train-track-sound-light-29-tillbehor\/","title":{"rendered":"WOOPIE Classic Electric Train Track Sound Light + 29 tillbeh\u00f6r"},"content":{"rendered":"<p>Ge dig ut p\u00e5 en of\u00f6rgl\u00f6mlig resa med det elektriska t\u00e5get fr\u00e5n Woopie! Det \u00e4r en fantastisk, interaktiv leksak som kommer att gl\u00e4dja alla sm\u00e5 t\u00e5g\u00e4lskare. Loket avger realistiska ljud, har en lysande str\u00e5lkastare och, mest sp\u00e4nnande av allt, producerar s\u00e4ker &#8221;r\u00f6k&#8221;, eller vatten\u00e5nga, vilket ger intrycket av ett riktigt lok. Sp\u00e5ren \u00e4r l\u00e4tta att montera och deras ovala form m\u00f6jligg\u00f6r kontinuerlig k\u00f6rning utan behov av st\u00e4ndig \u00f6vervakning. T\u00e5get r\u00f6r sig av sig sj\u00e4lv, vilket ger ditt barn m\u00f6jlighet att beundra specialeffekterna, vilket garanterat kommer att ge mycket gl\u00e4dje och n\u00f6je!<\/p>\n<p>Egenskaper:<\/p>\n<p>* &#8211; Leksak f\u00f6r barn fr\u00e5n 3 \u00e5r<br \/>\n* &#8211; Lokomotivet avger ljud och lyser med str\u00e5lkastare<br \/>\n* &#8211; Producerar s\u00e4ker vatten\u00e5nga (r\u00f6keffekt)<br \/>\n* &#8211; Sp\u00e5ren \u00e4r l\u00e4tta att montera och t\u00e5get r\u00f6r sig av sig sj\u00e4lv<br \/>\n* &#8211; Produkten \u00e4r tillverkad av h\u00f6gkvalitativa, giftfria material<br \/>\n* &#8211; Kr\u00e4ver 4xAA-batterier (ing\u00e5r ej)<br \/>\n* &#8211; Lokets l\u00e4ngd med vagnar \u00e4r 94 cm<br \/>\n* &#8211; Sp\u00e5rl\u00e4ngd: 460 cm<br \/>\n* &#8211; Sp\u00e5rdimensioner: 170 x 82 cm<\/p>\n<p>Satsen inneh\u00e5ller:<\/p>\n<p>* &#8211; 1 lok<br \/>\n* &#8211; 2 personvagnar<br \/>\n* &#8211; 12 b\u00f6jda sp\u00e5r och 4 raka sp\u00e5r<br \/>\n* &#8211; 1 station<br \/>\n* &#8211; 1 vattenflaska<br \/>\n* &#8211; 1 tr\u00e4d<\/p>\n<p>Leksaken utvecklar:<\/p>\n<p>* &#8211; Fantasi och kreativitet<br \/>\n* &#8211; Orsak-verkan-t\u00e4nkande<\/p>\n","protected":false},"excerpt":{"rendered":"<p>Ge dig ut p\u00e5 en of\u00f6rgl\u00f6mlig resa med det elektriska t\u00e5get fr\u00e5n Woopie! Det \u00e4r en fantastisk, interaktiv leksak som kommer att gl\u00e4dja alla sm\u00e5 t\u00e5g\u00e4lskare. Loket avger realistiska ljud, har en lysande str\u00e5lkastare och, mest sp\u00e4nnande av allt, producerar s\u00e4ker &#8221;r\u00f6k&#8221;, eller vatten\u00e5nga, vilket ger intrycket av ett riktigt lok. Sp\u00e5ren \u00e4r l\u00e4tta att [&hellip;]<\/p>\n","protected":false},"featured_media":0,"comment_status":"open","ping_status":"closed","template":"","meta":[],"product_brand":[],"product_cat":[33],"product_tag":[],"class_list":{"0":"post-17598","1":"product","2":"type-product","3":"status-publish","5":"product_cat-okategoriserad","7":"first","8":"instock","9":"shipping-taxable","10":"purchasable","11":"product-type-simple"},"_links":{"self":[{"href":"https:\/\/nordicmart.andreevmaster.com\/sv\/wp-json\/wp\/v2\/product\/17598","targetHints":{"allow":["GET"]}}],"collection":[{"href":"https:\/\/nordicmart.andreevmaster.com\/sv\/wp-json\/wp\/v2\/product"}],"about":[{"href":"https:\/\/nordicmart.andreevmaster.com\/sv\/wp-json\/wp\/v2\/types\/product"}],"replies":[{"embeddable":true,"href":"https:\/\/nordicmart.andreevmaster.com\/sv\/wp-json\/wp\/v2\/comments?post=17598"}],"wp:attachment":[{"href":"https:\/\/nordicmart.andreevmaster.com\/sv\/wp-json\/wp\/v2\/media?parent=17598"}],"wp:term":[{"taxonomy":"product_brand","embeddable":true,"href":"https:\/\/nordicmart.andreevmaster.com\/sv\/wp-json\/wp\/v2\/product_brand?post=17598"},{"taxonomy":"product_cat","embeddable":true,"href":"https:\/\/nordicmart.andreevmaster.com\/sv\/wp-json\/wp\/v2\/product_cat?post=17598"},{"taxonomy":"product_tag","embeddable":true,"href":"https:\/\/nordicmart.andreevmaster.com\/sv\/wp-json\/wp\/v2\/product_tag?post=17598"}],"curies":[{"name":"wp","href":"https:\/\/api.w.org\/{rel}","templated":true}]}}