{"id":17597,"date":"2026-02-27T00:35:45","date_gmt":"2026-02-27T00:35:45","guid":{"rendered":"https:\/\/nordicmart.andreevmaster.com\/product\/woopie-sensorisk-ortopedisk-pusselmatta-5-delar\/"},"modified":"2026-02-27T08:25:14","modified_gmt":"2026-02-27T08:25:14","slug":"woopie-sensorisk-ortopedisk-pusselmatta-5-delar","status":"publish","type":"product","link":"https:\/\/nordicmart.andreevmaster.com\/sv\/produkt\/woopie-sensorisk-ortopedisk-pusselmatta-5-delar\/","title":{"rendered":"WOOPIE Sensorisk Ortopedisk Pusselmatta, 5 delar"},"content":{"rendered":"<p>Denna sensoriska matta, rekommenderad av m\u00e4rket WOOPIE, har utm\u00e4rkta ortopediska egenskaper och \u00e4r viktig f\u00f6r att st\u00f6dja ditt barns utveckling. Dessutom kan den vara fantastisk lek f\u00f6r barn som \u00e4lskar att g\u00e5 barfota. Settet har 5 element\/pussel med olika typer av h\u00e5rda och mjuka strukturer som kompletterar varandra perfekt. Det best\u00e5r av ytor som st\u00e4rker b\u00e5len och s\u00e4kerst\u00e4ller balans och stabilitet under tr\u00e4ning. En ytterligare f\u00f6rdel \u00e4r st\u00e4rkning av vrister och inre muskler, som hj\u00e4lper till med korrekt h\u00e5llning. Settet \u00e4r ett perfekt komplement till andra set i denna serie.<\/p>\n<p>Anv\u00e4ndning av mattan stimulerar sinnena, masserar f\u00f6tterna och minskar f\u00f6rekomsten av plattfot. Mattorna p\u00e5verkar ocks\u00e5 barnets sensoriska integration, dvs. f\u00f6rm\u00e5gan att k\u00e4nna och reagera p\u00e5 information fr\u00e5n kroppen och omgivningen.<\/p>\n<p>Egenskaper:<\/p>\n<p>* &#8211; sensorisk matta, ortopedisk, pusselliknande<br \/>\n* &#8211; h\u00e5rda och mjuka ytor med olika funktioner och strukturer<br \/>\n* &#8211; h\u00e4lsa och lek<br \/>\n* &#8211; f\u00f6r barn som \u00e4lskar att g\u00e5 barfota<\/p>\n<p>Element:<\/p>\n<p>* &#8211; 2x h\u00e5rda utskjutningar<br \/>\n* &#8211; 1x mjuka sn\u00e4ckor<br \/>\n* &#8211; 1x h\u00e5rd tr\u00e4dstam<br \/>\n* &#8211; 1x h\u00e5rd igelkott<\/p>\n<p>### Settet \u00e4r ett perfekt till\u00e4gg till andra set i denna serie.<\/p>\n<p>### Setten kan kombineras f\u00f6r att skapa st\u00f6rre ytor.<\/p>\n","protected":false},"excerpt":{"rendered":"<p>Denna sensoriska matta, rekommenderad av m\u00e4rket WOOPIE, har utm\u00e4rkta ortopediska egenskaper och \u00e4r viktig f\u00f6r att st\u00f6dja ditt barns utveckling. Dessutom kan den vara fantastisk lek f\u00f6r barn som \u00e4lskar att g\u00e5 barfota. Settet har 5 element\/pussel med olika typer av h\u00e5rda och mjuka strukturer som kompletterar varandra perfekt. Det best\u00e5r av ytor som st\u00e4rker [&hellip;]<\/p>\n","protected":false},"featured_media":0,"comment_status":"open","ping_status":"closed","template":"","meta":[],"product_brand":[],"product_cat":[33],"product_tag":[],"class_list":{"0":"post-17597","1":"product","2":"type-product","3":"status-publish","5":"product_cat-okategoriserad","7":"first","8":"instock","9":"shipping-taxable","10":"purchasable","11":"product-type-simple"},"_links":{"self":[{"href":"https:\/\/nordicmart.andreevmaster.com\/sv\/wp-json\/wp\/v2\/product\/17597","targetHints":{"allow":["GET"]}}],"collection":[{"href":"https:\/\/nordicmart.andreevmaster.com\/sv\/wp-json\/wp\/v2\/product"}],"about":[{"href":"https:\/\/nordicmart.andreevmaster.com\/sv\/wp-json\/wp\/v2\/types\/product"}],"replies":[{"embeddable":true,"href":"https:\/\/nordicmart.andreevmaster.com\/sv\/wp-json\/wp\/v2\/comments?post=17597"}],"wp:attachment":[{"href":"https:\/\/nordicmart.andreevmaster.com\/sv\/wp-json\/wp\/v2\/media?parent=17597"}],"wp:term":[{"taxonomy":"product_brand","embeddable":true,"href":"https:\/\/nordicmart.andreevmaster.com\/sv\/wp-json\/wp\/v2\/product_brand?post=17597"},{"taxonomy":"product_cat","embeddable":true,"href":"https:\/\/nordicmart.andreevmaster.com\/sv\/wp-json\/wp\/v2\/product_cat?post=17597"},{"taxonomy":"product_tag","embeddable":true,"href":"https:\/\/nordicmart.andreevmaster.com\/sv\/wp-json\/wp\/v2\/product_tag?post=17597"}],"curies":[{"name":"wp","href":"https:\/\/api.w.org\/{rel}","templated":true}]}}