{"id":17596,"date":"2026-02-27T00:35:45","date_gmt":"2026-02-27T00:35:45","guid":{"rendered":"https:\/\/nordicmart.andreevmaster.com\/product\/woopie-sensorisk-ortopedisk-pusselmatt-8-delar-version-1a\/"},"modified":"2026-02-27T08:25:14","modified_gmt":"2026-02-27T08:25:14","slug":"woopie-sensorisk-ortopedisk-pusselmatt-8-delar-version-1a","status":"publish","type":"product","link":"https:\/\/nordicmart.andreevmaster.com\/sv\/produkt\/woopie-sensorisk-ortopedisk-pusselmatt-8-delar-version-1a\/","title":{"rendered":"WOOPIE Sensorisk ortopedisk pusselmatt, 8 delar, VERSION-1A"},"content":{"rendered":"<p>Denna sensoriska matta, rekommenderad av varum\u00e4rket Woopie, har utm\u00e4rkta ortopediska egenskaper och \u00e4r viktig f\u00f6r att st\u00f6dja ditt barns utveckling. Den kan ocks\u00e5 vara mycket rolig f\u00f6r barn som \u00e4lskar att g\u00e5 barfota. Satsen inneh\u00e5ller 8 delar\/pussel med olika texturer som kompletterar varandra perfekt. H\u00e5rda ytor, s\u00e5som koner och sn\u00e4ckor, stimulerar och st\u00e4rker fotvalvet. Stora sm\u00e5stenar \u00e5 andra sidan trycker p\u00e5 musklerna i fotvalvet och tr\u00e4nar uppfattningen av sl\u00e4ta och grova ytor. Mjuka ytor, s\u00e5som gr\u00e4s och havsv\u00e5gor, fungerar som f\u00f6rberedelse eller avlastning fr\u00e5n h\u00e5rda ytor.Anv\u00e4ndningen av mattan stimulerar sinnena, masserar f\u00f6tterna och minskar f\u00f6rekomsten av platta f\u00f6tter. Mattor p\u00e5verkar ocks\u00e5 barnets sensoriska integration, dvs. f\u00f6rm\u00e5gan att k\u00e4nna och reagera p\u00e5 information fr\u00e5n kroppen och omgivningen.Egenskaper:<\/p>\n<p>* &#8211; sensorisk matta, ortopedisk, pusselliknande<br \/>\n* &#8211; h\u00e5rda och mjuka ytor med olika funktioner och strukturer<br \/>\n* &#8211; h\u00e4lsosam och rolig<br \/>\n* &#8211; f\u00f6r barn som \u00e4lskar att g\u00e5 barfota<\/p>\n<p>Delar:<\/p>\n<p>* &#8211; 1x mjukt gr\u00e4s<br \/>\n* &#8211; 1x mjuk sten<br \/>\n* &#8211; 1x mjuk v\u00e5g<br \/>\n* &#8211; 1x sm\u00e5 flikar<br \/>\n* &#8211; 1x h\u00e5rt \u00e4gg<br \/>\n* &#8211; 1x h\u00e5rda n\u00f6tter<br \/>\n* &#8211; 1x h\u00e5rda skal<br \/>\n* &#8211; 1x h\u00e5rda kottar<\/p>\n<p>### Set kan kombineras f\u00f6r att skapa st\u00f6rre ytor.<\/p>\n","protected":false},"excerpt":{"rendered":"<p>Denna sensoriska matta, rekommenderad av varum\u00e4rket Woopie, har utm\u00e4rkta ortopediska egenskaper och \u00e4r viktig f\u00f6r att st\u00f6dja ditt barns utveckling. Den kan ocks\u00e5 vara mycket rolig f\u00f6r barn som \u00e4lskar att g\u00e5 barfota. Satsen inneh\u00e5ller 8 delar\/pussel med olika texturer som kompletterar varandra perfekt. H\u00e5rda ytor, s\u00e5som koner och sn\u00e4ckor, stimulerar och st\u00e4rker fotvalvet. Stora [&hellip;]<\/p>\n","protected":false},"featured_media":0,"comment_status":"open","ping_status":"closed","template":"","meta":[],"product_brand":[],"product_cat":[33],"product_tag":[],"class_list":{"0":"post-17596","1":"product","2":"type-product","3":"status-publish","5":"product_cat-okategoriserad","7":"first","8":"instock","9":"shipping-taxable","10":"purchasable","11":"product-type-simple"},"_links":{"self":[{"href":"https:\/\/nordicmart.andreevmaster.com\/sv\/wp-json\/wp\/v2\/product\/17596","targetHints":{"allow":["GET"]}}],"collection":[{"href":"https:\/\/nordicmart.andreevmaster.com\/sv\/wp-json\/wp\/v2\/product"}],"about":[{"href":"https:\/\/nordicmart.andreevmaster.com\/sv\/wp-json\/wp\/v2\/types\/product"}],"replies":[{"embeddable":true,"href":"https:\/\/nordicmart.andreevmaster.com\/sv\/wp-json\/wp\/v2\/comments?post=17596"}],"wp:attachment":[{"href":"https:\/\/nordicmart.andreevmaster.com\/sv\/wp-json\/wp\/v2\/media?parent=17596"}],"wp:term":[{"taxonomy":"product_brand","embeddable":true,"href":"https:\/\/nordicmart.andreevmaster.com\/sv\/wp-json\/wp\/v2\/product_brand?post=17596"},{"taxonomy":"product_cat","embeddable":true,"href":"https:\/\/nordicmart.andreevmaster.com\/sv\/wp-json\/wp\/v2\/product_cat?post=17596"},{"taxonomy":"product_tag","embeddable":true,"href":"https:\/\/nordicmart.andreevmaster.com\/sv\/wp-json\/wp\/v2\/product_tag?post=17596"}],"curies":[{"name":"wp","href":"https:\/\/api.w.org\/{rel}","templated":true}]}}