{"id":17594,"date":"2026-02-27T00:35:44","date_gmt":"2026-02-27T00:35:44","guid":{"rendered":"https:\/\/nordicmart.andreevmaster.com\/product\/woopie-supermarket-med-kundvagn-vag-kassaapparat-skanner-48-tillbehor\/"},"modified":"2026-02-27T08:25:14","modified_gmt":"2026-02-27T08:25:14","slug":"woopie-supermarket-med-kundvagn-vag-kassaapparat-skanner-48-tillbehor","status":"publish","type":"product","link":"https:\/\/nordicmart.andreevmaster.com\/sv\/produkt\/woopie-supermarket-med-kundvagn-vag-kassaapparat-skanner-48-tillbehor\/","title":{"rendered":"WOOPIE Supermarket med kundvagn, v\u00e5g, kassaapparat, skanner + 48 tillbeh\u00f6r"},"content":{"rendered":"<p>Supermarket med kundvagn och m\u00e5nga extra tillbeh\u00f6r, fr\u00e5n m\u00e4rket Woopie. En perfekt id\u00e9 f\u00f6r barn \u00f6ver 3 \u00e5r. Barn \u00e4lskar att imitera sina f\u00f6r\u00e4ldrar i deras dagliga sysslor, s\u00e5 detta \u00e4r det perfekta setet f\u00f6r ditt barn och en extra m\u00f6jlighet f\u00f6r ditt barn att inte bara ha kul, utan ocks\u00e5 l\u00e4ra sig n\u00e5got (rollspel utvecklar barns fantasi och kreativitet). Butiken inneh\u00e5ller alla n\u00f6dv\u00e4ndiga artiklar f\u00f6r att utrusta en liten f\u00f6rs\u00e4ljares arbetsplats, inklusive: en kassaapparat med terminal, v\u00e5g, skanner, betalkort och m\u00e5nga livsmedel. Den medf\u00f6ljande kundvagnen g\u00f6r det m\u00f6jligt att ha kul med v\u00e4nnerna oavsett var och n\u00e4r!<\/p>\n<p>Funktioner:<\/p>\n<p>* &#8211; en skanner som lyser och avger ett karakteristiskt ljud (batterier ing\u00e5r ej),* &#8211; kassaapparat med knappman\u00f6vrerad l\u00e5da,<br \/>\n* &#8211; v\u00e5g som perfekt imiterar en riktig v\u00e5g,<br \/>\n* &#8211; stativ utrustat med hyllor f\u00f6r produkter med priser,<br \/>\n* &#8211; perfekt \u00e5tergivna livsmedel,<br \/>\n* &#8211; estetisk och universell design g\u00f6r att setet passar alla interi\u00f6rer,<br \/>\n* &#8211; f\u00e4rgglad l\u00e5da, perfekt som present.<\/p>\n<p>Satsen inneh\u00e5ller:<\/p>\n<p>* &#8211; stormarknad med hyllor,<br \/>\n* &#8211; shoppingkorg,<br \/>\n* &#8211; butikv\u00e5g,<br \/>\n* &#8211; streckkodsl\u00e4sare,<br \/>\n* &#8211; papperspengar,<br \/>\n* &#8211; kreditkort,<br \/>\n* &#8211; livsmedel (frukt, gr\u00f6nsaker, drycker, mejeriprodukter etc.).<\/p>\n<p>Woopie-leksaker har ett m\u00e5l \u2013 att gl\u00e4dja barn! Bland sitt breda sortiment erbjuder Woopie karnevalskostymer och maskeraddr\u00e4kter f\u00f6r barn, samt h\u00e4ngande gungor, skumleksaker, olika typer av tr\u00e4dg\u00e5rdsleksaker och mycket mer! L\u00e5t dig ryckas med av gl\u00e4djen \u2013 l\u00e5t dig ryckas med av Woopie!<\/p>\n","protected":false},"excerpt":{"rendered":"<p>Supermarket med kundvagn och m\u00e5nga extra tillbeh\u00f6r, fr\u00e5n m\u00e4rket Woopie. En perfekt id\u00e9 f\u00f6r barn \u00f6ver 3 \u00e5r. Barn \u00e4lskar att imitera sina f\u00f6r\u00e4ldrar i deras dagliga sysslor, s\u00e5 detta \u00e4r det perfekta setet f\u00f6r ditt barn och en extra m\u00f6jlighet f\u00f6r ditt barn att inte bara ha kul, utan ocks\u00e5 l\u00e4ra sig n\u00e5got (rollspel [&hellip;]<\/p>\n","protected":false},"featured_media":0,"comment_status":"open","ping_status":"closed","template":"","meta":[],"product_brand":[],"product_cat":[33],"product_tag":[],"class_list":{"0":"post-17594","1":"product","2":"type-product","3":"status-publish","5":"product_cat-okategoriserad","7":"first","8":"instock","9":"shipping-taxable","10":"purchasable","11":"product-type-simple"},"_links":{"self":[{"href":"https:\/\/nordicmart.andreevmaster.com\/sv\/wp-json\/wp\/v2\/product\/17594","targetHints":{"allow":["GET"]}}],"collection":[{"href":"https:\/\/nordicmart.andreevmaster.com\/sv\/wp-json\/wp\/v2\/product"}],"about":[{"href":"https:\/\/nordicmart.andreevmaster.com\/sv\/wp-json\/wp\/v2\/types\/product"}],"replies":[{"embeddable":true,"href":"https:\/\/nordicmart.andreevmaster.com\/sv\/wp-json\/wp\/v2\/comments?post=17594"}],"wp:attachment":[{"href":"https:\/\/nordicmart.andreevmaster.com\/sv\/wp-json\/wp\/v2\/media?parent=17594"}],"wp:term":[{"taxonomy":"product_brand","embeddable":true,"href":"https:\/\/nordicmart.andreevmaster.com\/sv\/wp-json\/wp\/v2\/product_brand?post=17594"},{"taxonomy":"product_cat","embeddable":true,"href":"https:\/\/nordicmart.andreevmaster.com\/sv\/wp-json\/wp\/v2\/product_cat?post=17594"},{"taxonomy":"product_tag","embeddable":true,"href":"https:\/\/nordicmart.andreevmaster.com\/sv\/wp-json\/wp\/v2\/product_tag?post=17594"}],"curies":[{"name":"wp","href":"https:\/\/api.w.org\/{rel}","templated":true}]}}