{"id":17593,"date":"2026-02-27T00:35:44","date_gmt":"2026-02-27T00:35:44","guid":{"rendered":"https:\/\/nordicmart.andreevmaster.com\/product\/solskyddstak-for-gran-tour-berg-fyrsitsiga-gokartar\/"},"modified":"2026-02-27T08:25:14","modified_gmt":"2026-02-27T08:25:14","slug":"solskyddstak-for-gran-tour-berg-fyrsitsiga-gokartar","status":"publish","type":"product","link":"https:\/\/nordicmart.andreevmaster.com\/sv\/produkt\/solskyddstak-for-gran-tour-berg-fyrsitsiga-gokartar\/","title":{"rendered":"Solskyddstak f\u00f6r Gran Tour Berg fyrsitsiga gokartar"},"content":{"rendered":"<p>Skyddstak f\u00f6r Gran Tour Berg fyrsitsiga gokartar.<\/p>\n<p>Det skyddar dig och din familj:<\/p>\n<p>* fr\u00e5n solen,<br \/>\n* regn,<br \/>\n* och allt ov\u00e4ntat!<\/p>\n<p>Orange tak som passar Grand Tour Off-road gokartar Passar modeller tillverkade sedan 2015.<\/p>\n<p>BERG \u00e4r ett nederl\u00e4ndskt f\u00f6retag som i \u00f6ver trettio \u00e5r har byggt sin verksamhet p\u00e5 tv\u00e5 pelare: tradition och innovation. F\u00f6retagets mission \u00e4r att uppr\u00e4tth\u00e5lla och utveckla uppfinningsrikedom och pionj\u00e4randa, s\u00e5 att design- och tillverkningsprocessen resulterar i p\u00e5litlighet och tidl\u00f6s originalitet. Enligt f\u00f6retaget ska det perfekta barnfordonet inte bara erbjuda m\u00e5ngsidiga lekm\u00f6jligheter, utan ocks\u00e5 fr\u00e4mja en sund fysisk utveckling och m\u00f6jligg\u00f6ra s\u00e5 l\u00e5ng anv\u00e4ndning av leksaken som m\u00f6jligt.<\/p>\n","protected":false},"excerpt":{"rendered":"<p>Skyddstak f\u00f6r Gran Tour Berg fyrsitsiga gokartar. Det skyddar dig och din familj: * fr\u00e5n solen, * regn, * och allt ov\u00e4ntat! Orange tak som passar Grand Tour Off-road gokartar Passar modeller tillverkade sedan 2015. BERG \u00e4r ett nederl\u00e4ndskt f\u00f6retag som i \u00f6ver trettio \u00e5r har byggt sin verksamhet p\u00e5 tv\u00e5 pelare: tradition och innovation. [&hellip;]<\/p>\n","protected":false},"featured_media":0,"comment_status":"open","ping_status":"closed","template":"","meta":[],"product_brand":[],"product_cat":[33],"product_tag":[],"class_list":{"0":"post-17593","1":"product","2":"type-product","3":"status-publish","5":"product_cat-okategoriserad","7":"first","8":"instock","9":"shipping-taxable","10":"purchasable","11":"product-type-simple"},"_links":{"self":[{"href":"https:\/\/nordicmart.andreevmaster.com\/sv\/wp-json\/wp\/v2\/product\/17593","targetHints":{"allow":["GET"]}}],"collection":[{"href":"https:\/\/nordicmart.andreevmaster.com\/sv\/wp-json\/wp\/v2\/product"}],"about":[{"href":"https:\/\/nordicmart.andreevmaster.com\/sv\/wp-json\/wp\/v2\/types\/product"}],"replies":[{"embeddable":true,"href":"https:\/\/nordicmart.andreevmaster.com\/sv\/wp-json\/wp\/v2\/comments?post=17593"}],"wp:attachment":[{"href":"https:\/\/nordicmart.andreevmaster.com\/sv\/wp-json\/wp\/v2\/media?parent=17593"}],"wp:term":[{"taxonomy":"product_brand","embeddable":true,"href":"https:\/\/nordicmart.andreevmaster.com\/sv\/wp-json\/wp\/v2\/product_brand?post=17593"},{"taxonomy":"product_cat","embeddable":true,"href":"https:\/\/nordicmart.andreevmaster.com\/sv\/wp-json\/wp\/v2\/product_cat?post=17593"},{"taxonomy":"product_tag","embeddable":true,"href":"https:\/\/nordicmart.andreevmaster.com\/sv\/wp-json\/wp\/v2\/product_tag?post=17593"}],"curies":[{"name":"wp","href":"https:\/\/api.w.org\/{rel}","templated":true}]}}