{"id":17592,"date":"2026-02-27T00:35:44","date_gmt":"2026-02-27T00:35:44","guid":{"rendered":"https:\/\/nordicmart.andreevmaster.com\/product\/berg-gran-tour-racer-4-sitsig-pedalgokart-upp-till-225-kg\/"},"modified":"2026-02-27T08:25:13","modified_gmt":"2026-02-27T08:25:13","slug":"berg-gran-tour-racer-4-sitsig-pedalgokart-upp-till-225-kg","status":"publish","type":"product","link":"https:\/\/nordicmart.andreevmaster.com\/sv\/produkt\/berg-gran-tour-racer-4-sitsig-pedalgokart-upp-till-225-kg\/","title":{"rendered":"Berg Gran Tour Racer 4-sitsig pedalgokart upp till 225 kg"},"content":{"rendered":"<p>En attraktion f\u00f6r alla n\u00f6jesparker: BERG Gran Tour cykel\/gokart! Den fyrsitsiga gokarten har en ergonomisk design som g\u00f6r den helt s\u00e4ker att anv\u00e4nda. Den \u00e4r mycket rolig f\u00f6r b\u00e5de unga och gamla anv\u00e4ndare. Fordonet \u00e4r konstruerat f\u00f6r tunga laster. Det har utformats f\u00f6r att ge h\u00f6gsta m\u00f6jliga komfort. Den man\u00f6vrerbara gokarten \u00e4r l\u00e4tt att styra. En p\u00e5litlig handbroms m\u00f6jligg\u00f6r smidig inbromsning.<\/p>\n<p>Egenskaper:<\/p>\n<p>* &#8211; l\u00e4mplig f\u00f6r 2 vuxna och 2 barn (fram),<br \/>\n* &#8211; p\u00e5litlig och s\u00e4ker styrning,<br \/>\n* &#8211; tv\u00e5 baks\u00e4ten och tv\u00e5 frams\u00e4ten. Frams\u00e4tena \u00e4r utrustade med s\u00e4kerhetsb\u00e4lten,<br \/>\n* &#8211; handbroms och parkeringsbroms p\u00e5 bakhjulen,<br \/>\n* &#8211; 580 mm diameter gummiracinghjul med aluminiumf\u00e4lgar,<br \/>\n* &#8211; trampning fram\u00e5t kombineras med en frirullningsfunktion n\u00e4r f\u00f6tterna \u00e4r stilla under k\u00f6rning.<\/p>\n<p>ERBJUDANDET INKLUDERAR SJ\u00c4LVST\u00c4NDIGT GO-KART &#8211; UTAN TAK.<\/p>\n","protected":false},"excerpt":{"rendered":"<p>En attraktion f\u00f6r alla n\u00f6jesparker: BERG Gran Tour cykel\/gokart! Den fyrsitsiga gokarten har en ergonomisk design som g\u00f6r den helt s\u00e4ker att anv\u00e4nda. Den \u00e4r mycket rolig f\u00f6r b\u00e5de unga och gamla anv\u00e4ndare. Fordonet \u00e4r konstruerat f\u00f6r tunga laster. Det har utformats f\u00f6r att ge h\u00f6gsta m\u00f6jliga komfort. Den man\u00f6vrerbara gokarten \u00e4r l\u00e4tt att styra. [&hellip;]<\/p>\n","protected":false},"featured_media":0,"comment_status":"open","ping_status":"closed","template":"","meta":[],"product_brand":[],"product_cat":[33],"product_tag":[],"class_list":{"0":"post-17592","1":"product","2":"type-product","3":"status-publish","5":"product_cat-okategoriserad","7":"first","8":"instock","9":"shipping-taxable","10":"purchasable","11":"product-type-simple"},"_links":{"self":[{"href":"https:\/\/nordicmart.andreevmaster.com\/sv\/wp-json\/wp\/v2\/product\/17592","targetHints":{"allow":["GET"]}}],"collection":[{"href":"https:\/\/nordicmart.andreevmaster.com\/sv\/wp-json\/wp\/v2\/product"}],"about":[{"href":"https:\/\/nordicmart.andreevmaster.com\/sv\/wp-json\/wp\/v2\/types\/product"}],"replies":[{"embeddable":true,"href":"https:\/\/nordicmart.andreevmaster.com\/sv\/wp-json\/wp\/v2\/comments?post=17592"}],"wp:attachment":[{"href":"https:\/\/nordicmart.andreevmaster.com\/sv\/wp-json\/wp\/v2\/media?parent=17592"}],"wp:term":[{"taxonomy":"product_brand","embeddable":true,"href":"https:\/\/nordicmart.andreevmaster.com\/sv\/wp-json\/wp\/v2\/product_brand?post=17592"},{"taxonomy":"product_cat","embeddable":true,"href":"https:\/\/nordicmart.andreevmaster.com\/sv\/wp-json\/wp\/v2\/product_cat?post=17592"},{"taxonomy":"product_tag","embeddable":true,"href":"https:\/\/nordicmart.andreevmaster.com\/sv\/wp-json\/wp\/v2\/product_tag?post=17592"}],"curies":[{"name":"wp","href":"https:\/\/api.w.org\/{rel}","templated":true}]}}