{"id":17591,"date":"2026-02-27T00:35:43","date_gmt":"2026-02-27T00:35:43","guid":{"rendered":"https:\/\/nordicmart.andreevmaster.com\/product\/berg-gran-tour-off-road-bfr-4-sitsig-pedalgokart-5\/"},"modified":"2026-02-27T08:25:13","modified_gmt":"2026-02-27T08:25:13","slug":"berg-gran-tour-off-road-bfr-4-sitsig-pedalgokart-5","status":"publish","type":"product","link":"https:\/\/nordicmart.andreevmaster.com\/sv\/produkt\/berg-gran-tour-off-road-bfr-4-sitsig-pedalgokart-5\/","title":{"rendered":"BERG Gran Tour Off-Road BFR 4-sitsig pedalgokart 5+"},"content":{"rendered":"<p>En attraktion f\u00f6r alla rekreationsparker: BERG Gran Tour Off Road cykel\/gokart! Den fyrsitsiga gokarten har en ergonomisk design som g\u00f6r den helt s\u00e4ker att anv\u00e4nda. Den \u00e4r mycket rolig f\u00f6r b\u00e5de yngre och \u00e4ldre anv\u00e4ndare. Fordonet \u00e4r konstruerat f\u00f6r tunga laster. Det har utformats f\u00f6r att ge h\u00f6gsta m\u00f6jliga komfort. Den man\u00f6vrerbara gokarten \u00e4r l\u00e4tt att styra. En p\u00e5litlig handbroms m\u00f6jligg\u00f6r smidig inbromsning.Tekniska data<\/p>\n<p>* Garanti: 2 \u00e5r<br \/>\n* Anv\u00e4ndarens \u00e5lder: 0-99 \u00e5r<br \/>\n* Maximal anv\u00e4ndarvikt: 225 kg<br \/>\n* Fordonets storlek (l\u00e4ngd, bredd, h\u00f6jd): 190 cm, 115 cm, 102 cm<br \/>\n* Fordonets vikt: 106 kg<br \/>\n* Broms: Manuell<br \/>\n* Backv\u00e4xel: nej<br \/>\n* Frig\u00e5ng: ja<br \/>\n* Justerbar sits: ja<br \/>\n* Justerbart ratt: ja<br \/>\n* Kedjeskydd: Fullt<\/p>\n","protected":false},"excerpt":{"rendered":"<p>En attraktion f\u00f6r alla rekreationsparker: BERG Gran Tour Off Road cykel\/gokart! Den fyrsitsiga gokarten har en ergonomisk design som g\u00f6r den helt s\u00e4ker att anv\u00e4nda. Den \u00e4r mycket rolig f\u00f6r b\u00e5de yngre och \u00e4ldre anv\u00e4ndare. Fordonet \u00e4r konstruerat f\u00f6r tunga laster. Det har utformats f\u00f6r att ge h\u00f6gsta m\u00f6jliga komfort. Den man\u00f6vrerbara gokarten \u00e4r l\u00e4tt [&hellip;]<\/p>\n","protected":false},"featured_media":0,"comment_status":"open","ping_status":"closed","template":"","meta":[],"product_brand":[],"product_cat":[33],"product_tag":[],"class_list":{"0":"post-17591","1":"product","2":"type-product","3":"status-publish","5":"product_cat-okategoriserad","7":"first","8":"instock","9":"shipping-taxable","10":"purchasable","11":"product-type-simple"},"_links":{"self":[{"href":"https:\/\/nordicmart.andreevmaster.com\/sv\/wp-json\/wp\/v2\/product\/17591","targetHints":{"allow":["GET"]}}],"collection":[{"href":"https:\/\/nordicmart.andreevmaster.com\/sv\/wp-json\/wp\/v2\/product"}],"about":[{"href":"https:\/\/nordicmart.andreevmaster.com\/sv\/wp-json\/wp\/v2\/types\/product"}],"replies":[{"embeddable":true,"href":"https:\/\/nordicmart.andreevmaster.com\/sv\/wp-json\/wp\/v2\/comments?post=17591"}],"wp:attachment":[{"href":"https:\/\/nordicmart.andreevmaster.com\/sv\/wp-json\/wp\/v2\/media?parent=17591"}],"wp:term":[{"taxonomy":"product_brand","embeddable":true,"href":"https:\/\/nordicmart.andreevmaster.com\/sv\/wp-json\/wp\/v2\/product_brand?post=17591"},{"taxonomy":"product_cat","embeddable":true,"href":"https:\/\/nordicmart.andreevmaster.com\/sv\/wp-json\/wp\/v2\/product_cat?post=17591"},{"taxonomy":"product_tag","embeddable":true,"href":"https:\/\/nordicmart.andreevmaster.com\/sv\/wp-json\/wp\/v2\/product_tag?post=17591"}],"curies":[{"name":"wp","href":"https:\/\/api.w.org\/{rel}","templated":true}]}}