{"id":17590,"date":"2026-02-27T00:35:43","date_gmt":"2026-02-27T00:35:43","guid":{"rendered":"https:\/\/nordicmart.andreevmaster.com\/product\/woopie-supermarket-shop-och-shopping-cart-shopping-cart-cash-register-scale-scanner-47-tillbehor\/"},"modified":"2026-02-27T08:25:13","modified_gmt":"2026-02-27T08:25:13","slug":"woopie-supermarket-shop-och-shopping-cart-shopping-cart-cash-register-scale-scanner-47-tillbehor","status":"publish","type":"product","link":"https:\/\/nordicmart.andreevmaster.com\/sv\/produkt\/woopie-supermarket-shop-och-shopping-cart-shopping-cart-cash-register-scale-scanner-47-tillbehor\/","title":{"rendered":"WOOPIE Supermarket Shop och Shopping Cart Shopping Cart Cash Register Scale Scanner 47 tillbeh\u00f6r"},"content":{"rendered":"<p>Supermarknaden med en kundvagn som inneh\u00e5ller 47 tillbeh\u00f6r fr\u00e5n det p\u00e5litliga varum\u00e4rket Woopie \u00e4r idealisk f\u00f6r barn \u00f6ver 3 \u00e5r. Barn \u00e4lskar att imitera sina f\u00f6r\u00e4ldrar, vilket \u00e4r varf\u00f6r detta \u00e4r det perfekta setet f\u00f6r ditt barn. Rollspel utvecklar barns fantasi och kreativitet. Butiken inneh\u00e5ller alla n\u00f6dv\u00e4ndiga element f\u00f6r att utrusta en liten f\u00f6rs\u00e4ljares arbetsstation, inklusive en kassaapparat med v\u00e5g, en skanner och en kortl\u00e4sare. Den medf\u00f6ljande kundvagnen g\u00f6r det m\u00f6jligt att ha kul med v\u00e4nnerna oavsett var och n\u00e4r, och ditt barn kommer alltid att veta hur man beter sig i en stormarknad!<\/p>\n<p>Funktioner:<\/p>\n<p>* &#8211; en skanner som lyser r\u00f6tt och avger ett karakteristiskt ljud,<br \/>\n* &#8211; en kortl\u00e4sare som avger ett ljud och har en blinkande lampa,* &#8211; kassaapparat som perfekt imiterar en riktig,<br \/>\n* &#8211; stativ utrustat med hyllor f\u00f6r produkter med priser,<br \/>\n* &#8211; perfekt \u00e5tergivna livsmedel,<br \/>\n* &#8211; estetiska och d\u00e4mpade f\u00e4rger g\u00f6r den l\u00e4mplig f\u00f6r alla interi\u00f6rer,<br \/>\n* &#8211; f\u00e4rgglad l\u00e5da perfekt f\u00f6r en present,<br \/>\n* &#8211; avst\u00e5ndet fr\u00e5n marken till butiksdisken \u00e4r ca 45 cm.Satsen inneh\u00e5ller 47 tillbeh\u00f6r:<\/p>\n<p>* &#8211; stormarknad,<br \/>\n* &#8211; kundkorg,<br \/>\n* &#8211; butikv\u00e5g,<br \/>\n* &#8211; streckkodsl\u00e4sare,<br \/>\n* &#8211; kreditkortsl\u00e4sare + kreditkort,<br \/>\n* &#8211; sedlar,<br \/>\n* &#8211; mynt,<br \/>\n* &#8211; livsmedel (frukt, gr\u00f6nsaker, drycker, mejeriprodukter, osv.).<\/p>\n<p>Leksaken utvecklar:<\/p>\n<p>* &#8211; Fantasi och kreativitet<br \/>\n* &#8211; Sociala f\u00e4rdigheter<br \/>\n* &#8211; Kognitiva f\u00e4rdigheter<br \/>\n* &#8211; Finmotorik<\/p>\n","protected":false},"excerpt":{"rendered":"<p>Supermarknaden med en kundvagn som inneh\u00e5ller 47 tillbeh\u00f6r fr\u00e5n det p\u00e5litliga varum\u00e4rket Woopie \u00e4r idealisk f\u00f6r barn \u00f6ver 3 \u00e5r. Barn \u00e4lskar att imitera sina f\u00f6r\u00e4ldrar, vilket \u00e4r varf\u00f6r detta \u00e4r det perfekta setet f\u00f6r ditt barn. Rollspel utvecklar barns fantasi och kreativitet. Butiken inneh\u00e5ller alla n\u00f6dv\u00e4ndiga element f\u00f6r att utrusta en liten f\u00f6rs\u00e4ljares arbetsstation, [&hellip;]<\/p>\n","protected":false},"featured_media":0,"comment_status":"open","ping_status":"closed","template":"","meta":[],"product_brand":[],"product_cat":[33],"product_tag":[],"class_list":{"0":"post-17590","1":"product","2":"type-product","3":"status-publish","5":"product_cat-okategoriserad","7":"first","8":"instock","9":"shipping-taxable","10":"purchasable","11":"product-type-simple"},"_links":{"self":[{"href":"https:\/\/nordicmart.andreevmaster.com\/sv\/wp-json\/wp\/v2\/product\/17590","targetHints":{"allow":["GET"]}}],"collection":[{"href":"https:\/\/nordicmart.andreevmaster.com\/sv\/wp-json\/wp\/v2\/product"}],"about":[{"href":"https:\/\/nordicmart.andreevmaster.com\/sv\/wp-json\/wp\/v2\/types\/product"}],"replies":[{"embeddable":true,"href":"https:\/\/nordicmart.andreevmaster.com\/sv\/wp-json\/wp\/v2\/comments?post=17590"}],"wp:attachment":[{"href":"https:\/\/nordicmart.andreevmaster.com\/sv\/wp-json\/wp\/v2\/media?parent=17590"}],"wp:term":[{"taxonomy":"product_brand","embeddable":true,"href":"https:\/\/nordicmart.andreevmaster.com\/sv\/wp-json\/wp\/v2\/product_brand?post=17590"},{"taxonomy":"product_cat","embeddable":true,"href":"https:\/\/nordicmart.andreevmaster.com\/sv\/wp-json\/wp\/v2\/product_cat?post=17590"},{"taxonomy":"product_tag","embeddable":true,"href":"https:\/\/nordicmart.andreevmaster.com\/sv\/wp-json\/wp\/v2\/product_tag?post=17590"}],"curies":[{"name":"wp","href":"https:\/\/api.w.org\/{rel}","templated":true}]}}