{"id":17587,"date":"2026-02-27T00:35:42","date_gmt":"2026-02-27T00:35:42","guid":{"rendered":"https:\/\/nordicmart.andreevmaster.com\/product\/woopie-swing-3-in-1-pink-2\/"},"modified":"2026-02-27T08:25:12","modified_gmt":"2026-02-27T08:25:12","slug":"woopie-swing-3-in-1-pink-2","status":"publish","type":"product","link":"https:\/\/nordicmart.andreevmaster.com\/sv\/produkt\/woopie-swing-3-in-1-pink-2\/","title":{"rendered":"WOOPIE Swing 3-in-1 Pink"},"content":{"rendered":"<p>Woopie 3-i-1-gungan \u00e4r det perfekta valet f\u00f6r f\u00f6r\u00e4ldrar som letar efter en s\u00e4ker, h\u00e5llbar och multifunktionell l\u00f6sning f\u00f6r lek b\u00e5de inomhus och utomhus. Den f\u00e4rgglada, barnv\u00e4nliga designen lockar ditt barns uppm\u00e4rksamhet och uppmuntrar till aktivitet. Det \u00e4r inte bara en leksak, utan ocks\u00e5 en produkt som v\u00e4xer med ditt barn. Tack vare den modul\u00e4ra designen kan du anpassa den efter ditt barns \u00e5lder och f\u00f6rm\u00e5ga \u2013 beroende p\u00e5 dina behov kan du enkelt ta bort ryggst\u00f6det och ben\u00f6verdraget. P\u00e5 s\u00e5 s\u00e4tt kommer gungan att tj\u00e4na ditt barn i m\u00e5nga \u00e5r och erbjuda s\u00e4ker och engagerande lek i olika utvecklingsstadier. Gungan \u00e4r utrustad med s\u00e4kerhetsb\u00e4lten som effektivt skyddar ditt barn fr\u00e5n att falla ur medan det leker. Dessutom g\u00f6r den justerbara l\u00e4ngden p\u00e5 repen (upp till 160 cm) att du kan installera gungan i olika h\u00f6jder \u2013 du kan anpassa den perfekt till f\u00f6rh\u00e5llandena i din tr\u00e4dg\u00e5rd, p\u00e5 din terrass eller inne i ditt hem. Den robusta konstruktionen av h\u00e5llbar plast garanterar motst\u00e5ndskraft mot v\u00e4derf\u00f6rh\u00e5llanden och \u00e4r ocks\u00e5 skonsam mot ditt barns hud \u2013 utan vassa kanter eller giftiga material. Med denna gunga ger du ditt barn vackra stunder fulla av gl\u00e4dje och lek.<br \/>\nEgenskaper:<br \/>\n* &#8211; Produkt avsedd f\u00f6r barn fr\u00e5n 12 m\u00e5naders \u00e5lder<br \/>\n* &#8211; 3 funktioner i 1: babysits med ryggst\u00f6d och ben\u00f6verdrag, gunga med endast ryggst\u00f6d eller sits utan ryggst\u00f6d<br \/>\n* &#8211; Multifunktionell modul\u00e4r design \u2013 komponenterna kan enkelt demonteras<br \/>\n* &#8211; S\u00e4kerhetsb\u00e4lten \u2013 garanterar stabilitet och skydd f\u00f6r ditt barn n\u00e4r det gungar<br \/>\n* &#8211; Justerbar upph\u00e4ngningsh\u00f6jd \u2013 rep upp till 160 cm l\u00e5nga<br \/>\n* &#8211; Enkel installation tack vare praktiska handtag och krokar<br \/>\n* &#8211; Slitstark, stabil och l\u00e4tt konstruktion \u2013 idealisk f\u00f6r anv\u00e4ndning inomhus och utomhus<br \/>\n* &#8211; F\u00e4rgglad, v\u00e4nlig design \u2013 uppmuntrar barn att leka och vara aktiva<br \/>\n* &#8211; Material av h\u00f6gsta kvalitet \u2013 h\u00e5llbara, s\u00e4kra och l\u00e4tta att reng\u00f6ra<\/p>\n<p>Satsen inneh\u00e5ller:<\/p>\n<p>* &#8211; Gungstol i plast<br \/>\n* &#8211; Avtagbart fotst\u00f6d<br \/>\n* &#8211; Avtagbart ryggst\u00f6d<br \/>\n* &#8211; Integrerade s\u00e4kerhetsb\u00e4lten<br \/>\n* &#8211; Slitstarka upph\u00e4ngningsrep upp till 160 cm l\u00e5nga<br \/>\n* &#8211; F\u00e4stkrokar f\u00f6r upph\u00e4ngning av gungan<\/p>\n<p>Leksaken utvecklar:<\/p>\n<p>* &#8211; Motorisk koordination<br \/>\n* &#8211; Balans och motoriska f\u00e4rdigheter<br \/>\n* &#8211; Balanssinne<br \/>\n* &#8211; Sj\u00e4lvst\u00e4ndighet<br \/>\n* &#8211; Sj\u00e4lvf\u00f6rtroende<\/p>\n<p>Produktm\u00e5tt: 44 x 35 x 37 (cm)<\/p>\n","protected":false},"excerpt":{"rendered":"<p>Woopie 3-i-1-gungan \u00e4r det perfekta valet f\u00f6r f\u00f6r\u00e4ldrar som letar efter en s\u00e4ker, h\u00e5llbar och multifunktionell l\u00f6sning f\u00f6r lek b\u00e5de inomhus och utomhus. Den f\u00e4rgglada, barnv\u00e4nliga designen lockar ditt barns uppm\u00e4rksamhet och uppmuntrar till aktivitet. Det \u00e4r inte bara en leksak, utan ocks\u00e5 en produkt som v\u00e4xer med ditt barn. Tack vare den modul\u00e4ra designen [&hellip;]<\/p>\n","protected":false},"featured_media":0,"comment_status":"open","ping_status":"closed","template":"","meta":[],"product_brand":[],"product_cat":[33],"product_tag":[],"class_list":{"0":"post-17587","1":"product","2":"type-product","3":"status-publish","5":"product_cat-okategoriserad","7":"first","8":"instock","9":"shipping-taxable","10":"purchasable","11":"product-type-simple"},"_links":{"self":[{"href":"https:\/\/nordicmart.andreevmaster.com\/sv\/wp-json\/wp\/v2\/product\/17587","targetHints":{"allow":["GET"]}}],"collection":[{"href":"https:\/\/nordicmart.andreevmaster.com\/sv\/wp-json\/wp\/v2\/product"}],"about":[{"href":"https:\/\/nordicmart.andreevmaster.com\/sv\/wp-json\/wp\/v2\/types\/product"}],"replies":[{"embeddable":true,"href":"https:\/\/nordicmart.andreevmaster.com\/sv\/wp-json\/wp\/v2\/comments?post=17587"}],"wp:attachment":[{"href":"https:\/\/nordicmart.andreevmaster.com\/sv\/wp-json\/wp\/v2\/media?parent=17587"}],"wp:term":[{"taxonomy":"product_brand","embeddable":true,"href":"https:\/\/nordicmart.andreevmaster.com\/sv\/wp-json\/wp\/v2\/product_brand?post=17587"},{"taxonomy":"product_cat","embeddable":true,"href":"https:\/\/nordicmart.andreevmaster.com\/sv\/wp-json\/wp\/v2\/product_cat?post=17587"},{"taxonomy":"product_tag","embeddable":true,"href":"https:\/\/nordicmart.andreevmaster.com\/sv\/wp-json\/wp\/v2\/product_tag?post=17587"}],"curies":[{"name":"wp","href":"https:\/\/api.w.org\/{rel}","templated":true}]}}