{"id":17586,"date":"2026-02-27T00:35:42","date_gmt":"2026-02-27T00:35:42","guid":{"rendered":"https:\/\/nordicmart.andreevmaster.com\/product\/woopie-super-trailer-rod-35-kg\/"},"modified":"2026-02-27T08:25:12","modified_gmt":"2026-02-27T08:25:12","slug":"woopie-super-trailer-rod-35-kg","status":"publish","type":"product","link":"https:\/\/nordicmart.andreevmaster.com\/sv\/produkt\/woopie-super-trailer-rod-35-kg\/","title":{"rendered":"WOOPIE SUPER TRAILER R\u00f6d 35 kg"},"content":{"rendered":"<p>SUPER TRAILER \u00e4r det perfekta tillbeh\u00f6ret till WOOPIE-pedalfordon! Den utm\u00e4rker sig med sin moderna design, solida konstruktion och praktiska tippfunktion, som g\u00f6r varje leksession mer realistisk. Tack vare de h\u00e5llbara, tysta hjulen och halkskyddade f\u00f6rst\u00e4rkningarna kan barnen transportera sand, l\u00f6v eller sina favoritleksaker utan begr\u00e4nsningar. Produkten \u00e4r tillverkad av material av h\u00f6gsta kvalitet som \u00e4r milj\u00f6v\u00e4nliga och helt s\u00e4kra f\u00f6r barn. Den garanterar massor av skoj och aktiv tid utomhus!<\/p>\n<p>Egenskaper<\/p>\n<p>* Utformad f\u00f6r barn fr\u00e5n 3 \u00e5r<br \/>\n* S\u00e4ker, milj\u00f6v\u00e4nliga material av h\u00f6gsta kvalitet<br \/>\n* Slitstarka, tysta hjul med halkskydd<br \/>\n* R\u00f6rlig tippfunktion f\u00f6r mer lekgl\u00e4dje<br \/>\n* Ergonomisk design f\u00f6r komfort<br \/>\n* Maximal belastning: 35 kg<br \/>\n* Kompatibel med modellerna: GoTrac (koder: 28422, 28439) och MaxTrac (kod: 28415)<\/p>\n<p>Leksaken utvecklar<\/p>\n<p>* Kreativitet och fantasi under rollspel<br \/>\n* Fysisk kondition och motorisk koordination<br \/>\n* Sj\u00e4lvst\u00e4ndighet och ansvar (t.ex. att transportera sin egen \u201dlast\u201d)<br \/>\n* F\u00f6rm\u00e5gan att planera och organisera lek<br \/>\n* Viljan att tillbringa tid aktivt utomhus<\/p>\n","protected":false},"excerpt":{"rendered":"<p>SUPER TRAILER \u00e4r det perfekta tillbeh\u00f6ret till WOOPIE-pedalfordon! Den utm\u00e4rker sig med sin moderna design, solida konstruktion och praktiska tippfunktion, som g\u00f6r varje leksession mer realistisk. Tack vare de h\u00e5llbara, tysta hjulen och halkskyddade f\u00f6rst\u00e4rkningarna kan barnen transportera sand, l\u00f6v eller sina favoritleksaker utan begr\u00e4nsningar. Produkten \u00e4r tillverkad av material av h\u00f6gsta kvalitet som \u00e4r [&hellip;]<\/p>\n","protected":false},"featured_media":0,"comment_status":"open","ping_status":"closed","template":"","meta":[],"product_brand":[],"product_cat":[33],"product_tag":[],"class_list":{"0":"post-17586","1":"product","2":"type-product","3":"status-publish","5":"product_cat-okategoriserad","7":"first","8":"instock","9":"shipping-taxable","10":"purchasable","11":"product-type-simple"},"_links":{"self":[{"href":"https:\/\/nordicmart.andreevmaster.com\/sv\/wp-json\/wp\/v2\/product\/17586","targetHints":{"allow":["GET"]}}],"collection":[{"href":"https:\/\/nordicmart.andreevmaster.com\/sv\/wp-json\/wp\/v2\/product"}],"about":[{"href":"https:\/\/nordicmart.andreevmaster.com\/sv\/wp-json\/wp\/v2\/types\/product"}],"replies":[{"embeddable":true,"href":"https:\/\/nordicmart.andreevmaster.com\/sv\/wp-json\/wp\/v2\/comments?post=17586"}],"wp:attachment":[{"href":"https:\/\/nordicmart.andreevmaster.com\/sv\/wp-json\/wp\/v2\/media?parent=17586"}],"wp:term":[{"taxonomy":"product_brand","embeddable":true,"href":"https:\/\/nordicmart.andreevmaster.com\/sv\/wp-json\/wp\/v2\/product_brand?post=17586"},{"taxonomy":"product_cat","embeddable":true,"href":"https:\/\/nordicmart.andreevmaster.com\/sv\/wp-json\/wp\/v2\/product_cat?post=17586"},{"taxonomy":"product_tag","embeddable":true,"href":"https:\/\/nordicmart.andreevmaster.com\/sv\/wp-json\/wp\/v2\/product_tag?post=17586"}],"curies":[{"name":"wp","href":"https:\/\/api.w.org\/{rel}","templated":true}]}}