{"id":17585,"date":"2026-02-27T00:35:42","date_gmt":"2026-02-27T00:35:42","guid":{"rendered":"https:\/\/nordicmart.andreevmaster.com\/product\/woopie-farmer-gotrac-pedaltraktor-traktor-tysta-hjul\/"},"modified":"2026-02-27T08:25:12","modified_gmt":"2026-02-27T08:25:12","slug":"woopie-farmer-gotrac-pedaltraktor-traktor-tysta-hjul","status":"publish","type":"product","link":"https:\/\/nordicmart.andreevmaster.com\/sv\/produkt\/woopie-farmer-gotrac-pedaltraktor-traktor-tysta-hjul\/","title":{"rendered":"WOOPIE Farmer GoTrac Pedaltraktor Traktor Tysta hjul"},"content":{"rendered":"<p>Den gr\u00f6na pedaltraktorn \u00e4r den perfekta leksaken f\u00f6r att b\u00f6rja ditt \u00e4ventyr med pedaldrivna fordon. Produkten \u00e4r tillverkad av h\u00f6gkvalitativa, milj\u00f6v\u00e4nliga material och \u00e4r helt s\u00e4ker f\u00f6r ditt barns h\u00e4lsa. Pedaltraktorn \u00e4r den perfekta presenten f\u00f6r alla barn. Traktorn har ett patenterat styrsystem som g\u00f6r den l\u00e4tt att k\u00f6ra \u00e4ven f\u00f6r de yngsta anv\u00e4ndarna.<br \/>\nEgenskaper:<br \/>\n* bekv\u00e4mt s\u00e4te med 6-stegs justering (fram-bak),<br \/>\n* ratt med tuta,<br \/>\n* kedjedrivning p\u00e5 bakhjulet s\u00e4kerst\u00e4ller komfort och smidighet under k\u00f6rning,<br \/>\n* fr\u00e4mre styraxel,<br \/>\n* dragkrok som g\u00f6r att du kan f\u00e4sta andra f\u00f6rem\u00e5l,<br \/>\n* produkten m\u00e5ste monteras,<br \/>\n* Produkten \u00e4r tillverkad av milj\u00f6v\u00e4nliga material av h\u00f6gsta kvalitet och \u00e4r helt s\u00e4ker f\u00f6r ditt barns h\u00e4lsa.<\/p>\n<p>Woopie-leksaker har ett m\u00e5l \u2013 att gl\u00e4dja barn! Bland sitt breda sortiment erbjuder Woopie karnevalskostymer och maskeraddr\u00e4kter f\u00f6r barn, samt h\u00e4ngande gungor, skumleksaker, olika tr\u00e4dg\u00e5rdsleksaker och mycket mer! L\u00e5t dig ryckas med av gl\u00e4djen \u2013 l\u00e5t dig ryckas med av Woopie!<\/p>\n","protected":false},"excerpt":{"rendered":"<p>Den gr\u00f6na pedaltraktorn \u00e4r den perfekta leksaken f\u00f6r att b\u00f6rja ditt \u00e4ventyr med pedaldrivna fordon. Produkten \u00e4r tillverkad av h\u00f6gkvalitativa, milj\u00f6v\u00e4nliga material och \u00e4r helt s\u00e4ker f\u00f6r ditt barns h\u00e4lsa. Pedaltraktorn \u00e4r den perfekta presenten f\u00f6r alla barn. Traktorn har ett patenterat styrsystem som g\u00f6r den l\u00e4tt att k\u00f6ra \u00e4ven f\u00f6r de yngsta anv\u00e4ndarna. Egenskaper: [&hellip;]<\/p>\n","protected":false},"featured_media":0,"comment_status":"open","ping_status":"closed","template":"","meta":[],"product_brand":[],"product_cat":[33],"product_tag":[],"class_list":{"0":"post-17585","1":"product","2":"type-product","3":"status-publish","5":"product_cat-okategoriserad","7":"first","8":"instock","9":"shipping-taxable","10":"purchasable","11":"product-type-simple"},"_links":{"self":[{"href":"https:\/\/nordicmart.andreevmaster.com\/sv\/wp-json\/wp\/v2\/product\/17585","targetHints":{"allow":["GET"]}}],"collection":[{"href":"https:\/\/nordicmart.andreevmaster.com\/sv\/wp-json\/wp\/v2\/product"}],"about":[{"href":"https:\/\/nordicmart.andreevmaster.com\/sv\/wp-json\/wp\/v2\/types\/product"}],"replies":[{"embeddable":true,"href":"https:\/\/nordicmart.andreevmaster.com\/sv\/wp-json\/wp\/v2\/comments?post=17585"}],"wp:attachment":[{"href":"https:\/\/nordicmart.andreevmaster.com\/sv\/wp-json\/wp\/v2\/media?parent=17585"}],"wp:term":[{"taxonomy":"product_brand","embeddable":true,"href":"https:\/\/nordicmart.andreevmaster.com\/sv\/wp-json\/wp\/v2\/product_brand?post=17585"},{"taxonomy":"product_cat","embeddable":true,"href":"https:\/\/nordicmart.andreevmaster.com\/sv\/wp-json\/wp\/v2\/product_cat?post=17585"},{"taxonomy":"product_tag","embeddable":true,"href":"https:\/\/nordicmart.andreevmaster.com\/sv\/wp-json\/wp\/v2\/product_tag?post=17585"}],"curies":[{"name":"wp","href":"https:\/\/api.w.org\/{rel}","templated":true}]}}