{"id":17584,"date":"2026-02-27T00:35:41","date_gmt":"2026-02-27T00:35:41","guid":{"rendered":"https:\/\/nordicmart.andreevmaster.com\/product\/woopie-farmer-gotrac-pedal-traktor-traktor-tysta-hjul\/"},"modified":"2026-02-27T08:25:12","modified_gmt":"2026-02-27T08:25:12","slug":"woopie-farmer-gotrac-pedal-traktor-traktor-tysta-hjul","status":"publish","type":"product","link":"https:\/\/nordicmart.andreevmaster.com\/sv\/produkt\/woopie-farmer-gotrac-pedal-traktor-traktor-tysta-hjul\/","title":{"rendered":"WOOPIE Farmer GoTrac Pedal Traktor Traktor Tysta hjul"},"content":{"rendered":"<p>Farmer GoTrac pedaltraktor \u00e4r den perfekta presenten till alla barn. Traktorn har ett patenterat styrsystem som g\u00f6r den l\u00e4tt att k\u00f6ra \u00e4ven f\u00f6r de yngsta anv\u00e4ndarna.<\/p>\n<p>Funktioner:<\/p>\n<p>* &#8211; bekv\u00e4mt s\u00e4te med 6-stegs justering (fram\u00e5t-bak\u00e5t)<br \/>\n* &#8211; ratt med tuta<br \/>\n* &#8211; kedjedrivning p\u00e5 bakhjulet garanterar komfort och smidighet under k\u00f6rning<br \/>\n* &#8211; fr\u00e4mre styraxel<br \/>\n* &#8211; dragkrok, som ocks\u00e5 g\u00f6r det m\u00f6jligt att f\u00e4sta andra f\u00f6rem\u00e5l<\/p>\n<p>Produkten \u00e4r tillverkad av milj\u00f6v\u00e4nliga material av h\u00f6gsta kvalitet och \u00e4r helt s\u00e4ker f\u00f6r ditt barns h\u00e4lsa.<\/p>\n<p>Produkten \u00e4r tillverkad av milj\u00f6v\u00e4nliga material av h\u00f6gsta kvalitet och \u00e4r helt s\u00e4ker f\u00f6r ditt barns h\u00e4lsa.<\/p>\n<p>Woopie \u00e4r en av Europas ledande tillverkare av plastleksaker. Woopies produkter s\u00e4ljs framg\u00e5ngsrikt p\u00e5 den inhemska marknaden och i hela Europa. Woopie-leksaker har ett m\u00e5l \u2013 att gl\u00e4dja barn! Bland sitt breda sortiment erbjuder Woopie karnevalskostymer och maskeraddr\u00e4kter f\u00f6r barn, samt h\u00e4ngande gungor, skumleksaker, olika typer av tr\u00e4dg\u00e5rdsleksaker och mycket mer! L\u00e5t dig ryckas med av gl\u00e4djen \u2013 l\u00e5t dig ryckas med av Woopie!<\/p>\n","protected":false},"excerpt":{"rendered":"<p>Farmer GoTrac pedaltraktor \u00e4r den perfekta presenten till alla barn. Traktorn har ett patenterat styrsystem som g\u00f6r den l\u00e4tt att k\u00f6ra \u00e4ven f\u00f6r de yngsta anv\u00e4ndarna. Funktioner: * &#8211; bekv\u00e4mt s\u00e4te med 6-stegs justering (fram\u00e5t-bak\u00e5t) * &#8211; ratt med tuta * &#8211; kedjedrivning p\u00e5 bakhjulet garanterar komfort och smidighet under k\u00f6rning * &#8211; fr\u00e4mre styraxel [&hellip;]<\/p>\n","protected":false},"featured_media":0,"comment_status":"open","ping_status":"closed","template":"","meta":[],"product_brand":[],"product_cat":[33],"product_tag":[],"class_list":{"0":"post-17584","1":"product","2":"type-product","3":"status-publish","5":"product_cat-okategoriserad","7":"first","8":"instock","9":"shipping-taxable","10":"purchasable","11":"product-type-simple"},"_links":{"self":[{"href":"https:\/\/nordicmart.andreevmaster.com\/sv\/wp-json\/wp\/v2\/product\/17584","targetHints":{"allow":["GET"]}}],"collection":[{"href":"https:\/\/nordicmart.andreevmaster.com\/sv\/wp-json\/wp\/v2\/product"}],"about":[{"href":"https:\/\/nordicmart.andreevmaster.com\/sv\/wp-json\/wp\/v2\/types\/product"}],"replies":[{"embeddable":true,"href":"https:\/\/nordicmart.andreevmaster.com\/sv\/wp-json\/wp\/v2\/comments?post=17584"}],"wp:attachment":[{"href":"https:\/\/nordicmart.andreevmaster.com\/sv\/wp-json\/wp\/v2\/media?parent=17584"}],"wp:term":[{"taxonomy":"product_brand","embeddable":true,"href":"https:\/\/nordicmart.andreevmaster.com\/sv\/wp-json\/wp\/v2\/product_brand?post=17584"},{"taxonomy":"product_cat","embeddable":true,"href":"https:\/\/nordicmart.andreevmaster.com\/sv\/wp-json\/wp\/v2\/product_cat?post=17584"},{"taxonomy":"product_tag","embeddable":true,"href":"https:\/\/nordicmart.andreevmaster.com\/sv\/wp-json\/wp\/v2\/product_tag?post=17584"}],"curies":[{"name":"wp","href":"https:\/\/api.w.org\/{rel}","templated":true}]}}