{"id":17582,"date":"2026-02-27T00:35:41","date_gmt":"2026-02-27T00:35:41","guid":{"rendered":"https:\/\/nordicmart.andreevmaster.com\/product\/woopie-farmer-powertrac-6v-batteridriven-traktor\/"},"modified":"2026-02-27T08:25:11","modified_gmt":"2026-02-27T08:25:11","slug":"woopie-farmer-powertrac-6v-batteridriven-traktor","status":"publish","type":"product","link":"https:\/\/nordicmart.andreevmaster.com\/sv\/produkt\/woopie-farmer-powertrac-6v-batteridriven-traktor\/","title":{"rendered":"WOOPIE Farmer PowerTrac 6V batteridriven traktor"},"content":{"rendered":"<p>Farmer PowerTrac batteridriven traktor \u00e4r den perfekta presenten f\u00f6r alla barn. Traktorn \u00e4r avsedd f\u00f6r barn fr\u00e5n 3 \u00e5r, \u00e4r mycket l\u00e4tt att styra och g\u00f6r det m\u00f6jligt \u00e4ven f\u00f6r de yngsta anv\u00e4ndarna att k\u00f6ra den med l\u00e4tthet. Produktens maximala lastkapacitet \u00e4r 50 kg. Traktorn har en fram\u00e5t- och backv\u00e4xel, vilket g\u00f6r k\u00f6rningen enklare, samt en signalhorn som anv\u00e4ndaren kan anv\u00e4nda f\u00f6r att avge ett ljudsignal. F\u00f6r s\u00e4kerhets skull har traktorn en automatisk broms som aktiveras s\u00e5 snart barnet tar bort foten fr\u00e5n gaspedalen. Traktorn har en 6 V-motor med bakre v\u00e4nsterhjulsdrift och kretsskydd mot \u00f6verhettning. M\u00f6jligheten till extern laddning (via batteriet) med en laddare \u00e4r utan tvekan en stor f\u00f6rdel med denna produkt. <\/p>\n<p>Funktioner: <\/p>\n<p>* Traktorn \u00e4r mycket l\u00e4tt att styra,<br \/>\n* Traktorn har en fram\u00e5t- och backv\u00e4xel,<br \/>\n* Traktorn har en signalhorn,<br \/>\n* F\u00f6r s\u00e4kerhets skull har traktorn en automatisk broms som aktiveras s\u00e5 snart barnet tar bort foten fr\u00e5n gaspedalen,<br \/>\n* Traktorn har en 6 V-motor med bakre v\u00e4nsterhjulsdrift och kretsskydd mot \u00f6verhettning,<br \/>\n* Kan laddas externt (via batteriet) med en laddare,<br \/>\n* Fr\u00e5n 3 \u00e5rs \u00e5lder.<\/p>\n","protected":false},"excerpt":{"rendered":"<p>Farmer PowerTrac batteridriven traktor \u00e4r den perfekta presenten f\u00f6r alla barn. Traktorn \u00e4r avsedd f\u00f6r barn fr\u00e5n 3 \u00e5r, \u00e4r mycket l\u00e4tt att styra och g\u00f6r det m\u00f6jligt \u00e4ven f\u00f6r de yngsta anv\u00e4ndarna att k\u00f6ra den med l\u00e4tthet. Produktens maximala lastkapacitet \u00e4r 50 kg. Traktorn har en fram\u00e5t- och backv\u00e4xel, vilket g\u00f6r k\u00f6rningen enklare, samt [&hellip;]<\/p>\n","protected":false},"featured_media":0,"comment_status":"open","ping_status":"closed","template":"","meta":[],"product_brand":[],"product_cat":[33],"product_tag":[],"class_list":{"0":"post-17582","1":"product","2":"type-product","3":"status-publish","5":"product_cat-okategoriserad","7":"first","8":"instock","9":"shipping-taxable","10":"purchasable","11":"product-type-simple"},"_links":{"self":[{"href":"https:\/\/nordicmart.andreevmaster.com\/sv\/wp-json\/wp\/v2\/product\/17582","targetHints":{"allow":["GET"]}}],"collection":[{"href":"https:\/\/nordicmart.andreevmaster.com\/sv\/wp-json\/wp\/v2\/product"}],"about":[{"href":"https:\/\/nordicmart.andreevmaster.com\/sv\/wp-json\/wp\/v2\/types\/product"}],"replies":[{"embeddable":true,"href":"https:\/\/nordicmart.andreevmaster.com\/sv\/wp-json\/wp\/v2\/comments?post=17582"}],"wp:attachment":[{"href":"https:\/\/nordicmart.andreevmaster.com\/sv\/wp-json\/wp\/v2\/media?parent=17582"}],"wp:term":[{"taxonomy":"product_brand","embeddable":true,"href":"https:\/\/nordicmart.andreevmaster.com\/sv\/wp-json\/wp\/v2\/product_brand?post=17582"},{"taxonomy":"product_cat","embeddable":true,"href":"https:\/\/nordicmart.andreevmaster.com\/sv\/wp-json\/wp\/v2\/product_cat?post=17582"},{"taxonomy":"product_tag","embeddable":true,"href":"https:\/\/nordicmart.andreevmaster.com\/sv\/wp-json\/wp\/v2\/product_tag?post=17582"}],"curies":[{"name":"wp","href":"https:\/\/api.w.org\/{rel}","templated":true}]}}