{"id":17581,"date":"2026-02-27T00:35:40","date_gmt":"2026-02-27T00:35:40","guid":{"rendered":"https:\/\/nordicmart.andreevmaster.com\/product\/rolly-toys-metalltrille-gron\/"},"modified":"2026-02-27T08:25:11","modified_gmt":"2026-02-27T08:25:11","slug":"rolly-toys-metalltrille-gron","status":"publish","type":"product","link":"https:\/\/nordicmart.andreevmaster.com\/sv\/produkt\/rolly-toys-metalltrille-gron\/","title":{"rendered":"Rolly Toys Metalltrille Gr\u00f6n"},"content":{"rendered":"<p>Den gr\u00f6na trillen fr\u00e5n Rolly Toys \u00e4r den perfekta presenten till en liten tr\u00e4dg\u00e5rdsm\u00e4stare! Den g\u00f6r att ditt barn kan delta aktivt i tr\u00e4dg\u00e5rdsarbetet och samtidigt ha roligt. Trillen g\u00f6r inte bara att de kan umg\u00e5s med sina upptagna f\u00f6r\u00e4ldrar, utan utvecklar ocks\u00e5 deras ansvarsk\u00e4nsla och vilja att hj\u00e4lpa till. Det \u00e4r ett utm\u00e4rkt s\u00e4tt att tillbringa tid tillsammans utomhus. <\/p>\n<p>EGENSKAPER:<\/p>\n<p>&#8211; helt tillverkad av metall, vilket g\u00f6r den mycket h\u00e5llbar &#8211; lastkapacitet 25 kg &#8211; v\u00e4der- och UV-best\u00e4ndigt material &#8211; f\u00e4rgglad och attraktiv design som uppmuntrar barn att leka och sticker ut fr\u00e5n andra tr\u00e4dg\u00e5rdsleksaker.<\/p>\n","protected":false},"excerpt":{"rendered":"<p>Den gr\u00f6na trillen fr\u00e5n Rolly Toys \u00e4r den perfekta presenten till en liten tr\u00e4dg\u00e5rdsm\u00e4stare! Den g\u00f6r att ditt barn kan delta aktivt i tr\u00e4dg\u00e5rdsarbetet och samtidigt ha roligt. Trillen g\u00f6r inte bara att de kan umg\u00e5s med sina upptagna f\u00f6r\u00e4ldrar, utan utvecklar ocks\u00e5 deras ansvarsk\u00e4nsla och vilja att hj\u00e4lpa till. Det \u00e4r ett utm\u00e4rkt s\u00e4tt [&hellip;]<\/p>\n","protected":false},"featured_media":0,"comment_status":"open","ping_status":"closed","template":"","meta":[],"product_brand":[],"product_cat":[33],"product_tag":[],"class_list":{"0":"post-17581","1":"product","2":"type-product","3":"status-publish","5":"product_cat-okategoriserad","7":"first","8":"instock","9":"shipping-taxable","10":"purchasable","11":"product-type-simple"},"_links":{"self":[{"href":"https:\/\/nordicmart.andreevmaster.com\/sv\/wp-json\/wp\/v2\/product\/17581","targetHints":{"allow":["GET"]}}],"collection":[{"href":"https:\/\/nordicmart.andreevmaster.com\/sv\/wp-json\/wp\/v2\/product"}],"about":[{"href":"https:\/\/nordicmart.andreevmaster.com\/sv\/wp-json\/wp\/v2\/types\/product"}],"replies":[{"embeddable":true,"href":"https:\/\/nordicmart.andreevmaster.com\/sv\/wp-json\/wp\/v2\/comments?post=17581"}],"wp:attachment":[{"href":"https:\/\/nordicmart.andreevmaster.com\/sv\/wp-json\/wp\/v2\/media?parent=17581"}],"wp:term":[{"taxonomy":"product_brand","embeddable":true,"href":"https:\/\/nordicmart.andreevmaster.com\/sv\/wp-json\/wp\/v2\/product_brand?post=17581"},{"taxonomy":"product_cat","embeddable":true,"href":"https:\/\/nordicmart.andreevmaster.com\/sv\/wp-json\/wp\/v2\/product_cat?post=17581"},{"taxonomy":"product_tag","embeddable":true,"href":"https:\/\/nordicmart.andreevmaster.com\/sv\/wp-json\/wp\/v2\/product_tag?post=17581"}],"curies":[{"name":"wp","href":"https:\/\/api.w.org\/{rel}","templated":true}]}}