{"id":17580,"date":"2026-02-27T00:35:40","date_gmt":"2026-02-27T00:35:40","guid":{"rendered":"https:\/\/nordicmart.andreevmaster.com\/product\/rolly-toys-tvahjulig-metallskarra-for-barn-i-tradgarden\/"},"modified":"2026-02-27T08:25:11","modified_gmt":"2026-02-27T08:25:11","slug":"rolly-toys-tvahjulig-metallskarra-for-barn-i-tradgarden","status":"publish","type":"product","link":"https:\/\/nordicmart.andreevmaster.com\/sv\/produkt\/rolly-toys-tvahjulig-metallskarra-for-barn-i-tradgarden\/","title":{"rendered":"Rolly Toys Tv\u00e5hjulig Metallsk\u00e4rra f\u00f6r Barn i Tr\u00e4dg\u00e5rden"},"content":{"rendered":"<p>En underbar present f\u00f6r en liten tr\u00e4dg\u00e5rdsm\u00e4stare. Nu kan ditt barn hj\u00e4lpa till med tr\u00e4dg\u00e5rdsarbetet samtidigt som det har j\u00e4tteroligt. Leksaken kommer att inspirera till m\u00e5nga nya lekscenarier, samtidigt som den ger f\u00f6r\u00e4ldrarna m\u00f6jlighet att tillbringa mer tid med sitt barn! Dessutom, tack vare den stadiga konstruktionen, t\u00e5l skottk\u00e4rran upp till 25 kg.<\/p>\n<p>Funktioner:<\/p>\n<p>&#8211; Ett fantastiskt till\u00e4gg till ett tr\u00e4dg\u00e5rdsf\u00f6rr\u00e5d eller sandl\u00e5da. &#8211; Skottk\u00e4rran har en lastkapacitet p\u00e5 25 kg. &#8211; Lastutrymme och ram i metall. &#8211; V\u00e4derbest\u00e4ndig och UV-best\u00e4ndig plast. &#8211; 2 hjul ger skottk\u00e4rran \u00f6kad stabilitet.<\/p>\n","protected":false},"excerpt":{"rendered":"<p>En underbar present f\u00f6r en liten tr\u00e4dg\u00e5rdsm\u00e4stare. Nu kan ditt barn hj\u00e4lpa till med tr\u00e4dg\u00e5rdsarbetet samtidigt som det har j\u00e4tteroligt. Leksaken kommer att inspirera till m\u00e5nga nya lekscenarier, samtidigt som den ger f\u00f6r\u00e4ldrarna m\u00f6jlighet att tillbringa mer tid med sitt barn! Dessutom, tack vare den stadiga konstruktionen, t\u00e5l skottk\u00e4rran upp till 25 kg. Funktioner: &#8211; [&hellip;]<\/p>\n","protected":false},"featured_media":0,"comment_status":"open","ping_status":"closed","template":"","meta":[],"product_brand":[],"product_cat":[33],"product_tag":[],"class_list":{"0":"post-17580","1":"product","2":"type-product","3":"status-publish","5":"product_cat-okategoriserad","7":"first","8":"instock","9":"shipping-taxable","10":"purchasable","11":"product-type-simple"},"_links":{"self":[{"href":"https:\/\/nordicmart.andreevmaster.com\/sv\/wp-json\/wp\/v2\/product\/17580","targetHints":{"allow":["GET"]}}],"collection":[{"href":"https:\/\/nordicmart.andreevmaster.com\/sv\/wp-json\/wp\/v2\/product"}],"about":[{"href":"https:\/\/nordicmart.andreevmaster.com\/sv\/wp-json\/wp\/v2\/types\/product"}],"replies":[{"embeddable":true,"href":"https:\/\/nordicmart.andreevmaster.com\/sv\/wp-json\/wp\/v2\/comments?post=17580"}],"wp:attachment":[{"href":"https:\/\/nordicmart.andreevmaster.com\/sv\/wp-json\/wp\/v2\/media?parent=17580"}],"wp:term":[{"taxonomy":"product_brand","embeddable":true,"href":"https:\/\/nordicmart.andreevmaster.com\/sv\/wp-json\/wp\/v2\/product_brand?post=17580"},{"taxonomy":"product_cat","embeddable":true,"href":"https:\/\/nordicmart.andreevmaster.com\/sv\/wp-json\/wp\/v2\/product_cat?post=17580"},{"taxonomy":"product_tag","embeddable":true,"href":"https:\/\/nordicmart.andreevmaster.com\/sv\/wp-json\/wp\/v2\/product_tag?post=17580"}],"curies":[{"name":"wp","href":"https:\/\/api.w.org\/{rel}","templated":true}]}}