{"id":17579,"date":"2026-02-27T00:35:40","date_gmt":"2026-02-27T00:35:40","guid":{"rendered":"https:\/\/nordicmart.andreevmaster.com\/product\/rolly-toys-rollymetallschubkarre-cat-metallskottkarra-for-barn\/"},"modified":"2026-02-27T08:25:11","modified_gmt":"2026-02-27T08:25:11","slug":"rolly-toys-rollymetallschubkarre-cat-metallskottkarra-for-barn","status":"publish","type":"product","link":"https:\/\/nordicmart.andreevmaster.com\/sv\/produkt\/rolly-toys-rollymetallschubkarre-cat-metallskottkarra-for-barn\/","title":{"rendered":"Rolly Toys rollyMetallschubkarre CAT &#8211; Metallskottk\u00e4rra f\u00f6r barn"},"content":{"rendered":"<p>Denna metallskottk\u00e4rra f\u00f6r barn, licensierad av CAT och tillverkad av Rolly Toys, en renommerad tillverkare av barnfordon, \u00e4r perfekt f\u00f6r lek utomhus. En underbar present till en liten tr\u00e4dg\u00e5rdsm\u00e4stare. Nu kan ditt barn hj\u00e4lpa till med tr\u00e4dg\u00e5rdsarbetet. Roligt som f\u00f6renar upptagna f\u00f6r\u00e4ldrar i tr\u00e4dg\u00e5rden och deras lilla hj\u00e4lpreda. Tack vare sin h\u00e5llbarhet kan skottk\u00e4rran b\u00e4ra upp till 25 kg!<\/p>\n<p>EGENSKAPER:<\/p>\n<p>&#8211; Leksak f\u00f6r barn fr\u00e5n 2 \u00e5r &#8211; Ett utm\u00e4rkt tillskott till tr\u00e4dg\u00e5rdsskjulet eller sandl\u00e5dan. &#8211; Skottk\u00e4rran har en lastkapacitet p\u00e5 25 kg. &#8211; Lastl\u00e5da och ram i metall. &#8211; V\u00e4der- och UV-best\u00e4ndig plast.<\/p>\n","protected":false},"excerpt":{"rendered":"<p>Denna metallskottk\u00e4rra f\u00f6r barn, licensierad av CAT och tillverkad av Rolly Toys, en renommerad tillverkare av barnfordon, \u00e4r perfekt f\u00f6r lek utomhus. En underbar present till en liten tr\u00e4dg\u00e5rdsm\u00e4stare. Nu kan ditt barn hj\u00e4lpa till med tr\u00e4dg\u00e5rdsarbetet. Roligt som f\u00f6renar upptagna f\u00f6r\u00e4ldrar i tr\u00e4dg\u00e5rden och deras lilla hj\u00e4lpreda. Tack vare sin h\u00e5llbarhet kan skottk\u00e4rran b\u00e4ra [&hellip;]<\/p>\n","protected":false},"featured_media":0,"comment_status":"open","ping_status":"closed","template":"","meta":[],"product_brand":[],"product_cat":[33],"product_tag":[],"class_list":{"0":"post-17579","1":"product","2":"type-product","3":"status-publish","5":"product_cat-okategoriserad","7":"first","8":"instock","9":"shipping-taxable","10":"purchasable","11":"product-type-simple"},"_links":{"self":[{"href":"https:\/\/nordicmart.andreevmaster.com\/sv\/wp-json\/wp\/v2\/product\/17579","targetHints":{"allow":["GET"]}}],"collection":[{"href":"https:\/\/nordicmart.andreevmaster.com\/sv\/wp-json\/wp\/v2\/product"}],"about":[{"href":"https:\/\/nordicmart.andreevmaster.com\/sv\/wp-json\/wp\/v2\/types\/product"}],"replies":[{"embeddable":true,"href":"https:\/\/nordicmart.andreevmaster.com\/sv\/wp-json\/wp\/v2\/comments?post=17579"}],"wp:attachment":[{"href":"https:\/\/nordicmart.andreevmaster.com\/sv\/wp-json\/wp\/v2\/media?parent=17579"}],"wp:term":[{"taxonomy":"product_brand","embeddable":true,"href":"https:\/\/nordicmart.andreevmaster.com\/sv\/wp-json\/wp\/v2\/product_brand?post=17579"},{"taxonomy":"product_cat","embeddable":true,"href":"https:\/\/nordicmart.andreevmaster.com\/sv\/wp-json\/wp\/v2\/product_cat?post=17579"},{"taxonomy":"product_tag","embeddable":true,"href":"https:\/\/nordicmart.andreevmaster.com\/sv\/wp-json\/wp\/v2\/product_tag?post=17579"}],"curies":[{"name":"wp","href":"https:\/\/api.w.org\/{rel}","templated":true}]}}