{"id":17577,"date":"2026-02-27T00:35:39","date_gmt":"2026-02-27T00:35:39","guid":{"rendered":"https:\/\/nordicmart.andreevmaster.com\/product\/rod-metallskottkarra-for-barn-fran-rolly-toys\/"},"modified":"2026-02-27T08:25:10","modified_gmt":"2026-02-27T08:25:10","slug":"rod-metallskottkarra-for-barn-fran-rolly-toys","status":"publish","type":"product","link":"https:\/\/nordicmart.andreevmaster.com\/sv\/produkt\/rod-metallskottkarra-for-barn-fran-rolly-toys\/","title":{"rendered":"R\u00f6d metallskottk\u00e4rra f\u00f6r barn fr\u00e5n Rolly Toys"},"content":{"rendered":"<p>En underbar present till en liten tr\u00e4dg\u00e5rdsm\u00e4stare. Nu kan ditt barn hj\u00e4lpa till med tr\u00e4dg\u00e5rdsarbetet. Roligt som f\u00f6renar upptagna f\u00f6r\u00e4ldrar i tr\u00e4dg\u00e5rden och deras lilla hj\u00e4lpreda.* &#8211; helt tillverkad av metall, vilket g\u00f6r den mycket h\u00e5llbar,<br \/>\n* &#8211; lastkapacitet 25 kg,<br \/>\n* &#8211; v\u00e4der- och UV-best\u00e4ndigt material,<br \/>\n* &#8211; produktm\u00e5tt: 80 x 41 x 38 (cm),<br \/>\n* &#8211; f\u00f6rpackningsm\u00e5tt: 49,5 x 38,0 x 13,0 (cm).<\/p>\n<p>Detta \u00e4r en h\u00f6gkvalitativ, original tysk produkt som kommer att tj\u00e4na dina barn i m\u00e5nga \u00e5r.<\/p>\n","protected":false},"excerpt":{"rendered":"<p>En underbar present till en liten tr\u00e4dg\u00e5rdsm\u00e4stare. Nu kan ditt barn hj\u00e4lpa till med tr\u00e4dg\u00e5rdsarbetet. Roligt som f\u00f6renar upptagna f\u00f6r\u00e4ldrar i tr\u00e4dg\u00e5rden och deras lilla hj\u00e4lpreda.* &#8211; helt tillverkad av metall, vilket g\u00f6r den mycket h\u00e5llbar, * &#8211; lastkapacitet 25 kg, * &#8211; v\u00e4der- och UV-best\u00e4ndigt material, * &#8211; produktm\u00e5tt: 80 x 41 x 38 [&hellip;]<\/p>\n","protected":false},"featured_media":0,"comment_status":"open","ping_status":"closed","template":"","meta":[],"product_brand":[],"product_cat":[33],"product_tag":[],"class_list":{"0":"post-17577","1":"product","2":"type-product","3":"status-publish","5":"product_cat-okategoriserad","7":"first","8":"instock","9":"shipping-taxable","10":"purchasable","11":"product-type-simple"},"_links":{"self":[{"href":"https:\/\/nordicmart.andreevmaster.com\/sv\/wp-json\/wp\/v2\/product\/17577","targetHints":{"allow":["GET"]}}],"collection":[{"href":"https:\/\/nordicmart.andreevmaster.com\/sv\/wp-json\/wp\/v2\/product"}],"about":[{"href":"https:\/\/nordicmart.andreevmaster.com\/sv\/wp-json\/wp\/v2\/types\/product"}],"replies":[{"embeddable":true,"href":"https:\/\/nordicmart.andreevmaster.com\/sv\/wp-json\/wp\/v2\/comments?post=17577"}],"wp:attachment":[{"href":"https:\/\/nordicmart.andreevmaster.com\/sv\/wp-json\/wp\/v2\/media?parent=17577"}],"wp:term":[{"taxonomy":"product_brand","embeddable":true,"href":"https:\/\/nordicmart.andreevmaster.com\/sv\/wp-json\/wp\/v2\/product_brand?post=17577"},{"taxonomy":"product_cat","embeddable":true,"href":"https:\/\/nordicmart.andreevmaster.com\/sv\/wp-json\/wp\/v2\/product_cat?post=17577"},{"taxonomy":"product_tag","embeddable":true,"href":"https:\/\/nordicmart.andreevmaster.com\/sv\/wp-json\/wp\/v2\/product_tag?post=17577"}],"curies":[{"name":"wp","href":"https:\/\/api.w.org\/{rel}","templated":true}]}}