{"id":17576,"date":"2026-02-27T00:35:39","date_gmt":"2026-02-27T00:35:39","guid":{"rendered":"https:\/\/nordicmart.andreevmaster.com\/product\/figur-saint-michael-som-bekampar-draken-polyresin-mc-23146\/"},"modified":"2026-02-27T08:25:10","modified_gmt":"2026-02-27T08:25:10","slug":"figur-saint-michael-som-bekampar-draken-polyresin-mc-23146","status":"publish","type":"product","link":"https:\/\/nordicmart.andreevmaster.com\/sv\/produkt\/figur-saint-michael-som-bekampar-draken-polyresin-mc-23146\/","title":{"rendered":"Figur Saint Michael som bek\u00e4mpar draken \u2013 polyresin \u2013 MC-23146"},"content":{"rendered":"<p>Figur av Sankt Mikael som bek\u00e4mpar draken \u2013 polyresin \u2013 MC-23146&nbsp;&nbsp;\u00c4rke\u00e4ngeln Mikael \u00e4r den mytiska f\u00f6rsvararen av himlen, ledare f\u00f6r \u00e4nglarnas arm\u00e9 och segrare \u00f6ver Satan. Figuren i polyresin visar honom med ett sv\u00e4rd medan han bek\u00e4mpar helvetets furste, personifierad av en drake.&nbsp;&nbsp;Produktinformation:&nbsp;M\u00e5tt: h\u00f6jd 13,5 cm x bredd 12 cm x djup 6 cmMaterial: polyresinSolidt hantverk: Polyresin \u00e4r ett h\u00e5llbart material som \u00e4r motst\u00e5ndskraftigt mot skador.Symbol f\u00f6r hopp: Figuren av Sankt Mikael \u00e4r en p\u00e5minnelse om att det goda alltid segrar.Perfekt present: perfekt presentid\u00e9 till dig sj\u00e4lv eller en n\u00e4ra och k\u00e4r.&nbsp;<\/p>\n","protected":false},"excerpt":{"rendered":"<p>Figur av Sankt Mikael som bek\u00e4mpar draken \u2013 polyresin \u2013 MC-23146&nbsp;&nbsp;\u00c4rke\u00e4ngeln Mikael \u00e4r den mytiska f\u00f6rsvararen av himlen, ledare f\u00f6r \u00e4nglarnas arm\u00e9 och segrare \u00f6ver Satan. Figuren i polyresin visar honom med ett sv\u00e4rd medan han bek\u00e4mpar helvetets furste, personifierad av en drake.&nbsp;&nbsp;Produktinformation:&nbsp;M\u00e5tt: h\u00f6jd 13,5 cm x bredd 12 cm x djup 6 cmMaterial: polyresinSolidt [&hellip;]<\/p>\n","protected":false},"featured_media":44929,"comment_status":"open","ping_status":"closed","template":"","meta":[],"product_brand":[],"product_cat":[33],"product_tag":[],"class_list":{"0":"post-17576","1":"product","2":"type-product","3":"status-publish","4":"has-post-thumbnail","6":"product_cat-okategoriserad","8":"first","9":"instock","10":"shipping-taxable","11":"purchasable","12":"product-type-simple"},"_links":{"self":[{"href":"https:\/\/nordicmart.andreevmaster.com\/sv\/wp-json\/wp\/v2\/product\/17576","targetHints":{"allow":["GET"]}}],"collection":[{"href":"https:\/\/nordicmart.andreevmaster.com\/sv\/wp-json\/wp\/v2\/product"}],"about":[{"href":"https:\/\/nordicmart.andreevmaster.com\/sv\/wp-json\/wp\/v2\/types\/product"}],"replies":[{"embeddable":true,"href":"https:\/\/nordicmart.andreevmaster.com\/sv\/wp-json\/wp\/v2\/comments?post=17576"}],"wp:featuredmedia":[{"embeddable":true,"href":"https:\/\/nordicmart.andreevmaster.com\/sv\/wp-json\/wp\/v2\/media\/44929"}],"wp:attachment":[{"href":"https:\/\/nordicmart.andreevmaster.com\/sv\/wp-json\/wp\/v2\/media?parent=17576"}],"wp:term":[{"taxonomy":"product_brand","embeddable":true,"href":"https:\/\/nordicmart.andreevmaster.com\/sv\/wp-json\/wp\/v2\/product_brand?post=17576"},{"taxonomy":"product_cat","embeddable":true,"href":"https:\/\/nordicmart.andreevmaster.com\/sv\/wp-json\/wp\/v2\/product_cat?post=17576"},{"taxonomy":"product_tag","embeddable":true,"href":"https:\/\/nordicmart.andreevmaster.com\/sv\/wp-json\/wp\/v2\/product_tag?post=17576"}],"curies":[{"name":"wp","href":"https:\/\/api.w.org\/{rel}","templated":true}]}}