{"id":17575,"date":"2026-02-27T00:35:39","date_gmt":"2026-02-27T00:35:39","guid":{"rendered":"https:\/\/nordicmart.andreevmaster.com\/product\/viking-dekorativ-figur-hojd-205-cm-mc-23143\/"},"modified":"2026-02-27T08:25:10","modified_gmt":"2026-02-27T08:25:10","slug":"viking-dekorativ-figur-hojd-205-cm-mc-23143","status":"publish","type":"product","link":"https:\/\/nordicmart.andreevmaster.com\/sv\/produkt\/viking-dekorativ-figur-hojd-205-cm-mc-23143\/","title":{"rendered":"Viking \u2013 Dekorativ figur \u2013 H\u00f6jd 20,5 cm \u2013 MC-23143"},"content":{"rendered":"<p>Viking &#8211; Dekorativ figur &#8211; H\u00f6jd 20,5 cm &#8211; MC-23143&nbsp;&nbsp;Figuren f\u00f6rest\u00e4ller en kraftfull viking med en karakteristisk hj\u00e4lm, som h\u00f6jer sitt sv\u00e4rd \u00f6ver huvudet i en stridsst\u00e4llning.&nbsp;Den \u00e4r en perfekt present f\u00f6r alla som \u00e4lskar historia, nordisk mytologi och unika dekorationer inspirerade av vikingakulturen.&nbsp;Tillverkad av h\u00f6gkvalitativ polyresin. &nbsp;Vikingarna var or\u00e4dda sj\u00f6m\u00e4n och krigare som str\u00f6vade omkring i Europa under 800- till 1100-talet, er\u00f6vrade nya landomr\u00e5den och ingav respekt med sitt mod. De symboliserar styrka, beslutsamhet och \u00e4ventyrslust.&nbsp;&nbsp;Produktinformation:&nbsp;M\u00e5tt: H\u00f6jd 20,5 cm x Bredd 13 cm x L\u00e4ngd 8 cm.Material: polyresinPerfekt presentid\u00e9 f\u00f6r historie\u00e4lskare&nbsp;<\/p>\n","protected":false},"excerpt":{"rendered":"<p>Viking &#8211; Dekorativ figur &#8211; H\u00f6jd 20,5 cm &#8211; MC-23143&nbsp;&nbsp;Figuren f\u00f6rest\u00e4ller en kraftfull viking med en karakteristisk hj\u00e4lm, som h\u00f6jer sitt sv\u00e4rd \u00f6ver huvudet i en stridsst\u00e4llning.&nbsp;Den \u00e4r en perfekt present f\u00f6r alla som \u00e4lskar historia, nordisk mytologi och unika dekorationer inspirerade av vikingakulturen.&nbsp;Tillverkad av h\u00f6gkvalitativ polyresin. &nbsp;Vikingarna var or\u00e4dda sj\u00f6m\u00e4n och krigare som str\u00f6vade [&hellip;]<\/p>\n","protected":false},"featured_media":44928,"comment_status":"open","ping_status":"closed","template":"","meta":[],"product_brand":[],"product_cat":[33],"product_tag":[],"class_list":{"0":"post-17575","1":"product","2":"type-product","3":"status-publish","4":"has-post-thumbnail","6":"product_cat-okategoriserad","8":"first","9":"instock","10":"shipping-taxable","11":"purchasable","12":"product-type-simple"},"_links":{"self":[{"href":"https:\/\/nordicmart.andreevmaster.com\/sv\/wp-json\/wp\/v2\/product\/17575","targetHints":{"allow":["GET"]}}],"collection":[{"href":"https:\/\/nordicmart.andreevmaster.com\/sv\/wp-json\/wp\/v2\/product"}],"about":[{"href":"https:\/\/nordicmart.andreevmaster.com\/sv\/wp-json\/wp\/v2\/types\/product"}],"replies":[{"embeddable":true,"href":"https:\/\/nordicmart.andreevmaster.com\/sv\/wp-json\/wp\/v2\/comments?post=17575"}],"wp:featuredmedia":[{"embeddable":true,"href":"https:\/\/nordicmart.andreevmaster.com\/sv\/wp-json\/wp\/v2\/media\/44928"}],"wp:attachment":[{"href":"https:\/\/nordicmart.andreevmaster.com\/sv\/wp-json\/wp\/v2\/media?parent=17575"}],"wp:term":[{"taxonomy":"product_brand","embeddable":true,"href":"https:\/\/nordicmart.andreevmaster.com\/sv\/wp-json\/wp\/v2\/product_brand?post=17575"},{"taxonomy":"product_cat","embeddable":true,"href":"https:\/\/nordicmart.andreevmaster.com\/sv\/wp-json\/wp\/v2\/product_cat?post=17575"},{"taxonomy":"product_tag","embeddable":true,"href":"https:\/\/nordicmart.andreevmaster.com\/sv\/wp-json\/wp\/v2\/product_tag?post=17575"}],"curies":[{"name":"wp","href":"https:\/\/api.w.org\/{rel}","templated":true}]}}