{"id":17574,"date":"2026-02-27T00:35:38","date_gmt":"2026-02-27T00:35:38","guid":{"rendered":"https:\/\/nordicmart.andreevmaster.com\/product\/viking-dekorativ-figur-mc-23142\/"},"modified":"2026-02-27T08:25:09","modified_gmt":"2026-02-27T08:25:09","slug":"viking-dekorativ-figur-mc-23142","status":"publish","type":"product","link":"https:\/\/nordicmart.andreevmaster.com\/sv\/produkt\/viking-dekorativ-figur-mc-23142\/","title":{"rendered":"Viking &#8211; Dekorativ figur &#8211; MC-23142"},"content":{"rendered":"<p>Viking &#8211; Dekorativ figur &#8211; MC-23142&nbsp;&nbsp;Figuren f\u00f6rest\u00e4ller en vikingakrigare p\u00e5 jakt. Den \u00e4r en perfekt present f\u00f6r dig som \u00e4lskar historia, nordisk mytologi och originella dekorationer.&nbsp;Vikingafiguren \u00e4r tillverkad av h\u00f6gkvalitativ polyresin och imponerar med sin detaljrikedom. Dess m\u00f6rka f\u00e4rger och detaljerade finish passar perfekt i moderna eller loftiga inredningar.&nbsp;&nbsp;Produktinformation:&nbsp;M\u00e5tt: h\u00f6jd 19,5 cm, bredd 15 cm, djup 7 cm.Vikt: 0,45 kgMaterial: polyresinPerfekt presentid\u00e9&nbsp;<\/p>\n","protected":false},"excerpt":{"rendered":"<p>Viking &#8211; Dekorativ figur &#8211; MC-23142&nbsp;&nbsp;Figuren f\u00f6rest\u00e4ller en vikingakrigare p\u00e5 jakt. Den \u00e4r en perfekt present f\u00f6r dig som \u00e4lskar historia, nordisk mytologi och originella dekorationer.&nbsp;Vikingafiguren \u00e4r tillverkad av h\u00f6gkvalitativ polyresin och imponerar med sin detaljrikedom. Dess m\u00f6rka f\u00e4rger och detaljerade finish passar perfekt i moderna eller loftiga inredningar.&nbsp;&nbsp;Produktinformation:&nbsp;M\u00e5tt: h\u00f6jd 19,5 cm, bredd 15 cm, [&hellip;]<\/p>\n","protected":false},"featured_media":44927,"comment_status":"open","ping_status":"closed","template":"","meta":[],"product_brand":[],"product_cat":[33],"product_tag":[],"class_list":{"0":"post-17574","1":"product","2":"type-product","3":"status-publish","4":"has-post-thumbnail","6":"product_cat-okategoriserad","8":"first","9":"instock","10":"shipping-taxable","11":"purchasable","12":"product-type-simple"},"_links":{"self":[{"href":"https:\/\/nordicmart.andreevmaster.com\/sv\/wp-json\/wp\/v2\/product\/17574","targetHints":{"allow":["GET"]}}],"collection":[{"href":"https:\/\/nordicmart.andreevmaster.com\/sv\/wp-json\/wp\/v2\/product"}],"about":[{"href":"https:\/\/nordicmart.andreevmaster.com\/sv\/wp-json\/wp\/v2\/types\/product"}],"replies":[{"embeddable":true,"href":"https:\/\/nordicmart.andreevmaster.com\/sv\/wp-json\/wp\/v2\/comments?post=17574"}],"wp:featuredmedia":[{"embeddable":true,"href":"https:\/\/nordicmart.andreevmaster.com\/sv\/wp-json\/wp\/v2\/media\/44927"}],"wp:attachment":[{"href":"https:\/\/nordicmart.andreevmaster.com\/sv\/wp-json\/wp\/v2\/media?parent=17574"}],"wp:term":[{"taxonomy":"product_brand","embeddable":true,"href":"https:\/\/nordicmart.andreevmaster.com\/sv\/wp-json\/wp\/v2\/product_brand?post=17574"},{"taxonomy":"product_cat","embeddable":true,"href":"https:\/\/nordicmart.andreevmaster.com\/sv\/wp-json\/wp\/v2\/product_cat?post=17574"},{"taxonomy":"product_tag","embeddable":true,"href":"https:\/\/nordicmart.andreevmaster.com\/sv\/wp-json\/wp\/v2\/product_tag?post=17574"}],"curies":[{"name":"wp","href":"https:\/\/api.w.org\/{rel}","templated":true}]}}