{"id":17573,"date":"2026-02-27T00:35:38","date_gmt":"2026-02-27T00:35:38","guid":{"rendered":"https:\/\/nordicmart.andreevmaster.com\/product\/korsfararriddarefigur-185-cm-polyresin-mc-23133\/"},"modified":"2026-02-27T08:25:09","modified_gmt":"2026-02-27T08:25:09","slug":"korsfararriddarefigur-185-cm-polyresin-mc-23133","status":"publish","type":"product","link":"https:\/\/nordicmart.andreevmaster.com\/sv\/produkt\/korsfararriddarefigur-185-cm-polyresin-mc-23133\/","title":{"rendered":"Korsfararriddarefigur 18,5 cm \u2013 Polyresin \u2013 MC-23133"},"content":{"rendered":"<p>Korsfararriddarefigur 18,5 cm \u2013 Polyresin \u2013 MC-23133&nbsp;Figur f\u00f6rest\u00e4llande en korsfararriddare bev\u00e4pnad med sk\u00f6ld och yxa. Perfekt dekoration f\u00f6r arbetsrum, vardagsrum, bibliotek eller som present till en historia-, militaria- eller medeltidsentusiast.&nbsp;Produktinformation:&nbsp;H\u00f6jd: 18,5 cm Bredd: 10 cm Djup: 7,5 cmMaterial: polyresinHandm\u00e5lad \u2013 unikt utseende och omsorg om detaljerStiliserad som en riddare av korsfararordenStabil bas&nbsp;Perfekt som present:&nbsp;till en samlare av historiska figurer till en fan av medeltiden och Tempelherreorden som inredningsdetalj i klassisk eller fantasystil till f\u00f6delsedag, namnsdag, fars dag<\/p>\n","protected":false},"excerpt":{"rendered":"<p>Korsfararriddarefigur 18,5 cm \u2013 Polyresin \u2013 MC-23133&nbsp;Figur f\u00f6rest\u00e4llande en korsfararriddare bev\u00e4pnad med sk\u00f6ld och yxa. Perfekt dekoration f\u00f6r arbetsrum, vardagsrum, bibliotek eller som present till en historia-, militaria- eller medeltidsentusiast.&nbsp;Produktinformation:&nbsp;H\u00f6jd: 18,5 cm Bredd: 10 cm Djup: 7,5 cmMaterial: polyresinHandm\u00e5lad \u2013 unikt utseende och omsorg om detaljerStiliserad som en riddare av korsfararordenStabil bas&nbsp;Perfekt som present:&nbsp;till en [&hellip;]<\/p>\n","protected":false},"featured_media":44926,"comment_status":"open","ping_status":"closed","template":"","meta":[],"product_brand":[],"product_cat":[33],"product_tag":[],"class_list":{"0":"post-17573","1":"product","2":"type-product","3":"status-publish","4":"has-post-thumbnail","6":"product_cat-okategoriserad","8":"first","9":"instock","10":"shipping-taxable","11":"purchasable","12":"product-type-simple"},"_links":{"self":[{"href":"https:\/\/nordicmart.andreevmaster.com\/sv\/wp-json\/wp\/v2\/product\/17573","targetHints":{"allow":["GET"]}}],"collection":[{"href":"https:\/\/nordicmart.andreevmaster.com\/sv\/wp-json\/wp\/v2\/product"}],"about":[{"href":"https:\/\/nordicmart.andreevmaster.com\/sv\/wp-json\/wp\/v2\/types\/product"}],"replies":[{"embeddable":true,"href":"https:\/\/nordicmart.andreevmaster.com\/sv\/wp-json\/wp\/v2\/comments?post=17573"}],"wp:featuredmedia":[{"embeddable":true,"href":"https:\/\/nordicmart.andreevmaster.com\/sv\/wp-json\/wp\/v2\/media\/44926"}],"wp:attachment":[{"href":"https:\/\/nordicmart.andreevmaster.com\/sv\/wp-json\/wp\/v2\/media?parent=17573"}],"wp:term":[{"taxonomy":"product_brand","embeddable":true,"href":"https:\/\/nordicmart.andreevmaster.com\/sv\/wp-json\/wp\/v2\/product_brand?post=17573"},{"taxonomy":"product_cat","embeddable":true,"href":"https:\/\/nordicmart.andreevmaster.com\/sv\/wp-json\/wp\/v2\/product_cat?post=17573"},{"taxonomy":"product_tag","embeddable":true,"href":"https:\/\/nordicmart.andreevmaster.com\/sv\/wp-json\/wp\/v2\/product_tag?post=17573"}],"curies":[{"name":"wp","href":"https:\/\/api.w.org\/{rel}","templated":true}]}}