{"id":17572,"date":"2026-02-27T00:35:38","date_gmt":"2026-02-27T00:35:38","guid":{"rendered":"https:\/\/nordicmart.andreevmaster.com\/product\/riddarfigur-med-spjut-hojd-20-cm-polyresin-mc-23080\/"},"modified":"2026-02-27T08:25:09","modified_gmt":"2026-02-27T08:25:09","slug":"riddarfigur-med-spjut-hojd-20-cm-polyresin-mc-23080","status":"publish","type":"product","link":"https:\/\/nordicmart.andreevmaster.com\/sv\/produkt\/riddarfigur-med-spjut-hojd-20-cm-polyresin-mc-23080\/","title":{"rendered":"Riddarfigur med spjut \u2013 H\u00f6jd 20 cm Polyresin \u2013 MC-23080"},"content":{"rendered":"<p>Riddarstatyett med spjut \u2013 H\u00f6jd 20 cm Polyresin \u2013 MC-23080&nbsp;&nbsp;Dekorativ statyett f\u00f6rest\u00e4llande en medeltida riddare med spjut och sk\u00f6ld. Produkten \u00e4r tillverkad av h\u00e5llbart polyresin och har en h\u00f6g detaljrikedom och en klassisk f\u00e4rgskala som imiterar en metallisk yta. Figuren \u00e4r handm\u00e5lad, vilket framh\u00e4ver dess dekorativa karakt\u00e4r.&nbsp;Perfekt som inredningsdetalj, temag\u00e5va eller tillskott till en samling av milit\u00e4ra och medeltida repliker.&nbsp;Tekniska specifikationer:&nbsp;Material: PolyresinH\u00f6jd: 20 cmBredd: 8 cmDjup: 7 cmHandm\u00e5lad&nbsp;Viktiga egenskaper:&nbsp;Handm\u00e5lad design som framh\u00e4ver figurens unika karakt\u00e4rRobust konstruktionDekorativ form inspirerad av historiska temanSkyddande f\u00f6rpackning som garanterar s\u00e4ker transport&nbsp;<\/p>\n","protected":false},"excerpt":{"rendered":"<p>Riddarstatyett med spjut \u2013 H\u00f6jd 20 cm Polyresin \u2013 MC-23080&nbsp;&nbsp;Dekorativ statyett f\u00f6rest\u00e4llande en medeltida riddare med spjut och sk\u00f6ld. Produkten \u00e4r tillverkad av h\u00e5llbart polyresin och har en h\u00f6g detaljrikedom och en klassisk f\u00e4rgskala som imiterar en metallisk yta. Figuren \u00e4r handm\u00e5lad, vilket framh\u00e4ver dess dekorativa karakt\u00e4r.&nbsp;Perfekt som inredningsdetalj, temag\u00e5va eller tillskott till en samling [&hellip;]<\/p>\n","protected":false},"featured_media":44925,"comment_status":"open","ping_status":"closed","template":"","meta":[],"product_brand":[],"product_cat":[33],"product_tag":[],"class_list":{"0":"post-17572","1":"product","2":"type-product","3":"status-publish","4":"has-post-thumbnail","6":"product_cat-okategoriserad","8":"first","9":"instock","10":"shipping-taxable","11":"purchasable","12":"product-type-simple"},"_links":{"self":[{"href":"https:\/\/nordicmart.andreevmaster.com\/sv\/wp-json\/wp\/v2\/product\/17572","targetHints":{"allow":["GET"]}}],"collection":[{"href":"https:\/\/nordicmart.andreevmaster.com\/sv\/wp-json\/wp\/v2\/product"}],"about":[{"href":"https:\/\/nordicmart.andreevmaster.com\/sv\/wp-json\/wp\/v2\/types\/product"}],"replies":[{"embeddable":true,"href":"https:\/\/nordicmart.andreevmaster.com\/sv\/wp-json\/wp\/v2\/comments?post=17572"}],"wp:featuredmedia":[{"embeddable":true,"href":"https:\/\/nordicmart.andreevmaster.com\/sv\/wp-json\/wp\/v2\/media\/44925"}],"wp:attachment":[{"href":"https:\/\/nordicmart.andreevmaster.com\/sv\/wp-json\/wp\/v2\/media?parent=17572"}],"wp:term":[{"taxonomy":"product_brand","embeddable":true,"href":"https:\/\/nordicmart.andreevmaster.com\/sv\/wp-json\/wp\/v2\/product_brand?post=17572"},{"taxonomy":"product_cat","embeddable":true,"href":"https:\/\/nordicmart.andreevmaster.com\/sv\/wp-json\/wp\/v2\/product_cat?post=17572"},{"taxonomy":"product_tag","embeddable":true,"href":"https:\/\/nordicmart.andreevmaster.com\/sv\/wp-json\/wp\/v2\/product_tag?post=17572"}],"curies":[{"name":"wp","href":"https:\/\/api.w.org\/{rel}","templated":true}]}}