{"id":17571,"date":"2026-02-27T00:35:38","date_gmt":"2026-02-27T00:35:38","guid":{"rendered":"https:\/\/nordicmart.andreevmaster.com\/product\/nyckelring-massingsvissla-kr64\/"},"modified":"2026-02-27T08:25:09","modified_gmt":"2026-02-27T08:25:09","slug":"nyckelring-massingsvissla-kr64","status":"publish","type":"product","link":"https:\/\/nordicmart.andreevmaster.com\/sv\/produkt\/nyckelring-massingsvissla-kr64\/","title":{"rendered":"Nyckelring \u2013 M\u00e4ssingsvissla \u2013 KR64"},"content":{"rendered":"<p>Nyckelring \u2013 M\u00e4ssingsvissla \u2013 KR64&nbsp;&nbsp;&nbsp;Nyckelring med vissla i m\u00e4ssing. Med hj\u00e4lp av en f\u00e4ste kan den f\u00e4stas p\u00e5 nycklarna eller h\u00e4ngas p\u00e5 en kedja. Det \u00e4r en liten men anv\u00e4ndbar pryl f\u00f6r en polis, \u00f6verlevnadsen entusiast eller hundtr\u00e4nare.&nbsp;&nbsp;Produktinformation: &nbsp;Material: m\u00e4ssingF\u00e4ste: karbinhakeF\u00e4rg: guldM\u00e5tt: l\u00e4ngd: 6,5 cm, diameter: 1,6 cm&nbsp;<\/p>\n","protected":false},"excerpt":{"rendered":"<p>Nyckelring \u2013 M\u00e4ssingsvissla \u2013 KR64&nbsp;&nbsp;&nbsp;Nyckelring med vissla i m\u00e4ssing. Med hj\u00e4lp av en f\u00e4ste kan den f\u00e4stas p\u00e5 nycklarna eller h\u00e4ngas p\u00e5 en kedja. Det \u00e4r en liten men anv\u00e4ndbar pryl f\u00f6r en polis, \u00f6verlevnadsen entusiast eller hundtr\u00e4nare.&nbsp;&nbsp;Produktinformation: &nbsp;Material: m\u00e4ssingF\u00e4ste: karbinhakeF\u00e4rg: guldM\u00e5tt: l\u00e4ngd: 6,5 cm, diameter: 1,6 cm&nbsp;<\/p>\n","protected":false},"featured_media":44924,"comment_status":"open","ping_status":"closed","template":"","meta":[],"product_brand":[],"product_cat":[33],"product_tag":[],"class_list":{"0":"post-17571","1":"product","2":"type-product","3":"status-publish","4":"has-post-thumbnail","6":"product_cat-okategoriserad","8":"first","9":"instock","10":"shipping-taxable","11":"purchasable","12":"product-type-simple"},"_links":{"self":[{"href":"https:\/\/nordicmart.andreevmaster.com\/sv\/wp-json\/wp\/v2\/product\/17571","targetHints":{"allow":["GET"]}}],"collection":[{"href":"https:\/\/nordicmart.andreevmaster.com\/sv\/wp-json\/wp\/v2\/product"}],"about":[{"href":"https:\/\/nordicmart.andreevmaster.com\/sv\/wp-json\/wp\/v2\/types\/product"}],"replies":[{"embeddable":true,"href":"https:\/\/nordicmart.andreevmaster.com\/sv\/wp-json\/wp\/v2\/comments?post=17571"}],"wp:featuredmedia":[{"embeddable":true,"href":"https:\/\/nordicmart.andreevmaster.com\/sv\/wp-json\/wp\/v2\/media\/44924"}],"wp:attachment":[{"href":"https:\/\/nordicmart.andreevmaster.com\/sv\/wp-json\/wp\/v2\/media?parent=17571"}],"wp:term":[{"taxonomy":"product_brand","embeddable":true,"href":"https:\/\/nordicmart.andreevmaster.com\/sv\/wp-json\/wp\/v2\/product_brand?post=17571"},{"taxonomy":"product_cat","embeddable":true,"href":"https:\/\/nordicmart.andreevmaster.com\/sv\/wp-json\/wp\/v2\/product_cat?post=17571"},{"taxonomy":"product_tag","embeddable":true,"href":"https:\/\/nordicmart.andreevmaster.com\/sv\/wp-json\/wp\/v2\/product_tag?post=17571"}],"curies":[{"name":"wp","href":"https:\/\/api.w.org\/{rel}","templated":true}]}}