{"id":17570,"date":"2026-02-27T00:35:37","date_gmt":"2026-02-27T00:35:37","guid":{"rendered":"https:\/\/nordicmart.andreevmaster.com\/product\/nyckelring-i-massing-kompass-i-tralada-med-glaslock-kr30\/"},"modified":"2026-02-27T08:25:09","modified_gmt":"2026-02-27T08:25:09","slug":"nyckelring-i-massing-kompass-i-tralada-med-glaslock-kr30","status":"publish","type":"product","link":"https:\/\/nordicmart.andreevmaster.com\/sv\/produkt\/nyckelring-i-massing-kompass-i-tralada-med-glaslock-kr30\/","title":{"rendered":"Nyckelring i m\u00e4ssing \u2013 kompass i tr\u00e4l\u00e5da med glaslock \u2013 KR30"},"content":{"rendered":"<p>Nyckelring i m\u00e4ssing \u2013 kompass i tr\u00e4l\u00e5da med glaslock \u2013 KR30&nbsp;&nbsp;&nbsp;Kompassnyckelringen \u00e4r en anv\u00e4ndbar present till den som gillar nautiska detaljer, \u00e4r scout eller resen\u00e4r. Den klassiska tr\u00e4l\u00e5dan med glaslock g\u00f6r att nyckelringen kan f\u00f6rvaras s\u00e4kert och elegant. Denna blandning av funktionalitet och elegans g\u00f6r den till en utm\u00e4rkt id\u00e9 f\u00f6r en ovanlig present.&nbsp;&nbsp;&nbsp;Produktinformation:&nbsp;Kompassens diameter: 3,5 cmMaterial: m\u00e4ssingF\u00e4rg p\u00e5 urtavlan: svartF\u00e4stning: karbinhake Tr\u00e4l\u00e5da med glaslock&nbsp;<\/p>\n","protected":false},"excerpt":{"rendered":"<p>Nyckelring i m\u00e4ssing \u2013 kompass i tr\u00e4l\u00e5da med glaslock \u2013 KR30&nbsp;&nbsp;&nbsp;Kompassnyckelringen \u00e4r en anv\u00e4ndbar present till den som gillar nautiska detaljer, \u00e4r scout eller resen\u00e4r. Den klassiska tr\u00e4l\u00e5dan med glaslock g\u00f6r att nyckelringen kan f\u00f6rvaras s\u00e4kert och elegant. Denna blandning av funktionalitet och elegans g\u00f6r den till en utm\u00e4rkt id\u00e9 f\u00f6r en ovanlig present.&nbsp;&nbsp;&nbsp;Produktinformation:&nbsp;Kompassens diameter: [&hellip;]<\/p>\n","protected":false},"featured_media":44923,"comment_status":"open","ping_status":"closed","template":"","meta":[],"product_brand":[],"product_cat":[33],"product_tag":[],"class_list":{"0":"post-17570","1":"product","2":"type-product","3":"status-publish","4":"has-post-thumbnail","6":"product_cat-okategoriserad","8":"first","9":"instock","10":"shipping-taxable","11":"purchasable","12":"product-type-simple"},"_links":{"self":[{"href":"https:\/\/nordicmart.andreevmaster.com\/sv\/wp-json\/wp\/v2\/product\/17570","targetHints":{"allow":["GET"]}}],"collection":[{"href":"https:\/\/nordicmart.andreevmaster.com\/sv\/wp-json\/wp\/v2\/product"}],"about":[{"href":"https:\/\/nordicmart.andreevmaster.com\/sv\/wp-json\/wp\/v2\/types\/product"}],"replies":[{"embeddable":true,"href":"https:\/\/nordicmart.andreevmaster.com\/sv\/wp-json\/wp\/v2\/comments?post=17570"}],"wp:featuredmedia":[{"embeddable":true,"href":"https:\/\/nordicmart.andreevmaster.com\/sv\/wp-json\/wp\/v2\/media\/44923"}],"wp:attachment":[{"href":"https:\/\/nordicmart.andreevmaster.com\/sv\/wp-json\/wp\/v2\/media?parent=17570"}],"wp:term":[{"taxonomy":"product_brand","embeddable":true,"href":"https:\/\/nordicmart.andreevmaster.com\/sv\/wp-json\/wp\/v2\/product_brand?post=17570"},{"taxonomy":"product_cat","embeddable":true,"href":"https:\/\/nordicmart.andreevmaster.com\/sv\/wp-json\/wp\/v2\/product_cat?post=17570"},{"taxonomy":"product_tag","embeddable":true,"href":"https:\/\/nordicmart.andreevmaster.com\/sv\/wp-json\/wp\/v2\/product_tag?post=17570"}],"curies":[{"name":"wp","href":"https:\/\/api.w.org\/{rel}","templated":true}]}}