{"id":17569,"date":"2026-02-27T00:35:37","date_gmt":"2026-02-27T00:35:37","guid":{"rendered":"https:\/\/nordicmart.andreevmaster.com\/product\/hastsko-av-massing-7-cm-hs3\/"},"modified":"2026-02-27T08:25:08","modified_gmt":"2026-02-27T08:25:08","slug":"hastsko-av-massing-7-cm-hs3","status":"publish","type":"product","link":"https:\/\/nordicmart.andreevmaster.com\/sv\/produkt\/hastsko-av-massing-7-cm-hs3\/","title":{"rendered":"H\u00e4stsko av m\u00e4ssing 7 cm \u2013 HS3"},"content":{"rendered":"<p>H\u00e4stsko av m\u00e4ssing 7 cm \u2013 HS3&nbsp;&nbsp;&nbsp;Elegant h\u00e4stsko av m\u00e4ssing. P\u00e5 h\u00e4stskon finns en inskription p\u00e5 engelska: Good Luck.&nbsp;H\u00e4stskon \u00e4r en mycket k\u00e4nd symbol som bringar lycka. Idag h\u00e4ngs h\u00e4stskor i form av ett &quot;U&quot;, s\u00e4rskilt p\u00e5 d\u00f6rren, s\u00e5 att lyckan stannar inne och inte faller ut. Denna eleganta h\u00e4stsko \u00e4r inte bara en charmig inredningsdetalj, utan ocks\u00e5 en symbolisk gest f\u00f6r att \u00f6nska lycka till. &nbsp;&nbsp;&nbsp;Produktinformation:&nbsp;M\u00e5tt: 7 cmMaterial: m\u00e4ssingSymbol f\u00f6r lycka&nbsp;<\/p>\n","protected":false},"excerpt":{"rendered":"<p>H\u00e4stsko av m\u00e4ssing 7 cm \u2013 HS3&nbsp;&nbsp;&nbsp;Elegant h\u00e4stsko av m\u00e4ssing. P\u00e5 h\u00e4stskon finns en inskription p\u00e5 engelska: Good Luck.&nbsp;H\u00e4stskon \u00e4r en mycket k\u00e4nd symbol som bringar lycka. Idag h\u00e4ngs h\u00e4stskor i form av ett &quot;U&quot;, s\u00e4rskilt p\u00e5 d\u00f6rren, s\u00e5 att lyckan stannar inne och inte faller ut. Denna eleganta h\u00e4stsko \u00e4r inte bara en charmig [&hellip;]<\/p>\n","protected":false},"featured_media":44922,"comment_status":"open","ping_status":"closed","template":"","meta":[],"product_brand":[],"product_cat":[33],"product_tag":[],"class_list":{"0":"post-17569","1":"product","2":"type-product","3":"status-publish","4":"has-post-thumbnail","6":"product_cat-okategoriserad","8":"first","9":"instock","10":"shipping-taxable","11":"purchasable","12":"product-type-simple"},"_links":{"self":[{"href":"https:\/\/nordicmart.andreevmaster.com\/sv\/wp-json\/wp\/v2\/product\/17569","targetHints":{"allow":["GET"]}}],"collection":[{"href":"https:\/\/nordicmart.andreevmaster.com\/sv\/wp-json\/wp\/v2\/product"}],"about":[{"href":"https:\/\/nordicmart.andreevmaster.com\/sv\/wp-json\/wp\/v2\/types\/product"}],"replies":[{"embeddable":true,"href":"https:\/\/nordicmart.andreevmaster.com\/sv\/wp-json\/wp\/v2\/comments?post=17569"}],"wp:featuredmedia":[{"embeddable":true,"href":"https:\/\/nordicmart.andreevmaster.com\/sv\/wp-json\/wp\/v2\/media\/44922"}],"wp:attachment":[{"href":"https:\/\/nordicmart.andreevmaster.com\/sv\/wp-json\/wp\/v2\/media?parent=17569"}],"wp:term":[{"taxonomy":"product_brand","embeddable":true,"href":"https:\/\/nordicmart.andreevmaster.com\/sv\/wp-json\/wp\/v2\/product_brand?post=17569"},{"taxonomy":"product_cat","embeddable":true,"href":"https:\/\/nordicmart.andreevmaster.com\/sv\/wp-json\/wp\/v2\/product_cat?post=17569"},{"taxonomy":"product_tag","embeddable":true,"href":"https:\/\/nordicmart.andreevmaster.com\/sv\/wp-json\/wp\/v2\/product_tag?post=17569"}],"curies":[{"name":"wp","href":"https:\/\/api.w.org\/{rel}","templated":true}]}}