{"id":17568,"date":"2026-02-27T00:35:37","date_gmt":"2026-02-27T00:35:37","guid":{"rendered":"https:\/\/nordicmart.andreevmaster.com\/product\/kapselpistol-pa-trastall-replika-fran-1700-talet-154s\/"},"modified":"2026-02-27T08:25:08","modified_gmt":"2026-02-27T08:25:08","slug":"kapselpistol-pa-trastall-replika-fran-1700-talet-154s","status":"publish","type":"product","link":"https:\/\/nordicmart.andreevmaster.com\/sv\/produkt\/kapselpistol-pa-trastall-replika-fran-1700-talet-154s\/","title":{"rendered":"Kapselpistol p\u00e5 tr\u00e4st\u00e4ll \u2013 Replika fr\u00e5n 1700-talet \u2013 154S"},"content":{"rendered":"<p>Kapselpistol p\u00e5 tr\u00e4st\u00e4ll \u2013 Replika fr\u00e5n 1700-talet \u2013 154S&nbsp;&nbsp;&nbsp;&nbsp;Replika av en kapselpistol fr\u00e5n 1700-talet p\u00e5 ett tr\u00e4st\u00e4ll. Den presenterade replikan \u00e5terspeglar originalet mycket noggrant. Helt tillverkad av metall och tr\u00e4. Metallfinish och pipa gjuten med ornament som \u00e4r karakteristiska f\u00f6r epoken.&nbsp;&nbsp;Satsen inneh\u00e5ller \u00e4ven ett elegant tr\u00e4st\u00e4ll p\u00e5 vilket pistolen kan placeras. Detta g\u00f6r produkten till en unik inredningsdetalj.&nbsp;&nbsp;En utm\u00e4rkt id\u00e9 f\u00f6r en unik present till en man, en historie\u00e4lskare eller en vapensamlare. Tack vare sitt vackra hantverk passar den ocks\u00e5 utm\u00e4rkt som inredningsdetalj f\u00f6r att ge en ovanlig touch. Kapselpistolen var ett definitivt genombrott i vapentillverkningens historia. Dess namn kommer fr\u00e5n mekanismen \u2013 rock lock, som revolutionerade skjutvapenhistorien och var en innovativ mekanism p\u00e5 sin tid. Rockpistoler k\u00e4nnetecknades av b\u00e5de h\u00f6g effektivitet och l\u00e5ng r\u00e4ckvidd (50 m). De spelade en nyckelroll i m\u00e5nga strider under 1600- och 1700-talen, inklusive strider i Indien, Storbritannien och Frankrike. F\u00f6rutom sin enkelhet k\u00e4nnetecknades rockpistoler av ett mycket attraktivt utseende. Ofta dekorerades denna typ av vapen f\u00f6r hand av olika hantverkare.&nbsp;&nbsp;Produktinformation: &nbsp;Vapnets m\u00e5tt: L\u00e4ngd: 38,5 cmStativets m\u00e5tt: 27 x 7 x 13 cmVikt: 600 gTillverkad med omsorg om minsta detalj.Rika dekorationerTroget \u00e5tergiven replika&nbsp;<\/p>\n","protected":false},"excerpt":{"rendered":"<p>Kapselpistol p\u00e5 tr\u00e4st\u00e4ll \u2013 Replika fr\u00e5n 1700-talet \u2013 154S&nbsp;&nbsp;&nbsp;&nbsp;Replika av en kapselpistol fr\u00e5n 1700-talet p\u00e5 ett tr\u00e4st\u00e4ll. Den presenterade replikan \u00e5terspeglar originalet mycket noggrant. Helt tillverkad av metall och tr\u00e4. Metallfinish och pipa gjuten med ornament som \u00e4r karakteristiska f\u00f6r epoken.&nbsp;&nbsp;Satsen inneh\u00e5ller \u00e4ven ett elegant tr\u00e4st\u00e4ll p\u00e5 vilket pistolen kan placeras. Detta g\u00f6r produkten till [&hellip;]<\/p>\n","protected":false},"featured_media":44921,"comment_status":"open","ping_status":"closed","template":"","meta":[],"product_brand":[],"product_cat":[33],"product_tag":[],"class_list":{"0":"post-17568","1":"product","2":"type-product","3":"status-publish","4":"has-post-thumbnail","6":"product_cat-okategoriserad","8":"first","9":"instock","10":"shipping-taxable","11":"purchasable","12":"product-type-simple"},"_links":{"self":[{"href":"https:\/\/nordicmart.andreevmaster.com\/sv\/wp-json\/wp\/v2\/product\/17568","targetHints":{"allow":["GET"]}}],"collection":[{"href":"https:\/\/nordicmart.andreevmaster.com\/sv\/wp-json\/wp\/v2\/product"}],"about":[{"href":"https:\/\/nordicmart.andreevmaster.com\/sv\/wp-json\/wp\/v2\/types\/product"}],"replies":[{"embeddable":true,"href":"https:\/\/nordicmart.andreevmaster.com\/sv\/wp-json\/wp\/v2\/comments?post=17568"}],"wp:featuredmedia":[{"embeddable":true,"href":"https:\/\/nordicmart.andreevmaster.com\/sv\/wp-json\/wp\/v2\/media\/44921"}],"wp:attachment":[{"href":"https:\/\/nordicmart.andreevmaster.com\/sv\/wp-json\/wp\/v2\/media?parent=17568"}],"wp:term":[{"taxonomy":"product_brand","embeddable":true,"href":"https:\/\/nordicmart.andreevmaster.com\/sv\/wp-json\/wp\/v2\/product_brand?post=17568"},{"taxonomy":"product_cat","embeddable":true,"href":"https:\/\/nordicmart.andreevmaster.com\/sv\/wp-json\/wp\/v2\/product_cat?post=17568"},{"taxonomy":"product_tag","embeddable":true,"href":"https:\/\/nordicmart.andreevmaster.com\/sv\/wp-json\/wp\/v2\/product_tag?post=17568"}],"curies":[{"name":"wp","href":"https:\/\/api.w.org\/{rel}","templated":true}]}}