{"id":17567,"date":"2026-02-27T00:35:36","date_gmt":"2026-02-27T00:35:36","guid":{"rendered":"https:\/\/nordicmart.andreevmaster.com\/product\/vaderstation-fischer-4673-22-001\/"},"modified":"2026-02-27T08:25:08","modified_gmt":"2026-02-27T08:25:08","slug":"vaderstation-fischer-4673-22-001","status":"publish","type":"product","link":"https:\/\/nordicmart.andreevmaster.com\/sv\/produkt\/vaderstation-fischer-4673-22-001\/","title":{"rendered":"V\u00e4derstation &#8211; Fischer &#8211; 4673-22-001"},"content":{"rendered":"<p>V\u00e4derstation &#8211; Fischer &#8211; 4673-22-001&nbsp;&nbsp;&nbsp;Den eleganta v\u00e4derstationen Fischer 4673-22-001 \u00e4r en kombination av funktionalitet och estetik som garanterat f\u00f6rh\u00f6jer alla interi\u00f6rer. Tre instrument \u2013 barometer, hygrometer och termometer.&nbsp;&nbsp;Instrumenten har exklusiva guldf\u00e4rgade m\u00e4ssingsramar, vilket ger v\u00e4derstationen en unik charm och klass. Den guldf\u00e4rgade ytan sm\u00e4lter perfekt in med den lackerade tr\u00e4basen i vacker mahognyf\u00e4rg, vilket ger hela v\u00e4derstationen ett elegant och traditionellt utseende. Den eleganta v\u00e4derstationen \u00e4r inte bara ett funktionellt verktyg, utan ocks\u00e5 en vacker dekoration som ger charm till din inredning. Den passar perfekt i traditionella och klassiska inredningar och ger dem en sofistikerad touch. Den \u00e4r ocks\u00e5 en perfekt presentid\u00e9.&nbsp;&nbsp;&nbsp;Produktinformation:&nbsp;M\u00e5tt: 55,5 x 16,5 cm&nbsp;&nbsp;M\u00e4tnoggrannhet:&nbsp;barometer \u00b1 2 hPahygrometer \u00b1 5 % r.h. (20 &#8230; 100 %), + 1 instrumentskala termometer \u00b1 1 K, + 1 instrumentskala&nbsp;<\/p>\n","protected":false},"excerpt":{"rendered":"<p>V\u00e4derstation &#8211; Fischer &#8211; 4673-22-001&nbsp;&nbsp;&nbsp;Den eleganta v\u00e4derstationen Fischer 4673-22-001 \u00e4r en kombination av funktionalitet och estetik som garanterat f\u00f6rh\u00f6jer alla interi\u00f6rer. Tre instrument \u2013 barometer, hygrometer och termometer.&nbsp;&nbsp;Instrumenten har exklusiva guldf\u00e4rgade m\u00e4ssingsramar, vilket ger v\u00e4derstationen en unik charm och klass. Den guldf\u00e4rgade ytan sm\u00e4lter perfekt in med den lackerade tr\u00e4basen i vacker mahognyf\u00e4rg, vilket ger [&hellip;]<\/p>\n","protected":false},"featured_media":44920,"comment_status":"open","ping_status":"closed","template":"","meta":[],"product_brand":[],"product_cat":[33],"product_tag":[],"class_list":{"0":"post-17567","1":"product","2":"type-product","3":"status-publish","4":"has-post-thumbnail","6":"product_cat-okategoriserad","8":"first","9":"instock","10":"shipping-taxable","11":"purchasable","12":"product-type-simple"},"_links":{"self":[{"href":"https:\/\/nordicmart.andreevmaster.com\/sv\/wp-json\/wp\/v2\/product\/17567","targetHints":{"allow":["GET"]}}],"collection":[{"href":"https:\/\/nordicmart.andreevmaster.com\/sv\/wp-json\/wp\/v2\/product"}],"about":[{"href":"https:\/\/nordicmart.andreevmaster.com\/sv\/wp-json\/wp\/v2\/types\/product"}],"replies":[{"embeddable":true,"href":"https:\/\/nordicmart.andreevmaster.com\/sv\/wp-json\/wp\/v2\/comments?post=17567"}],"wp:featuredmedia":[{"embeddable":true,"href":"https:\/\/nordicmart.andreevmaster.com\/sv\/wp-json\/wp\/v2\/media\/44920"}],"wp:attachment":[{"href":"https:\/\/nordicmart.andreevmaster.com\/sv\/wp-json\/wp\/v2\/media?parent=17567"}],"wp:term":[{"taxonomy":"product_brand","embeddable":true,"href":"https:\/\/nordicmart.andreevmaster.com\/sv\/wp-json\/wp\/v2\/product_brand?post=17567"},{"taxonomy":"product_cat","embeddable":true,"href":"https:\/\/nordicmart.andreevmaster.com\/sv\/wp-json\/wp\/v2\/product_cat?post=17567"},{"taxonomy":"product_tag","embeddable":true,"href":"https:\/\/nordicmart.andreevmaster.com\/sv\/wp-json\/wp\/v2\/product_tag?post=17567"}],"curies":[{"name":"wp","href":"https:\/\/api.w.org\/{rel}","templated":true}]}}