{"id":17566,"date":"2026-02-27T00:35:36","date_gmt":"2026-02-27T00:35:36","guid":{"rendered":"https:\/\/nordicmart.andreevmaster.com\/product\/vaderstation-fischer-9171-31\/"},"modified":"2026-02-27T08:25:08","modified_gmt":"2026-02-27T08:25:08","slug":"vaderstation-fischer-9171-31","status":"publish","type":"product","link":"https:\/\/nordicmart.andreevmaster.com\/sv\/produkt\/vaderstation-fischer-9171-31\/","title":{"rendered":"V\u00e4derstation Fischer 9171-31"},"content":{"rendered":"<p>V\u00e4derstation Fischer 9171-31&nbsp;Elegant, mycket noggrann v\u00e4derstation tillverkad av det tyska f\u00f6retaget Fischer. V\u00e4derstationen inneh\u00e5ller en barometer, hygrometer och termometer.Tack vare Fisher-v\u00e4derstationen kan du ha kontroll \u00f6ver mikroklimatet i ditt hem. Barometern g\u00f6r det m\u00f6jligt att observera tryckfall och tryckstegringar. Hygrometern visar luftfuktigheten i ditt hem och du kan avl\u00e4sa temperaturen p\u00e5 termometern. Allt detta i en mycket klassisk och elegant utg\u00e5va. Instrumenten i silverramar \u00e4r placerade p\u00e5 en m\u00f6rk tr\u00e4bas. Instrumentens vita urtavlor kontrasterar mot den m\u00f6rka fonten och de guldf\u00e4rgade ramarna. H\u00f6ljet till v\u00e4nster har mycket intressanta, geometriska dekorationer. Denna v\u00e4derstation f\u00f6r hemmet passar utm\u00e4rkt i rum inredda i engelsk, kontors- och kolonialstil. Produktinformation: M\u00e5tt: 34 x 15,5 cm Material: tr\u00e4, rostfritt st\u00e5l Noggrannhet f\u00f6r barometerm\u00e4tning: \u00b1 3 hPa Noggrannhet f\u00f6r hygrometerm\u00e4tning: \u00b1 5 % r.h. (20 &#8230; 100 %), +1 graderingsskala Noggrannhet f\u00f6r termometerm\u00e4tning: \u00b1 1 K&nbsp;&nbsp;Observera! Skalningen av barometern, termometern och hygrometern utf\u00f6rdes p\u00e5 fabriken. P\u00e5 grund av t.ex. kraftiga st\u00f6tar kan det dock bli n\u00f6dv\u00e4ndigt med en ny justering. F\u00f6r att g\u00f6ra detta, anv\u00e4nd en skruvmejsel och justera skruven p\u00e5 baksidan av enheten enligt anvisningarna i den medf\u00f6ljande bruksanvisningen. N\u00e4r det g\u00e4ller termometern kan den repareras genom att rycka kraftigt i kvicksilverpelaren flera g\u00e5nger om den har g\u00e5tt s\u00f6nder.<\/p>\n","protected":false},"excerpt":{"rendered":"<p>V\u00e4derstation Fischer 9171-31&nbsp;Elegant, mycket noggrann v\u00e4derstation tillverkad av det tyska f\u00f6retaget Fischer. V\u00e4derstationen inneh\u00e5ller en barometer, hygrometer och termometer.Tack vare Fisher-v\u00e4derstationen kan du ha kontroll \u00f6ver mikroklimatet i ditt hem. Barometern g\u00f6r det m\u00f6jligt att observera tryckfall och tryckstegringar. Hygrometern visar luftfuktigheten i ditt hem och du kan avl\u00e4sa temperaturen p\u00e5 termometern. Allt detta i [&hellip;]<\/p>\n","protected":false},"featured_media":44919,"comment_status":"open","ping_status":"closed","template":"","meta":[],"product_brand":[],"product_cat":[33],"product_tag":[],"class_list":{"0":"post-17566","1":"product","2":"type-product","3":"status-publish","4":"has-post-thumbnail","6":"product_cat-okategoriserad","8":"first","9":"instock","10":"shipping-taxable","11":"purchasable","12":"product-type-simple"},"_links":{"self":[{"href":"https:\/\/nordicmart.andreevmaster.com\/sv\/wp-json\/wp\/v2\/product\/17566","targetHints":{"allow":["GET"]}}],"collection":[{"href":"https:\/\/nordicmart.andreevmaster.com\/sv\/wp-json\/wp\/v2\/product"}],"about":[{"href":"https:\/\/nordicmart.andreevmaster.com\/sv\/wp-json\/wp\/v2\/types\/product"}],"replies":[{"embeddable":true,"href":"https:\/\/nordicmart.andreevmaster.com\/sv\/wp-json\/wp\/v2\/comments?post=17566"}],"wp:featuredmedia":[{"embeddable":true,"href":"https:\/\/nordicmart.andreevmaster.com\/sv\/wp-json\/wp\/v2\/media\/44919"}],"wp:attachment":[{"href":"https:\/\/nordicmart.andreevmaster.com\/sv\/wp-json\/wp\/v2\/media?parent=17566"}],"wp:term":[{"taxonomy":"product_brand","embeddable":true,"href":"https:\/\/nordicmart.andreevmaster.com\/sv\/wp-json\/wp\/v2\/product_brand?post=17566"},{"taxonomy":"product_cat","embeddable":true,"href":"https:\/\/nordicmart.andreevmaster.com\/sv\/wp-json\/wp\/v2\/product_cat?post=17566"},{"taxonomy":"product_tag","embeddable":true,"href":"https:\/\/nordicmart.andreevmaster.com\/sv\/wp-json\/wp\/v2\/product_tag?post=17566"}],"curies":[{"name":"wp","href":"https:\/\/api.w.org\/{rel}","templated":true}]}}